{"id":2650,"date":"2025-09-30T20:51:16","date_gmt":"2025-09-30T20:51:16","guid":{"rendered":"https:\/\/lightgray-crow-170497.hostingersite.com\/?post_type=product&#038;p=2650"},"modified":"2025-09-30T20:51:16","modified_gmt":"2025-09-30T20:51:16","slug":"herman-miller-siege-asari-dossier-haut","status":"publish","type":"product","link":"https:\/\/routinesfashione.com\/es\/produit\/herman-miller-siege-asari-dossier-haut\/","title":{"rendered":"Herman Miller Si\u00e8ge Asari\u2013 Dossier haut"},"content":{"rendered":"<p>Avec ses courbes douces et sa structure rembourr\u00e9e, le si\u00e8ge Asari par Herman Miller a une silhouette organique accueillante. Notre technologie ergonomique brevet\u00e9e, PostureFit, est int\u00e9gr\u00e9e au dossier du si\u00e8ge, qui soutient exceptionnellement bien les contours du bas du dos pour favoriser l&#8217;alignement naturel de la colonne vert\u00e9brale. D\u00e9couvrez la douceur des si\u00e8ges de bureau et personnalisez le v\u00f4tre gr\u00e2ce \u00e0 une gamme de cuirs et de tissus Maharam, con\u00e7us pour en faire un objet central, ou pour qu&#8217;il se fonde dans votre d\u00e9cor.<\/p>\n<p><strong>Caract\u00e9ristiques<\/strong><\/p>\n<ul>\n<li>Inspir\u00e9 des formes organiques inh\u00e9rentes \u00e0 la nature.<\/li>\n<li>Enti\u00e8rement recouvert de mousse profil\u00e9e pour minimiser les points de pression et apporter un soutien.<\/li>\n<li>La technologie PostureFit int\u00e9gr\u00e9e \u00e9pouse les lombaires pour un soutien complet de la colonne vert\u00e9brale.<\/li>\n<li>La bascule synchrone et ajustable permet un mouvement naturel.<\/li>\n<li>Hauteur de l&#8217;assise et des accoudoirs r\u00e9glable.\n<div class=\"col-smallest-6 col-medium-12\">\n<p>Dossier moyen: 960 x\u00a0756 x\u00a0756 mm<br \/>\nDossier haut: 1155\u00a0x\u00a0756\u00a0x\u00a0756\u00a0mm<\/p>\n<p><strong>Poids du produit<\/strong><\/p>\n<p>20 &#8211; 20,3 kg<\/p>\n<p><strong>Capacit\u00e9 maximale<\/strong><\/p>\n<p>158 kg<\/p>\n<\/div>\n<div class=\"col-smallest-6 col-medium-12\">\n<p><strong>Assemblage<\/strong><\/p>\n<p>Livr\u00e9 enti\u00e8rement assembl\u00e9<\/p>\n<p><strong>Garantie<\/strong><\/p>\n<p>12\u00a0ans<\/p>\n<\/div>\n<\/li>\n<\/ul>","protected":false},"excerpt":{"rendered":"<p>Avec ses courbes douces et sa structure rembourr\u00e9e, le si\u00e8ge Asari par Herman Miller a une silhouette organique accueillante. Notre<\/p>","protected":false},"featured_media":14788,"template":"","meta":[],"product_brand":[],"product_cat":[61],"product_tag":[],"product_country":[1503],"class_list":{"0":"post-2650","1":"product","2":"type-product","3":"status-publish","4":"has-post-thumbnail","6":"product_cat-sale-france","7":"product_country-france","9":"first","10":"instock","11":"sale","12":"taxable","13":"shipping-taxable","14":"purchasable","15":"product-type-simple"},"_links":{"self":[{"href":"https:\/\/routinesfashione.com\/es\/wp-json\/wp\/v2\/product\/2650","targetHints":{"allow":["GET"]}}],"collection":[{"href":"https:\/\/routinesfashione.com\/es\/wp-json\/wp\/v2\/product"}],"about":[{"href":"https:\/\/routinesfashione.com\/es\/wp-json\/wp\/v2\/types\/product"}],"wp:featuredmedia":[{"embeddable":true,"href":"https:\/\/routinesfashione.com\/es\/wp-json\/wp\/v2\/media\/14788"}],"wp:attachment":[{"href":"https:\/\/routinesfashione.com\/es\/wp-json\/wp\/v2\/media?parent=2650"}],"wp:term":[{"taxonomy":"product_brand","embeddable":true,"href":"https:\/\/routinesfashione.com\/es\/wp-json\/wp\/v2\/product_brand?post=2650"},{"taxonomy":"product_cat","embeddable":true,"href":"https:\/\/routinesfashione.com\/es\/wp-json\/wp\/v2\/product_cat?post=2650"},{"taxonomy":"product_tag","embeddable":true,"href":"https:\/\/routinesfashione.com\/es\/wp-json\/wp\/v2\/product_tag?post=2650"},{"taxonomy":"product_country","embeddable":true,"href":"https:\/\/routinesfashione.com\/es\/wp-json\/wp\/v2\/product_country?post=2650"}],"curies":[{"name":"wp","href":"https:\/\/api.w.org\/{rel}","templated":true}]}}