{"id":280,"date":"2025-09-30T20:55:52","date_gmt":"2025-09-30T20:55:52","guid":{"rendered":"https:\/\/lightgray-crow-170497.hostingersite.com\/?post_type=product&#038;p=280"},"modified":"2025-09-30T20:55:52","modified_gmt":"2025-09-30T20:55:52","slug":"makita-dlm465z-lxt-2x18-v-accu-grasmaaier-46-cm","status":"publish","type":"product","link":"https:\/\/routinesfashione.com\/es\/produit\/makita-dlm465z-lxt-2x18-v-accu-grasmaaier-46-cm\/","title":{"rendered":"Tondeuse \u00e0 gazon sans fil Makita DLM465Z LXT 2&#215;18 V 46 cm"},"content":{"rendered":"<h3 data-start=\"185\" data-end=\"213\">Description du produit<\/h3>\n<p data-start=\"214\" data-end=\"970\">La Makita DLM465Z est une tondeuse sans fil autopropuls\u00e9e puissante, con\u00e7ue pour les surfaces de gazon de taille moyenne \u00e0 grande. Elle fonctionne avec deux batteries 18 V Li-ion (soit 36 V au total) utilisant la plateforme LXT, mais elle peut accueillir jusqu\u2019\u00e0 quatre batteries pour prolonger l\u2019autonomie. Elle est dot\u00e9e d\u2019un ch\u00e2ssis en acier robuste, d\u2019un moteur brushless efficace, d\u2019un bac de ramassage g\u00e9n\u00e9reux, et propose trois modes de coupe : ramassage, mulching ou vent arri\u00e8re. Le r\u00e9glage de la hauteur de coupe est centralis\u00e9, avec dix positions allant du gazon ras aux herbes plus longues. Elle poss\u00e8de des roues de bon diam\u00e8tre, un mode \u201csilencieux\u201d pour l\u2019usage dans des zones sensibles au bruit, et des commandes simples depuis le guidon.<\/p>\n<hr data-start=\"972\" data-end=\"975\" \/>\n<h3 data-start=\"977\" data-end=\"1008\">Sp\u00e9cifications techniques<\/h3>\n<div class=\"_tableContainer_1rjym_1\">\n<div class=\"group _tableWrapper_1rjym_13 flex w-fit flex-col-reverse\" tabindex=\"-1\">\n<table class=\"w-fit min-w-(--thread-content-width)\" data-start=\"1010\" data-end=\"2096\">\n<thead data-start=\"1010\" data-end=\"1038\">\n<tr data-start=\"1010\" data-end=\"1038\">\n<th data-start=\"1010\" data-end=\"1028\" data-col-size=\"sm\">Caract\u00e9ristique<\/th>\n<th data-start=\"1028\" data-end=\"1038\" data-col-size=\"xl\">D\u00e9tail<\/th>\n<\/tr>\n<\/thead>\n<tbody data-start=\"1049\" data-end=\"2096\">\n<tr data-start=\"1049\" data-end=\"1068\">\n<td data-start=\"1049\" data-end=\"1058\" data-col-size=\"sm\">Marque<\/td>\n<td data-col-size=\"xl\" data-start=\"1058\" data-end=\"1068\">Makita<\/td>\n<\/tr>\n<tr data-start=\"1069\" data-end=\"1089\">\n<td data-start=\"1069\" data-end=\"1078\" data-col-size=\"sm\">Mod\u00e8le<\/td>\n<td data-start=\"1078\" data-end=\"1089\" data-col-size=\"xl\">DLM465Z<\/td>\n<\/tr>\n<tr data-start=\"1090\" data-end=\"1132\">\n<td data-start=\"1090\" data-end=\"1097\" data-col-size=\"sm\">Type<\/td>\n<td data-start=\"1097\" data-end=\"1132\" data-col-size=\"xl\">Tondeuse sans fil autopropuls\u00e9e<\/td>\n<\/tr>\n<tr data-start=\"1133\" data-end=\"1229\">\n<td data-start=\"1133\" data-end=\"1148\" data-col-size=\"sm\">Alimentation<\/td>\n<td data-start=\"1148\" data-end=\"1229\" data-col-size=\"xl\">2 \u00d7 18 V (36 V total), compatible avec 4 batteries pour une autonomie \u00e9tendue<\/td>\n<\/tr>\n<tr data-start=\"1230\" data-end=\"1266\">\n<td data-start=\"1230\" data-end=\"1239\" data-col-size=\"sm\">Moteur<\/td>\n<td data-start=\"1239\" data-end=\"1266\" data-col-size=\"xl\">Brushless (sans balais)<\/td>\n<\/tr>\n<tr data-start=\"1267\" data-end=\"1295\">\n<td data-start=\"1267\" data-end=\"1286\" data-col-size=\"sm\">Largeur de coupe<\/td>\n<td data-col-size=\"xl\" data-start=\"1286\" data-end=\"1295\">46 cm<\/td>\n<\/tr>\n<tr data-start=\"1296\" data-end=\"1367\">\n<td data-start=\"1296\" data-end=\"1315\" data-col-size=\"sm\">Hauteur de coupe<\/td>\n<td data-start=\"1315\" data-end=\"1367\" data-col-size=\"xl\">R\u00e9glage centralis\u00e9, 10 positions (\u2248 20 \u00e0 100 mm)<\/td>\n<\/tr>\n<tr data-start=\"1368\" data-end=\"1414\">\n<td data-start=\"1368\" data-end=\"1399\" data-col-size=\"sm\">Capacit\u00e9 du bac de ramassage<\/td>\n<td data-col-size=\"xl\" data-start=\"1399\" data-end=\"1414\">\u2248 60 litres<\/td>\n<\/tr>\n<tr data-start=\"1415\" data-end=\"1508\">\n<td data-start=\"1415\" data-end=\"1436\" data-col-size=\"sm\">Surface conseill\u00e9e<\/td>\n<td data-start=\"1436\" data-end=\"1508\" data-col-size=\"xl\">jusqu\u2019\u00e0 ~ 1 800 m\u00b2 selon \u00e9tat du gazon, hauteur, batteries utilis\u00e9es<\/td>\n<\/tr>\n<tr data-start=\"1509\" data-end=\"1603\">\n<td data-start=\"1509\" data-end=\"1529\" data-col-size=\"sm\">Autonomie estim\u00e9e<\/td>\n<td data-start=\"1529\" data-end=\"1603\" data-col-size=\"xl\">environ 50 minutes avec batteries de grande capacit\u00e9, selon conditions<\/td>\n<\/tr>\n<tr data-start=\"1604\" data-end=\"1649\">\n<td data-start=\"1604\" data-end=\"1629\" data-col-size=\"sm\">Vitesse de d\u00e9placement<\/td>\n<td data-start=\"1629\" data-end=\"1649\" data-col-size=\"xl\">\u2248 2,5 &#8211; 5,0 km\/h<\/td>\n<\/tr>\n<tr data-start=\"1650\" data-end=\"1698\">\n<td data-start=\"1650\" data-end=\"1658\" data-col-size=\"sm\">Roues<\/td>\n<td data-start=\"1658\" data-end=\"1698\" data-col-size=\"xl\">Avant et arri\u00e8re \u223c 23 cm de diam\u00e8tre<\/td>\n<\/tr>\n<tr data-start=\"1699\" data-end=\"1739\">\n<td data-start=\"1699\" data-end=\"1714\" data-col-size=\"sm\">Poids (EPTA)<\/td>\n<td data-col-size=\"xl\" data-start=\"1714\" data-end=\"1739\">entre 35,3 et 39,0 kg<\/td>\n<\/tr>\n<tr data-start=\"1740\" data-end=\"1802\">\n<td data-start=\"1740\" data-end=\"1756\" data-col-size=\"sm\">Niveau sonore<\/td>\n<td data-start=\"1756\" data-end=\"1802\" data-col-size=\"xl\">environ 82,8 dB(A) au poste de l\u2019op\u00e9rateur<\/td>\n<\/tr>\n<tr data-start=\"1803\" data-end=\"1844\">\n<td data-start=\"1803\" data-end=\"1822\" data-col-size=\"sm\">Puissance sonore<\/td>\n<td data-start=\"1822\" data-end=\"1844\" data-col-size=\"xl\">environ 92,5 dB(A)<\/td>\n<\/tr>\n<tr data-start=\"1845\" data-end=\"1871\">\n<td data-start=\"1845\" data-end=\"1857\" data-col-size=\"sm\">Vibration<\/td>\n<td data-start=\"1857\" data-end=\"1871\" data-col-size=\"xl\">\u2264 2,5 m\/s\u00b2<\/td>\n<\/tr>\n<tr data-start=\"1872\" data-end=\"1906\">\n<td data-start=\"1872\" data-end=\"1889\" data-col-size=\"sm\">Ch\u00e2ssis \/ Deck<\/td>\n<td data-start=\"1889\" data-end=\"1906\" data-col-size=\"xl\">Acier robuste<\/td>\n<\/tr>\n<tr data-start=\"1907\" data-end=\"2096\">\n<td data-start=\"1907\" data-end=\"1916\" data-col-size=\"sm\">Extras<\/td>\n<td data-start=\"1916\" data-end=\"2096\" data-col-size=\"xl\">Mode silencieux, indicateur de bac plein, protection contre la poussi\u00e8re et les projections d\u2019eau (classage IPX4), repose-guidon, compatibilit\u00e9 avec accessoires (mulching etc.)<\/td>\n<\/tr>\n<\/tbody>\n<\/table>\n<\/div>\n<\/div>","protected":false},"excerpt":{"rendered":"<p>Description du produit La Makita DLM465Z est une tondeuse sans fil autopropuls\u00e9e puissante, con\u00e7ue pour les surfaces de gazon de<\/p>","protected":false},"featured_media":19540,"template":"","meta":[],"product_brand":[],"product_cat":[64],"product_tag":[65],"product_country":[1503],"class_list":{"0":"post-280","1":"product","2":"type-product","3":"status-publish","4":"has-post-thumbnail","6":"product_cat-movers","7":"product_tag-movers","8":"product_country-france","10":"first","11":"instock","12":"sale","13":"taxable","14":"shipping-taxable","15":"purchasable","16":"product-type-simple"},"_links":{"self":[{"href":"https:\/\/routinesfashione.com\/es\/wp-json\/wp\/v2\/product\/280","targetHints":{"allow":["GET"]}}],"collection":[{"href":"https:\/\/routinesfashione.com\/es\/wp-json\/wp\/v2\/product"}],"about":[{"href":"https:\/\/routinesfashione.com\/es\/wp-json\/wp\/v2\/types\/product"}],"wp:featuredmedia":[{"embeddable":true,"href":"https:\/\/routinesfashione.com\/es\/wp-json\/wp\/v2\/media\/19540"}],"wp:attachment":[{"href":"https:\/\/routinesfashione.com\/es\/wp-json\/wp\/v2\/media?parent=280"}],"wp:term":[{"taxonomy":"product_brand","embeddable":true,"href":"https:\/\/routinesfashione.com\/es\/wp-json\/wp\/v2\/product_brand?post=280"},{"taxonomy":"product_cat","embeddable":true,"href":"https:\/\/routinesfashione.com\/es\/wp-json\/wp\/v2\/product_cat?post=280"},{"taxonomy":"product_tag","embeddable":true,"href":"https:\/\/routinesfashione.com\/es\/wp-json\/wp\/v2\/product_tag?post=280"},{"taxonomy":"product_country","embeddable":true,"href":"https:\/\/routinesfashione.com\/es\/wp-json\/wp\/v2\/product_country?post=280"}],"curies":[{"name":"wp","href":"https:\/\/api.w.org\/{rel}","templated":true}]}}