{"id":2856,"date":"2025-09-30T20:51:15","date_gmt":"2025-09-30T20:51:15","guid":{"rendered":"https:\/\/lightgray-crow-170497.hostingersite.com\/?post_type=product&#038;p=2856"},"modified":"2025-09-30T20:51:15","modified_gmt":"2025-09-30T20:51:15","slug":"gravity-series-800-digital-charcoal-griddle-grill-smoker899","status":"publish","type":"product","link":"https:\/\/routinesfashione.com\/es\/produit\/gravity-series-800-digital-charcoal-griddle-grill-smoker899\/","title":{"rendered":"Gravity Series 800 Digital Charcoal Griddle + Grill + Smoker899"},"content":{"rendered":"<p><strong>Profitez de ce produit qui apportera \u00e0 vos grillades une saveur sp\u00e9cifique gr\u00e2ce \u00e0 la fum\u00e9e du bois.<\/strong><\/p>\n<h3>Masterbuilt Gravity 800 : vue d&#8217;ensemble<\/h3>\n<ul>\n<li>Cuisson indirecte<\/li>\n<li>Barbecue noir<\/li>\n<li>Plaque de cuisson en fonte<\/li>\n<\/ul>\n<h3>Premi\u00e8res informations<\/h3>\n<p>Ce barbecue fumoir combine les fonctions d&#8217;un barbecue classique et celles d&#8217;un fumoir. Il permet par exemple, par son architecture, de griller et de\u00a0<strong>fumer des aliments<\/strong>\u00a0\u00e0 basse temp\u00e9rature pour leur conf\u00e9rer une saveur sp\u00e9cifique. Ce mod\u00e8le classique emploie du charbon pour g\u00e9n\u00e9rer la chaleur n\u00e9cessaire \u00e0 la cuisson des aliments. Ce combustible est appr\u00e9ci\u00e9 pour le go\u00fbt unique qu&#8217;il apporte aux aliments. Ce mod\u00e8le s&#8217;appuie sur\u00a0<strong>un syst\u00e8me de cuisson indirecte<\/strong>\u00a0qui a l&#8217;avantage d&#8217;assurer une cuisson lente et homog\u00e8ne des aliments. Il est pr\u00e9conis\u00e9 d&#8217;utiliser cet appareil\u00a0<strong>hors de votre domicile<\/strong>\u00a0pour \u00e9viter les probl\u00e8mes li\u00e9s aux odeurs et \u00e0 la fum\u00e9e. les\u00a0<strong>4 roues<\/strong>\u00a0faciliteront le d\u00e9placement de l&#8217;appareil et ce, quelle que soit la nature du terrain.<\/p>\n<h3>Autres caract\u00e9ristiques<\/h3>\n<p>Poursuivons notre pr\u00e9sentation du mod\u00e8le Masterbuilt Gravity 800 qui int\u00e8gre :<\/p>\n<ul>\n<li>une plaque \u00e0 plancha<\/li>\n<li>un bac r\u00e9cup\u00e9rateur de graisse pour collecter graisses et jus<\/li>\n<li>un thermom\u00e8tre int\u00e9gr\u00e9 au couvercle pour surveiller la temp\u00e9rature int\u00e9rieure<\/li>\n<\/ul>\n<p>Cette r\u00e9f\u00e9rence offre une\u00a0<strong>surface de cuisson de 3\u202f610\u00a0cm\u00b2<\/strong>\u00a0pour des tabl\u00e9es d&#8217;au moins\u00a0<strong>8 \u00e0 10 personnes<\/strong>\u00a0La surface, fabriqu\u00e9e en fonte, assure un haut niveau de r\u00e9tention de chaleur et se veut des plus robustes. Gr\u00e2ce \u00e0 ses qualit\u00e9s, elle se pr\u00eate particuli\u00e8rement \u00e0 la cuisson des viandes. Concernant les possibilit\u00e9s de rangements, on retrouve une tablette lat\u00e9rale, une tablette frontale et une tablette basse. Pour finir, l&#8217;appareil met l&#8217;accent sur la s\u00e9curit\u00e9 en proposant un\u00a0<strong>garde-flamme<\/strong>.<\/p>\n<h3>\u00c0 savoir<\/h3>\n<p>Le produit Gravity 800 est d\u00e9velopp\u00e9 par la\u00a0<strong>marque am\u00e9ricaine Masterbuilt<\/strong>. Cr\u00e9\u00e9e en 1973, cette enseigne a su renforcer ses comp\u00e9tences dans la fabrication de barbecues et d&#8217;appareils de cuisson, particuli\u00e8rement dans le domaine des fumoirs (smokers) et des barbecues \u00e0 gaz, \u00e9lectriques et au charbon.<\/p>","protected":false},"excerpt":{"rendered":"<p>Profitez de ce produit qui apportera \u00e0 vos grillades une saveur sp\u00e9cifique gr\u00e2ce \u00e0 la fum\u00e9e du bois. Masterbuilt Gravity<\/p>","protected":false},"featured_media":14951,"template":"","meta":[],"product_brand":[],"product_cat":[61],"product_tag":[],"product_country":[1503],"class_list":{"0":"post-2856","1":"product","2":"type-product","3":"status-publish","4":"has-post-thumbnail","6":"product_cat-sale-france","7":"product_country-france","9":"first","10":"instock","11":"sale","12":"taxable","13":"shipping-taxable","14":"purchasable","15":"product-type-simple"},"_links":{"self":[{"href":"https:\/\/routinesfashione.com\/es\/wp-json\/wp\/v2\/product\/2856","targetHints":{"allow":["GET"]}}],"collection":[{"href":"https:\/\/routinesfashione.com\/es\/wp-json\/wp\/v2\/product"}],"about":[{"href":"https:\/\/routinesfashione.com\/es\/wp-json\/wp\/v2\/types\/product"}],"wp:featuredmedia":[{"embeddable":true,"href":"https:\/\/routinesfashione.com\/es\/wp-json\/wp\/v2\/media\/14951"}],"wp:attachment":[{"href":"https:\/\/routinesfashione.com\/es\/wp-json\/wp\/v2\/media?parent=2856"}],"wp:term":[{"taxonomy":"product_brand","embeddable":true,"href":"https:\/\/routinesfashione.com\/es\/wp-json\/wp\/v2\/product_brand?post=2856"},{"taxonomy":"product_cat","embeddable":true,"href":"https:\/\/routinesfashione.com\/es\/wp-json\/wp\/v2\/product_cat?post=2856"},{"taxonomy":"product_tag","embeddable":true,"href":"https:\/\/routinesfashione.com\/es\/wp-json\/wp\/v2\/product_tag?post=2856"},{"taxonomy":"product_country","embeddable":true,"href":"https:\/\/routinesfashione.com\/es\/wp-json\/wp\/v2\/product_country?post=2856"}],"curies":[{"name":"wp","href":"https:\/\/api.w.org\/{rel}","templated":true}]}}