{"id":2949,"date":"2025-09-30T20:51:13","date_gmt":"2025-09-30T20:51:13","guid":{"rendered":"https:\/\/lightgray-crow-170497.hostingersite.com\/?post_type=product&#038;p=2949"},"modified":"2025-09-30T20:51:13","modified_gmt":"2025-09-30T20:51:13","slug":"vidaxl-barbecue-de-cuisine-d-exterieur-montana-4-bruleurs","status":"publish","type":"product","link":"https:\/\/routinesfashione.com\/es\/produit\/vidaxl-barbecue-de-cuisine-d-exterieur-montana-4-bruleurs\/","title":{"rendered":"VIDAXL Barbecue de cuisine d ext\u00e9rieur Montana 4 br\u00fbleurs"},"content":{"rendered":"<h2 class=\"hvfiEe oQ1yMY Anu_Dw Q2ENr_\">D\u00e9tails du produit<\/h2>\n<div class=\"a8Werf mN76KD\">\n<h3 class=\"l9yKFF oQ1yMY Anu_Dw qJg3lA\">Caract\u00e9ristiques<\/h3>\n<ul class=\"c4Y32pt\">\n<li class=\"Cp9IuT\">\n<div class=\"b38yzx jKP2zg zu_yu7 gS1w88 nwczhi\">Longueur<\/div>\n<div class=\"b38yzx jKP2zg c35g1Kh gS1w88 xrGupg\">204 cm<\/div>\n<\/li>\n<li class=\"Cp9IuT\">\n<div class=\"b38yzx jKP2zg zu_yu7 gS1w88 nwczhi\">Largeur<\/div>\n<div class=\"b38yzx jKP2zg c35g1Kh gS1w88 xrGupg\">59 cm<\/div>\n<\/li>\n<li class=\"Cp9IuT\">\n<div class=\"b38yzx jKP2zg zu_yu7 gS1w88 nwczhi\">Hauteur<\/div>\n<div class=\"b38yzx jKP2zg c35g1Kh gS1w88 xrGupg\">112 cm<\/div>\n<\/li>\n<li class=\"Cp9IuT\">\n<div class=\"b38yzx jKP2zg zu_yu7 gS1w88 nwczhi\">Poids<\/p>\n<div class=\"FGmSf_\" tabindex=\"0\" role=\"button\" data-testid=\"icon-info\"><\/div>\n<\/div>\n<div class=\"b38yzx jKP2zg c35g1Kh gS1w88 xrGupg\">59.2 kg<\/div>\n<\/li>\n<li class=\"Cp9IuT\">\n<div class=\"b38yzx jKP2zg zu_yu7 gS1w88 nwczhi\">Mati\u00e8res<\/p>\n<div class=\"FGmSf_\" tabindex=\"0\" role=\"button\" data-testid=\"icon-info\"><\/div>\n<\/div>\n<div class=\"b38yzx jKP2zg c35g1Kh gS1w88 xrGupg\">Acier, Acier inoxydable (inox)<\/div>\n<\/li>\n<li class=\"Cp9IuT\">\n<div class=\"b38yzx jKP2zg zu_yu7 gS1w88 nwczhi\">Couleur<\/div>\n<div class=\"b38yzx jKP2zg c35g1Kh gS1w88 xrGupg\">Noir<\/div>\n<\/li>\n<li class=\"Cp9IuT\">\n<div class=\"b38yzx jKP2zg zu_yu7 gS1w88 nwczhi\">Forme<\/div>\n<div class=\"b38yzx jKP2zg c35g1Kh gS1w88 xrGupg\">D&#8217;angle<\/div>\n<\/li>\n<li class=\"Cp9IuT\">\n<div class=\"b38yzx jKP2zg zu_yu7 gS1w88 nwczhi\">Garantie<\/div>\n<div class=\"b38yzx jKP2zg c35g1Kh gS1w88 xrGupg\">2 an(s)<\/div>\n<\/li>\n<li class=\"Cp9IuT\">\n<div class=\"b38yzx jKP2zg zu_yu7 gS1w88 nwczhi\">Int\u00e9rieur \/ ext\u00e9rieur<\/div>\n<div class=\"b38yzx jKP2zg c35g1Kh gS1w88 xrGupg\">Ext\u00e9rieur<\/div>\n<\/li>\n<li class=\"Cp9IuT\">\n<div class=\"b38yzx jKP2zg zu_yu7 gS1w88 nwczhi\">Type de produit<\/div>\n<div class=\"b38yzx jKP2zg c35g1Kh gS1w88 xrGupg\">Cuisine compl\u00e8te<\/div>\n<\/li>\n<li class=\"Cp9IuT mZor15\">\n<div class=\"b38yzx jKP2zg c35g1Kh gS1w88 X-7VdC\">Voir tout<\/div>\n<\/li>\n<\/ul>\n<\/div>\n<div class=\"a8Werf lzTEKv\">\n<h3 class=\"l9yKFF oQ1yMY Anu_Dw qJg3lA\">Impact environnemental<\/h3>\n<ul class=\"c4Y32pt\">\n<li class=\"Cp9IuT\">\n<div class=\"b38yzx jKP2zg zu_yu7 gS1w88 nwczhi\">Origine<\/p>\n<div class=\"FGmSf_\" tabindex=\"0\" role=\"button\" data-testid=\"icon-info\"><\/div>\n<\/div>\n<div class=\"b38yzx jKP2zg c35g1Kh gS1w88 xrGupg\">Fabriqu\u00e9 en Chine<\/div>\n<\/li>\n<\/ul>\n<\/div>\n<div class=\"\">\n<h3 class=\"typography text-title3 font-bold leading-title3\">Description<\/h3>\n<div class=\"FGeuYs\" data-testid=\"description-content\">\n<h4>Description g\u00e9n\u00e9rale<\/h4>\n<p>Ce barbecue au gaz d&#8217;ext\u00e9rieur professionnel, semblable \u00e0 une petite cuisine sur roues, est fabriqu\u00e9 en acier inoxydable robuste et durable. \u00c9quip\u00e9 de 4 br\u00fbleurs et d&#8217;une plaque de cuisson lat\u00e9rale, il offre une grande flexibilit\u00e9 pour vos grillades. Sa structure mobile, avec 8 roues, permet de le d\u00e9placer facilement, tandis que sa hotte de gril int\u00e8gre une jauge de temp\u00e9rature pour un contr\u00f4le optimal. Un bac \u00e0 graisse coulissant facilite le nettoyage, et il fonctionne avec du gaz butane, propane ou GPL.<\/p>\n<h4>Sp\u00e9cifications techniques<\/h4>\n<ul>\n<li>Mat\u00e9riau du couvercle, br\u00fbleur et panneau : acier inoxydable<\/li>\n<li>Mat\u00e9riau de la base : acier laqu\u00e9<\/li>\n<li>Dimensions : 59 x 204 x 112 cm<\/li>\n<li>Surface de gril : 66 x 46,5 cm<\/li>\n<li>Nombre de boutons de commande : 5<\/li>\n<li>Nombre de roulettes : 8<\/li>\n<li>Puissance des br\u00fbleurs : 48 000 BTU\/HR (14 kW)<\/li>\n<li>Puissance du br\u00fbleur lat\u00e9ral : 10 000 BTU\/HR (2,9 kW)<\/li>\n<li>Allumage : \u00e9lectronique<\/li>\n<\/ul>\n<\/div>\n<\/div>","protected":false},"excerpt":{"rendered":"<p>D\u00e9tails du produit Caract\u00e9ristiques Longueur 204 cm Largeur 59 cm Hauteur 112 cm Poids 59.2 kg Mati\u00e8res Acier, Acier inoxydable<\/p>","protected":false},"featured_media":15017,"template":"","meta":[],"product_brand":[],"product_cat":[61],"product_tag":[],"product_country":[1503],"class_list":{"0":"post-2949","1":"product","2":"type-product","3":"status-publish","4":"has-post-thumbnail","6":"product_cat-sale-france","7":"product_country-france","9":"first","10":"instock","11":"sale","12":"taxable","13":"shipping-taxable","14":"purchasable","15":"product-type-simple"},"_links":{"self":[{"href":"https:\/\/routinesfashione.com\/es\/wp-json\/wp\/v2\/product\/2949","targetHints":{"allow":["GET"]}}],"collection":[{"href":"https:\/\/routinesfashione.com\/es\/wp-json\/wp\/v2\/product"}],"about":[{"href":"https:\/\/routinesfashione.com\/es\/wp-json\/wp\/v2\/types\/product"}],"wp:featuredmedia":[{"embeddable":true,"href":"https:\/\/routinesfashione.com\/es\/wp-json\/wp\/v2\/media\/15017"}],"wp:attachment":[{"href":"https:\/\/routinesfashione.com\/es\/wp-json\/wp\/v2\/media?parent=2949"}],"wp:term":[{"taxonomy":"product_brand","embeddable":true,"href":"https:\/\/routinesfashione.com\/es\/wp-json\/wp\/v2\/product_brand?post=2949"},{"taxonomy":"product_cat","embeddable":true,"href":"https:\/\/routinesfashione.com\/es\/wp-json\/wp\/v2\/product_cat?post=2949"},{"taxonomy":"product_tag","embeddable":true,"href":"https:\/\/routinesfashione.com\/es\/wp-json\/wp\/v2\/product_tag?post=2949"},{"taxonomy":"product_country","embeddable":true,"href":"https:\/\/routinesfashione.com\/es\/wp-json\/wp\/v2\/product_country?post=2949"}],"curies":[{"name":"wp","href":"https:\/\/api.w.org\/{rel}","templated":true}]}}