{"id":298,"date":"2025-09-30T20:55:52","date_gmt":"2025-09-30T20:55:52","guid":{"rendered":"https:\/\/lightgray-crow-170497.hostingersite.com\/?post_type=product&#038;p=298"},"modified":"2025-09-30T20:55:52","modified_gmt":"2025-09-30T20:55:52","slug":"debroussailleuse-stihl-fs-56","status":"publish","type":"product","link":"https:\/\/routinesfashione.com\/es\/produit\/debroussailleuse-stihl-fs-56\/","title":{"rendered":"D\u00e9broussailleuse Stihl FS 56"},"content":{"rendered":"<h2 class=\"product-details__title\">D\u00e9broussailleuse thermique<\/h2>\n<div class=\"product-details__description richtexteditor\">\n<p>Id\u00e9ale pour les petites surfaces et pelouses, la d\u00e9broussailleuse thermique FS 56 propose de nombreux \u00e9quipements pratiques et de confort.<\/p>\n<ul>\n<li>Guidon \u00e0 d\u00e9gagement : guidon ergonomique facilitant le mouvement de fauchage.<\/li>\n<li>Proc\u00e9dure de d\u00e9marrage simplifi\u00e9e : plus aucun risque d\u2019erreur, le bouton d\u2019arr\u00eat et le starter reviennent automatiquement en position initiale.<\/li>\n<li>T\u00eate faucheuse AutoCut C5-2.<\/li>\n<li>D\u00e9marrage \u00e0 froid facilit\u00e9 gr\u00e2ce \u00e0 la pompe d\u2019amor\u00e7age \u00e0 carburant.<\/li>\n<li>Harnais double inclus : facilite le travail lors d\u2019utilisations prolong\u00e9es.<\/li>\n<\/ul>\n<\/div>","protected":false},"excerpt":{"rendered":"<p>D\u00e9broussailleuse thermique Id\u00e9ale pour les petites surfaces et pelouses, la d\u00e9broussailleuse thermique FS 56 propose de nombreux \u00e9quipements pratiques et<\/p>","protected":false},"featured_media":13031,"template":"","meta":[],"product_brand":[],"product_cat":[61],"product_tag":[],"product_country":[1503],"class_list":{"0":"post-298","1":"product","2":"type-product","3":"status-publish","4":"has-post-thumbnail","6":"product_cat-sale-france","7":"product_country-france","9":"first","10":"instock","11":"sale","12":"taxable","13":"shipping-taxable","14":"purchasable","15":"product-type-simple"},"_links":{"self":[{"href":"https:\/\/routinesfashione.com\/es\/wp-json\/wp\/v2\/product\/298","targetHints":{"allow":["GET"]}}],"collection":[{"href":"https:\/\/routinesfashione.com\/es\/wp-json\/wp\/v2\/product"}],"about":[{"href":"https:\/\/routinesfashione.com\/es\/wp-json\/wp\/v2\/types\/product"}],"wp:featuredmedia":[{"embeddable":true,"href":"https:\/\/routinesfashione.com\/es\/wp-json\/wp\/v2\/media\/13031"}],"wp:attachment":[{"href":"https:\/\/routinesfashione.com\/es\/wp-json\/wp\/v2\/media?parent=298"}],"wp:term":[{"taxonomy":"product_brand","embeddable":true,"href":"https:\/\/routinesfashione.com\/es\/wp-json\/wp\/v2\/product_brand?post=298"},{"taxonomy":"product_cat","embeddable":true,"href":"https:\/\/routinesfashione.com\/es\/wp-json\/wp\/v2\/product_cat?post=298"},{"taxonomy":"product_tag","embeddable":true,"href":"https:\/\/routinesfashione.com\/es\/wp-json\/wp\/v2\/product_tag?post=298"},{"taxonomy":"product_country","embeddable":true,"href":"https:\/\/routinesfashione.com\/es\/wp-json\/wp\/v2\/product_country?post=298"}],"curies":[{"name":"wp","href":"https:\/\/api.w.org\/{rel}","templated":true}]}}