{"id":301,"date":"2025-09-30T20:55:52","date_gmt":"2025-09-30T20:55:52","guid":{"rendered":"https:\/\/lightgray-crow-170497.hostingersite.com\/?post_type=product&#038;p=301"},"modified":"2025-09-30T20:55:52","modified_gmt":"2025-09-30T20:55:52","slug":"stihl-rma-448-3-v-accu-grasmaaier","status":"publish","type":"product","link":"https:\/\/routinesfashione.com\/es\/produit\/stihl-rma-448-3-v-accu-grasmaaier\/","title":{"rendered":"Tondeuse \u00e0 gazon \u00e0 batterie Stihl RMA 448.3 V"},"content":{"rendered":"<h3 data-start=\"150\" data-end=\"178\">Description du produit<\/h3>\n<p data-start=\"179\" data-end=\"1011\">La <strong data-start=\"182\" data-end=\"203\">Stihl RMA 448.3 V<\/strong> est une tondeuse \u00e0 batterie autopropuls\u00e9e con\u00e7ue pour les pelouses de taille moyenne. Elle offre une largeur de coupe de <strong data-start=\"325\" data-end=\"334\">46 cm<\/strong>, ce qui permet de couvrir efficacement le gazon tout en restant maniable. Elle est \u00e9quip\u00e9e d\u2019un r\u00e9glage de vitesse variable (\u201cVario\u201d), d\u2019un guidon \u201cmono-barre\u201d confortable r\u00e9glable en hauteur et pliable, ce qui facilite le rangement. Le bac de ramassage de 52 litres avec indicateur de niveau permet de ramasser beaucoup d\u2019herbe et de le vider facilement. Plusieurs modes de coupe sont disponibles : ramassage, mulching, \u00e9jection lat\u00e9rale, \u00e9jection arri\u00e8re. La hauteur de coupe est r\u00e9glable centralement sur 7 positions, de 20 mm \u00e0 100 mm. L\u2019appareil p\u00e8se environ 27 kg (hors batterie) et fonctionne avec le syst\u00e8me de batterie Stihl AK (batterie non incluse selon version).<\/p>\n<hr data-start=\"1013\" data-end=\"1016\" \/>\n<h3 data-start=\"1018\" data-end=\"1049\">Sp\u00e9cifications techniques<\/h3>\n<div class=\"_tableContainer_1rjym_1\">\n<div class=\"group _tableWrapper_1rjym_13 flex w-fit flex-col-reverse\" tabindex=\"-1\">\n<table class=\"w-fit min-w-(--thread-content-width)\" data-start=\"1051\" data-end=\"1915\">\n<thead data-start=\"1051\" data-end=\"1079\">\n<tr data-start=\"1051\" data-end=\"1079\">\n<th data-start=\"1051\" data-end=\"1069\" data-col-size=\"sm\">Caract\u00e9ristique<\/th>\n<th data-start=\"1069\" data-end=\"1079\" data-col-size=\"md\">D\u00e9tail<\/th>\n<\/tr>\n<\/thead>\n<tbody data-start=\"1090\" data-end=\"1915\">\n<tr data-start=\"1090\" data-end=\"1108\">\n<td data-start=\"1090\" data-end=\"1099\" data-col-size=\"sm\">Marque<\/td>\n<td data-start=\"1099\" data-end=\"1108\" data-col-size=\"md\">Stihl<\/td>\n<\/tr>\n<tr data-start=\"1109\" data-end=\"1133\">\n<td data-start=\"1109\" data-end=\"1118\" data-col-size=\"sm\">Mod\u00e8le<\/td>\n<td data-start=\"1118\" data-end=\"1133\" data-col-size=\"md\">RMA 448.3 V<\/td>\n<\/tr>\n<tr data-start=\"1134\" data-end=\"1185\">\n<td data-start=\"1134\" data-end=\"1149\" data-col-size=\"sm\">Alimentation<\/td>\n<td data-start=\"1149\" data-end=\"1185\" data-col-size=\"md\">Batterie 36 V (syst\u00e8me AK Stihl)<\/td>\n<\/tr>\n<tr data-start=\"1186\" data-end=\"1214\">\n<td data-start=\"1186\" data-end=\"1205\" data-col-size=\"sm\">Largeur de coupe<\/td>\n<td data-start=\"1205\" data-end=\"1214\" data-col-size=\"md\">46 cm<\/td>\n<\/tr>\n<tr data-start=\"1215\" data-end=\"1265\">\n<td data-start=\"1215\" data-end=\"1234\" data-col-size=\"sm\">Hauteur de coupe<\/td>\n<td data-start=\"1234\" data-end=\"1265\" data-col-size=\"md\">7 positions, de 20 \u00e0 100 mm<\/td>\n<\/tr>\n<tr data-start=\"1266\" data-end=\"1334\">\n<td data-start=\"1266\" data-end=\"1285\" data-col-size=\"sm\">Bac de ramassage<\/td>\n<td data-col-size=\"md\" data-start=\"1285\" data-end=\"1334\">52 litres, pliable, indicateur de remplissage<\/td>\n<\/tr>\n<tr data-start=\"1335\" data-end=\"1415\">\n<td data-start=\"1335\" data-end=\"1352\" data-col-size=\"sm\">Modes de coupe<\/td>\n<td data-start=\"1352\" data-end=\"1415\" data-col-size=\"md\">Ramassage \/ Mulching \/ \u00c9jection lat\u00e9rale \/ \u00c9jection arri\u00e8re<\/td>\n<\/tr>\n<tr data-start=\"1416\" data-end=\"1483\">\n<td data-start=\"1416\" data-end=\"1431\" data-col-size=\"sm\">Transmission<\/td>\n<td data-col-size=\"md\" data-start=\"1431\" data-end=\"1483\">Autopropuls\u00e9e, vitesse variable (2,0 \u00e0 4,5 km\/h)<\/td>\n<\/tr>\n<tr data-start=\"1484\" data-end=\"1525\">\n<td data-start=\"1484\" data-end=\"1492\" data-col-size=\"sm\">Poids<\/td>\n<td data-start=\"1492\" data-end=\"1525\" data-col-size=\"md\">environ 27 kg (sans batterie)<\/td>\n<\/tr>\n<tr data-start=\"1526\" data-end=\"1565\">\n<td data-start=\"1526\" data-end=\"1547\" data-col-size=\"sm\">Puissance nominale<\/td>\n<td data-start=\"1547\" data-end=\"1565\" data-col-size=\"md\">environ 1,2 kW<\/td>\n<\/tr>\n<tr data-start=\"1566\" data-end=\"1666\">\n<td data-start=\"1566\" data-end=\"1582\" data-col-size=\"sm\">Niveau sonore<\/td>\n<td data-start=\"1582\" data-end=\"1666\" data-col-size=\"md\">~ 94 dB(A) puissance sonore garantie ; environ 79 dB(A) au niveau de l\u2019op\u00e9rateur<\/td>\n<\/tr>\n<tr data-start=\"1667\" data-end=\"1725\">\n<td data-start=\"1667\" data-end=\"1688\" data-col-size=\"sm\">Diam\u00e8tre des roues<\/td>\n<td data-start=\"1688\" data-end=\"1725\" data-col-size=\"md\">avant ~ 190 mm \/ arri\u00e8re ~ 215 mm<\/td>\n<\/tr>\n<tr data-start=\"1726\" data-end=\"1785\">\n<td data-start=\"1726\" data-end=\"1745\" data-col-size=\"sm\">Carter \/ plateau<\/td>\n<td data-start=\"1745\" data-end=\"1785\" data-col-size=\"md\">Polym\u00e8re renforc\u00e9 (l\u00e9ger, r\u00e9sistant)<\/td>\n<\/tr>\n<tr data-start=\"1786\" data-end=\"1828\">\n<td data-start=\"1786\" data-end=\"1821\" data-col-size=\"sm\">R\u00e9glage centralis\u00e9 de la hauteur<\/td>\n<td data-start=\"1821\" data-end=\"1828\" data-col-size=\"md\">Oui<\/td>\n<\/tr>\n<tr data-start=\"1829\" data-end=\"1915\">\n<td data-start=\"1829\" data-end=\"1848\" data-col-size=\"sm\">Poign\u00e9e \/ guidon<\/td>\n<td data-start=\"1848\" data-end=\"1915\" data-col-size=\"md\">Mono-barre confort, r\u00e9glable en hauteur, pliable pour rangement<\/td>\n<\/tr>\n<\/tbody>\n<\/table>\n<\/div>\n<\/div>","protected":false},"excerpt":{"rendered":"<p>Description du produit La Stihl RMA 448.3 V est une tondeuse \u00e0 batterie autopropuls\u00e9e con\u00e7ue pour les pelouses de taille<\/p>","protected":false},"featured_media":19555,"template":"","meta":[],"product_brand":[],"product_cat":[64],"product_tag":[65],"product_country":[1503],"class_list":{"0":"post-301","1":"product","2":"type-product","3":"status-publish","4":"has-post-thumbnail","6":"product_cat-movers","7":"product_tag-movers","8":"product_country-france","10":"first","11":"instock","12":"sale","13":"taxable","14":"shipping-taxable","15":"purchasable","16":"product-type-simple"},"_links":{"self":[{"href":"https:\/\/routinesfashione.com\/es\/wp-json\/wp\/v2\/product\/301","targetHints":{"allow":["GET"]}}],"collection":[{"href":"https:\/\/routinesfashione.com\/es\/wp-json\/wp\/v2\/product"}],"about":[{"href":"https:\/\/routinesfashione.com\/es\/wp-json\/wp\/v2\/types\/product"}],"wp:featuredmedia":[{"embeddable":true,"href":"https:\/\/routinesfashione.com\/es\/wp-json\/wp\/v2\/media\/19555"}],"wp:attachment":[{"href":"https:\/\/routinesfashione.com\/es\/wp-json\/wp\/v2\/media?parent=301"}],"wp:term":[{"taxonomy":"product_brand","embeddable":true,"href":"https:\/\/routinesfashione.com\/es\/wp-json\/wp\/v2\/product_brand?post=301"},{"taxonomy":"product_cat","embeddable":true,"href":"https:\/\/routinesfashione.com\/es\/wp-json\/wp\/v2\/product_cat?post=301"},{"taxonomy":"product_tag","embeddable":true,"href":"https:\/\/routinesfashione.com\/es\/wp-json\/wp\/v2\/product_tag?post=301"},{"taxonomy":"product_country","embeddable":true,"href":"https:\/\/routinesfashione.com\/es\/wp-json\/wp\/v2\/product_country?post=301"}],"curies":[{"name":"wp","href":"https:\/\/api.w.org\/{rel}","templated":true}]}}