{"id":3013,"date":"2025-09-30T20:51:13","date_gmt":"2025-09-30T20:51:13","guid":{"rendered":"https:\/\/lightgray-crow-170497.hostingersite.com\/?post_type=product&#038;p=3013"},"modified":"2025-09-30T20:51:13","modified_gmt":"2025-09-30T20:51:13","slug":"barbecue-buschbeck-venedig-avec-cheminee-aluminium-dimensions-110-x-65-x-197-cm-poids-360-kg","status":"publish","type":"product","link":"https:\/\/routinesfashione.com\/es\/produit\/barbecue-buschbeck-venedig-avec-cheminee-aluminium-dimensions-110-x-65-x-197-cm-poids-360-kg\/","title":{"rendered":"Barbecue Buschbeck Venedig avec Chemin\u00e9e Aluminium dimensions 110 x 65 x 197 cm poids 360 kg"},"content":{"rendered":"<div class=\"product-propertyRow\">\n<div class=\"product-propertyKey\">1 colis n\u00b0 1<\/div>\n<div class=\"product-propertyValue\"><b>Dimensions<\/b>\u00a0(LxlxH) : 79cm x 65cm x 61cm &#8211;\u00a0<b>Poids<\/b>\u00a0: 40,7kg<\/div>\n<\/div>\n<div class=\"product-propertyRow\">\n<div class=\"product-propertyKey\">1 colis n\u00b0 2<\/div>\n<div class=\"product-propertyValue\"><b>Dimensions<\/b>\u00a0(LxlxH) : 128cm x 54cm x 28cm &#8211;\u00a0<b>Poids<\/b>\u00a0: 39,0kg<\/div>\n<\/div>\n<div class=\"product-propertyRow\">\n<div class=\"product-propertyKey\">1 colis n\u00b0 3<\/div>\n<div class=\"product-propertyValue\"><b>Dimensions<\/b>\u00a0(LxlxH) : 84cm x 50cm x 31cm &#8211;\u00a0<b>Poids<\/b>\u00a0: 16,6kg<\/div>\n<\/div>\n<div class=\"product-propertyBlock\">\n<h3>Dimensions<\/h3>\n<div class=\"product-propertyRow\">\n<div class=\"product-propertyKey\">DIM ( LxPxH )<\/div>\n<div class=\"product-propertyValue\">195 x 54.7 x 121.5 cm \/ 120 x 46.9 x 86 cm<\/div>\n<\/div>\n<div class=\"product-propertyRow\">\n<div class=\"product-propertyKey\">Surface de cuisson<\/div>\n<div class=\"product-propertyValue\">65 x 41 cm<\/div>\n<\/div>\n<\/div>\n<div class=\"product-propertyBlock\">\n<h3>Caract\u00e9ristiques<\/h3>\n<div class=\"product-propertyRow\">\n<div class=\"product-propertyKey\">Mode de cuisson<\/div>\n<div class=\"product-propertyValue\">Grill \/ Four \/ Gaz<\/div>\n<\/div>\n<div class=\"product-propertyRow\">\n<div class=\"product-propertyKey\">Puissance<\/div>\n<div class=\"product-propertyValue\">14.4kW + 3.0kW<\/div>\n<\/div>\n<div class=\"product-propertyRow\">\n<div class=\"product-propertyKey\">Bruleur<\/div>\n<div class=\"product-propertyValue\">4 br\u00fbleurs en acier inoxidable<\/div>\n<\/div>\n<div class=\"product-propertyRow\">\n<div class=\"product-propertyKey\">Chariot<\/div>\n<div class=\"product-propertyValue\">Oui en acier inoxidable<\/div>\n<\/div>\n<div class=\"product-propertyRow\">\n<div class=\"product-propertyKey\">Couvercle<\/div>\n<div class=\"product-propertyValue\">Oui en acier inoxydable<\/div>\n<\/div>\n<\/div>\n<div class=\"product-propertyBlock\">\n<h3>Caract\u00e9ristiques et options<\/h3>\n<div class=\"product-propertyRow\">\n<div class=\"product-propertyKey\">Grille de cuisson<\/div>\n<div class=\"product-propertyValue\">2 grilles de cuisson en fonte<\/div>\n<\/div>\n<div class=\"product-propertyRow\">\n<div class=\"product-propertyKey\">Allumage piezo<\/div>\n<div class=\"product-propertyValue\">Allumage automatique<\/div>\n<\/div>\n<div class=\"product-propertyRow\">\n<div class=\"product-propertyKey\">Rechaud lat\u00e9ral<\/div>\n<div class=\"product-propertyValue\">Oui d&#8217;une puissance de 3.0kW<\/div>\n<\/div>\n<div class=\"product-propertyRow\">\n<div class=\"product-propertyKey\">Panier de rangement<\/div>\n<div class=\"product-propertyValue\">3<\/div>\n<\/div>\n<div class=\"product-propertyRow\">\n<div class=\"product-propertyKey\">Syst\u00e8me r\u00e9cup\u00e9ration des graisses<\/div>\n<div class=\"product-propertyValue\">Oui<\/div>\n<\/div>\n<div class=\"product-propertyRow\">\n<div class=\"product-propertyKey\">Fonctionne avec<\/div>\n<div class=\"product-propertyValue\">Butane \/ propane<\/div>\n<\/div>\n<\/div>","protected":false},"excerpt":{"rendered":"<p>1 colis n\u00b0 1 Dimensions\u00a0(LxlxH) : 79cm x 65cm x 61cm &#8211;\u00a0Poids\u00a0: 40,7kg 1 colis n\u00b0 2 Dimensions\u00a0(LxlxH) : 128cm<\/p>","protected":false},"featured_media":15062,"template":"","meta":[],"product_brand":[],"product_cat":[61],"product_tag":[],"product_country":[1503],"class_list":{"0":"post-3013","1":"product","2":"type-product","3":"status-publish","4":"has-post-thumbnail","6":"product_cat-sale-france","7":"product_country-france","9":"first","10":"instock","11":"sale","12":"taxable","13":"shipping-taxable","14":"purchasable","15":"product-type-simple"},"_links":{"self":[{"href":"https:\/\/routinesfashione.com\/es\/wp-json\/wp\/v2\/product\/3013","targetHints":{"allow":["GET"]}}],"collection":[{"href":"https:\/\/routinesfashione.com\/es\/wp-json\/wp\/v2\/product"}],"about":[{"href":"https:\/\/routinesfashione.com\/es\/wp-json\/wp\/v2\/types\/product"}],"wp:featuredmedia":[{"embeddable":true,"href":"https:\/\/routinesfashione.com\/es\/wp-json\/wp\/v2\/media\/15062"}],"wp:attachment":[{"href":"https:\/\/routinesfashione.com\/es\/wp-json\/wp\/v2\/media?parent=3013"}],"wp:term":[{"taxonomy":"product_brand","embeddable":true,"href":"https:\/\/routinesfashione.com\/es\/wp-json\/wp\/v2\/product_brand?post=3013"},{"taxonomy":"product_cat","embeddable":true,"href":"https:\/\/routinesfashione.com\/es\/wp-json\/wp\/v2\/product_cat?post=3013"},{"taxonomy":"product_tag","embeddable":true,"href":"https:\/\/routinesfashione.com\/es\/wp-json\/wp\/v2\/product_tag?post=3013"},{"taxonomy":"product_country","embeddable":true,"href":"https:\/\/routinesfashione.com\/es\/wp-json\/wp\/v2\/product_country?post=3013"}],"curies":[{"name":"wp","href":"https:\/\/api.w.org\/{rel}","templated":true}]}}