{"id":3141,"date":"2025-09-30T20:51:11","date_gmt":"2025-09-30T20:51:11","guid":{"rendered":"https:\/\/lightgray-crow-170497.hostingersite.com\/?post_type=product&#038;p=3141"},"modified":"2025-09-30T20:51:11","modified_gmt":"2025-09-30T20:51:11","slug":"herman-miller-siege-de-bureau-aeron","status":"publish","type":"product","link":"https:\/\/routinesfashione.com\/es\/produit\/herman-miller-siege-de-bureau-aeron\/","title":{"rendered":"Herman Miller Si\u00e8ge de bureau Aeron"},"content":{"rendered":"<div class=\"col-medium-6\">\n<p><strong>Description<\/strong><\/p>\n<p>Le si\u00e8ge de bureau Aeron marque une r\u00e9elle avanc\u00e9e gr\u00e2ce \u00e0 ses qualit\u00e9s de conception d\u00e9cisives : le mat\u00e9riau de suspension novateur Pellicle et son soutien dorsal brevet\u00e9 PostureFit SL qui offre une position assise id\u00e9ale (poitrine ouverte, \u00e9paules en arri\u00e8re, bassin l\u00e9g\u00e8rement inclin\u00e9 vers l\u2019avant). Associant une connaissance approfondie des principes de conception ax\u00e9s sur l\u2019humain \u00e0 une technologie d\u2019avant-garde, le si\u00e8ge Aeron classique est \u00e9quip\u00e9 de fonctions de r\u00e9glage de pointe, qu\u2019il s\u2019agisse des accoudoirs, de la hauteur du si\u00e8ge, de la profondeur d\u2019assise ou de l\u2019inclinaison, pour vous aider \u00e0 conserver une position assise optimale afin de pouvoir vous concentrer sur la t\u00e2che \u00e0 accomplir. Il est par ailleurs disponible en trois tailles, afin d\u2019offrir le meilleur confort possible au plus grand nombre d\u2019utilisateurs.<\/p>\n<p><strong>Caract\u00e9ristiques<\/strong><\/p>\n<ul>\n<li>Disponible en trois tailles (A, B et C)<\/li>\n<li>Disponible en trois couleurs (Onyx, Graphite et Mineral)<\/li>\n<li>Syst\u00e8me d\u2019inclinaison Harmonic\u2122 2<\/li>\n<li>Syst\u00e8me PostureFit\u00ae fixe ou r\u00e9glable<\/li>\n<li>Accoudoirs fixes, \u00e0 hauteur r\u00e9glable ou enti\u00e8rement r\u00e9glables<\/li>\n<li>Coussinets d\u2019accoudoir standard ou en cuir<\/li>\n<\/ul>\n<\/div>\n<div class=\"col-medium-6\">\n<div class=\"col-smallest-6 col-medium-12\">\n<p><strong>Dimensions g\u00e9n\u00e9rales (mm)<\/strong><\/p>\n<p>Taille A &#8211; 978 (H) x 655 (L) x 407 mm (P)<br \/>\nTaille B &#8211; 1044 (H) x 686 (L) x 432 mm (P)<br \/>\nTaille C &#8211; 1093 (H) x 718 (L) x 470 mm (P)<\/p>\n<p><strong>Capacit\u00e9 maximale (kg)<\/strong><\/p>\n<p>Taille A &#8211; 136 kg<br \/>\nTaille B &#8211; 159 kg<br \/>\nTaille C &#8211; 159 kg<\/p>\n<p><strong>Poids du produit (kg)<\/strong><\/p>\n<p>Taille A &#8211; 18,1 kg<br \/>\nTaille B &#8211; 18,6 kg<br \/>\nTaille C &#8211; 19,5 kg<\/p>\n<\/div>\n<div class=\"col-smallest-6 col-medium-12\">\n<p><strong>Assemblage<\/strong><\/p>\n<p>Livr\u00e9 enti\u00e8rement assembl\u00e9<\/p>\n<p><strong>Garantie<\/strong><\/p>\n<p>12 ans<\/p>\n<\/div>\n<\/div>","protected":false},"excerpt":{"rendered":"<p>Description Le si\u00e8ge de bureau Aeron marque une r\u00e9elle avanc\u00e9e gr\u00e2ce \u00e0 ses qualit\u00e9s de conception d\u00e9cisives : le mat\u00e9riau<\/p>","protected":false},"featured_media":15159,"template":"","meta":[],"product_brand":[],"product_cat":[61],"product_tag":[1514],"product_country":[1503],"class_list":{"0":"post-3141","1":"product","2":"type-product","3":"status-publish","4":"has-post-thumbnail","6":"product_cat-sale-france","7":"product_tag-sale-france","8":"product_country-france","10":"first","11":"instock","12":"sale","13":"taxable","14":"shipping-taxable","15":"purchasable","16":"product-type-simple"},"_links":{"self":[{"href":"https:\/\/routinesfashione.com\/es\/wp-json\/wp\/v2\/product\/3141","targetHints":{"allow":["GET"]}}],"collection":[{"href":"https:\/\/routinesfashione.com\/es\/wp-json\/wp\/v2\/product"}],"about":[{"href":"https:\/\/routinesfashione.com\/es\/wp-json\/wp\/v2\/types\/product"}],"wp:featuredmedia":[{"embeddable":true,"href":"https:\/\/routinesfashione.com\/es\/wp-json\/wp\/v2\/media\/15159"}],"wp:attachment":[{"href":"https:\/\/routinesfashione.com\/es\/wp-json\/wp\/v2\/media?parent=3141"}],"wp:term":[{"taxonomy":"product_brand","embeddable":true,"href":"https:\/\/routinesfashione.com\/es\/wp-json\/wp\/v2\/product_brand?post=3141"},{"taxonomy":"product_cat","embeddable":true,"href":"https:\/\/routinesfashione.com\/es\/wp-json\/wp\/v2\/product_cat?post=3141"},{"taxonomy":"product_tag","embeddable":true,"href":"https:\/\/routinesfashione.com\/es\/wp-json\/wp\/v2\/product_tag?post=3141"},{"taxonomy":"product_country","embeddable":true,"href":"https:\/\/routinesfashione.com\/es\/wp-json\/wp\/v2\/product_country?post=3141"}],"curies":[{"name":"wp","href":"https:\/\/api.w.org\/{rel}","templated":true}]}}