{"id":3205,"date":"2025-09-30T20:51:11","date_gmt":"2025-09-30T20:51:11","guid":{"rendered":"https:\/\/lightgray-crow-170497.hostingersite.com\/?post_type=product&#038;p=3205"},"modified":"2025-09-30T20:51:11","modified_gmt":"2025-09-30T20:51:11","slug":"executive-office-chair-luxy-italia","status":"publish","type":"product","link":"https:\/\/routinesfashione.com\/es\/produit\/executive-office-chair-luxy-italia\/","title":{"rendered":"Chaise de bureau ex\u00e9cutive Luxy Italia"},"content":{"rendered":"<h3 data-start=\"137\" data-end=\"172\"><strong data-start=\"144\" data-end=\"170\">Description du produit<\/strong><\/h3>\n<p data-start=\"173\" data-end=\"440\">La <strong data-start=\"176\" data-end=\"218\">chaise de bureau ex\u00e9cutive Luxy Italia<\/strong> incarne l\u2019<strong data-start=\"229\" data-end=\"279\">\u00e9l\u00e9gance italienne et le confort haut de gamme<\/strong>. Con\u00e7ue pour les espaces de direction et les bureaux prestigieux, elle combine <strong data-start=\"359\" data-end=\"377\">design raffin\u00e9<\/strong>, <strong data-start=\"379\" data-end=\"392\">ergonomie<\/strong> et <strong data-start=\"396\" data-end=\"437\">qualit\u00e9 de fabrication exceptionnelle<\/strong>.<\/p>\n<p data-start=\"442\" data-end=\"682\">Avec son <strong data-start=\"451\" data-end=\"473\">rev\u00eatement premium<\/strong>, ses <strong data-start=\"479\" data-end=\"501\">finitions soign\u00e9es<\/strong> et ses <strong data-start=\"509\" data-end=\"531\">r\u00e9glages multiples<\/strong>, cette chaise offre un <strong data-start=\"555\" data-end=\"574\">soutien optimal<\/strong> tout au long de la journ\u00e9e, tout en apportant une touche de style contemporain \u00e0 votre espace de travail.<\/p>\n<hr data-start=\"684\" data-end=\"687\" \/>\n<h3 data-start=\"689\" data-end=\"729\"><strong data-start=\"696\" data-end=\"727\">Caract\u00e9ristiques techniques<\/strong><\/h3>\n<ul data-start=\"731\" data-end=\"1643\">\n<li data-start=\"731\" data-end=\"759\">\n<p data-start=\"733\" data-end=\"759\"><strong data-start=\"733\" data-end=\"743\">Marque<\/strong> : Luxy Italia<\/p>\n<\/li>\n<li data-start=\"760\" data-end=\"825\">\n<p data-start=\"762\" data-end=\"825\"><strong data-start=\"762\" data-end=\"770\">Type<\/strong> : Chaise de bureau ex\u00e9cutive \/ fauteuil de direction<\/p>\n<\/li>\n<li data-start=\"826\" data-end=\"870\">\n<p data-start=\"828\" data-end=\"870\"><strong data-start=\"828\" data-end=\"837\">Style<\/strong> : Design italien haut de gamme<\/p>\n<\/li>\n<li data-start=\"871\" data-end=\"931\">\n<p data-start=\"873\" data-end=\"931\"><strong data-start=\"873\" data-end=\"886\">Structure<\/strong> : Acier ou aluminium chrom\u00e9 (selon mod\u00e8le)<\/p>\n<\/li>\n<li data-start=\"932\" data-end=\"1008\">\n<p data-start=\"934\" data-end=\"1008\"><strong data-start=\"934\" data-end=\"948\">Rev\u00eatement<\/strong> : Cuir v\u00e9ritable, simili-cuir ou tissu premium (au choix)<\/p>\n<\/li>\n<li data-start=\"1009\" data-end=\"1080\">\n<p data-start=\"1011\" data-end=\"1080\"><strong data-start=\"1011\" data-end=\"1032\">Assise et dossier<\/strong> : Ergonomiques avec rembourrage haute densit\u00e9<\/p>\n<\/li>\n<li data-start=\"1081\" data-end=\"1134\">\n<p data-start=\"1083\" data-end=\"1134\"><strong data-start=\"1083\" data-end=\"1097\">Accoudoirs<\/strong> : Fixes ou r\u00e9glables selon version<\/p>\n<\/li>\n<li data-start=\"1135\" data-end=\"1259\">\n<p data-start=\"1137\" data-end=\"1154\"><strong data-start=\"1137\" data-end=\"1150\">M\u00e9canisme<\/strong> :<\/p>\n<ul data-start=\"1157\" data-end=\"1259\">\n<li data-start=\"1157\" data-end=\"1181\">\n<p data-start=\"1159\" data-end=\"1181\">Bascule synchronis\u00e9e<\/p>\n<\/li>\n<li data-start=\"1184\" data-end=\"1218\">\n<p data-start=\"1186\" data-end=\"1218\">R\u00e9glage de la hauteur d\u2019assise<\/p>\n<\/li>\n<li data-start=\"1221\" data-end=\"1259\">\n<p data-start=\"1223\" data-end=\"1259\">Inclinaison avec tension ajustable<\/p>\n<\/li>\n<\/ul>\n<\/li>\n<li data-start=\"1260\" data-end=\"1319\">\n<p data-start=\"1262\" data-end=\"1319\"><strong data-start=\"1262\" data-end=\"1270\">Base<\/strong> : \u00c9toile 5 branches sur roulettes silencieuses<\/p>\n<\/li>\n<li data-start=\"1320\" data-end=\"1393\">\n<p data-start=\"1322\" data-end=\"1393\"><strong data-start=\"1322\" data-end=\"1345\">Coloris disponibles<\/strong> : Large palette (selon finitions Luxy Italia)<\/p>\n<\/li>\n<li data-start=\"1394\" data-end=\"1484\">\n<p data-start=\"1396\" data-end=\"1484\"><strong data-start=\"1396\" data-end=\"1411\">Utilisation<\/strong> : Bureaux de direction, espaces prestigieux, home office haut de gamme<\/p>\n<\/li>\n<li data-start=\"1485\" data-end=\"1643\">\n<p data-start=\"1487\" data-end=\"1507\"><strong data-start=\"1487\" data-end=\"1503\">Points forts<\/strong> :<\/p>\n<ul data-start=\"1510\" data-end=\"1643\">\n<li data-start=\"1510\" data-end=\"1560\">\n<p data-start=\"1512\" data-end=\"1560\">Confort optimal pour une utilisation prolong\u00e9e<\/p>\n<\/li>\n<li data-start=\"1563\" data-end=\"1597\">\n<p data-start=\"1565\" data-end=\"1597\">Design raffin\u00e9 et contemporain<\/p>\n<\/li>\n<li data-start=\"1600\" data-end=\"1643\">\n<p data-start=\"1602\" data-end=\"1643\">Fabrication italienne de grande qualit\u00e9<\/p>\n<\/li>\n<\/ul>\n<\/li>\n<\/ul>","protected":false},"excerpt":{"rendered":"<p>Description du produit La chaise de bureau ex\u00e9cutive Luxy Italia incarne l\u2019\u00e9l\u00e9gance italienne et le confort haut de gamme. Con\u00e7ue<\/p>","protected":false},"featured_media":15209,"template":"","meta":[],"product_brand":[],"product_cat":[61],"product_tag":[1514],"product_country":[1503],"class_list":{"0":"post-3205","1":"product","2":"type-product","3":"status-publish","4":"has-post-thumbnail","6":"product_cat-sale-france","7":"product_tag-sale-france","8":"product_country-france","10":"first","11":"instock","12":"sale","13":"taxable","14":"shipping-taxable","15":"purchasable","16":"product-type-simple"},"_links":{"self":[{"href":"https:\/\/routinesfashione.com\/es\/wp-json\/wp\/v2\/product\/3205","targetHints":{"allow":["GET"]}}],"collection":[{"href":"https:\/\/routinesfashione.com\/es\/wp-json\/wp\/v2\/product"}],"about":[{"href":"https:\/\/routinesfashione.com\/es\/wp-json\/wp\/v2\/types\/product"}],"wp:featuredmedia":[{"embeddable":true,"href":"https:\/\/routinesfashione.com\/es\/wp-json\/wp\/v2\/media\/15209"}],"wp:attachment":[{"href":"https:\/\/routinesfashione.com\/es\/wp-json\/wp\/v2\/media?parent=3205"}],"wp:term":[{"taxonomy":"product_brand","embeddable":true,"href":"https:\/\/routinesfashione.com\/es\/wp-json\/wp\/v2\/product_brand?post=3205"},{"taxonomy":"product_cat","embeddable":true,"href":"https:\/\/routinesfashione.com\/es\/wp-json\/wp\/v2\/product_cat?post=3205"},{"taxonomy":"product_tag","embeddable":true,"href":"https:\/\/routinesfashione.com\/es\/wp-json\/wp\/v2\/product_tag?post=3205"},{"taxonomy":"product_country","embeddable":true,"href":"https:\/\/routinesfashione.com\/es\/wp-json\/wp\/v2\/product_country?post=3205"}],"curies":[{"name":"wp","href":"https:\/\/api.w.org\/{rel}","templated":true}]}}