{"id":3298,"date":"2025-09-30T20:51:09","date_gmt":"2025-09-30T20:51:09","guid":{"rendered":"https:\/\/lightgray-crow-170497.hostingersite.com\/?post_type=product&#038;p=3298"},"modified":"2025-09-30T20:51:09","modified_gmt":"2025-09-30T20:51:09","slug":"steelcase-karman-aktion-black-sustainable-ergonomic-meshchair","status":"publish","type":"product","link":"https:\/\/routinesfashione.com\/es\/produit\/steelcase-karman-aktion-black-sustainable-ergonomic-meshchair\/","title":{"rendered":"Chaise ergonomique en maille durable Steelcase Karman Aktion Black"},"content":{"rendered":"<h2 class=\"default\">Description du produit<\/h2>\n<div id=\"productDescription\" class=\"a-section a-spacing-small\">\n<p>Le Steelcase Karman est la derni\u00e8re vague de technologie de chaise. Avec son cadre \u00e9l\u00e9gant et sa maille respirante, cette chaise de bureau r\u00e9glable est parfaite pour r\u00e9pondre aux exigences en constante \u00e9volution des professionnels modernes. Au c\u0153ur du design de Karman se trouve le si\u00e8ge hybride r\u00e9volutionnaire brevet\u00e9 avec rembourrage int\u00e9gr\u00e9 qui offre un maximum de confort aussi longtemps que vous \u00eates assis. Il dispose de bords confortables autour du si\u00e8ge et du dossier soulageant les points de pression caus\u00e9s par les bords durs trouv\u00e9s sur d&#8217;autres chaises en maille, faisant de Steelcase Karman un excellent choix pour tout utilisateur. Intermix est un textile exclusif pour Steelcase Karman. L&#8217;Intermix est un textile performant exclusif qui s&#8217;int\u00e8gre parfaitement au coussin de si\u00e8ge de Karman et est construit avec un niveau cach\u00e9 d&#8217;amortissement suppl\u00e9mentaire. La technologie adaptative LiveBack de la chaise va encore plus loin, permettant au dossier de soutenir et de s&#8217;adapter en continu \u00e0 vos mouvements. Steelcase Karman regorge de fonctionnalit\u00e9s qui t\u00e9moignent de sa polyvalence. Son m\u00e9canisme de poids r\u00e9glable s&#8217;adapte \u00e0 diff\u00e9rents types de corps, ce qui en fait un choix appropri\u00e9 pour les espaces de travail partag\u00e9s. Les accoudoirs enti\u00e8rement r\u00e9glables vous invitent \u00e0 personnaliser le positionnement de votre bras, vous assurant de maintenir une posture confortable quelle que soit la t\u00e2che. Convient aussi bien pour le bureau d&#8217;entreprise que pour le bureau \u00e0 domicile, les ajustements intuitifs de Karman et le syst\u00e8me de rembourrage int\u00e9gr\u00e9 en peluche vous rendront \u00e0 la fois confortable et soutenu pendant de longues heures.<\/p>\n<h2>Informations sur le produit<\/h2>\n<div class=\"a-row\">\n<div class=\"a-column a-span12 a-span-last\">\n<div class=\"a-row a-spacing-top-base\">\n<div class=\"a-column a-span6\">\n<div class=\"a-row a-spacing-base\">\n<div class=\"a-row a-expander-container a-expander-extend-container\">\n<div class=\"a-row\">\n<div class=\"a-column a-span6\">\n<h1 class=\"a-size-medium a-spacing-small\">D\u00e9tails techniques<\/h1>\n<\/div>\n<\/div>\n<div class=\"a-expander-content a-expander-extend-content\" data-expanded=\"true\">\n<div class=\"a-row a-expander-container a-expander-inline-container\">\n<div class=\"a-expander-content a-expander-section-content a-section-expander-inner\" data-expanded=\"true\">\n<table id=\"productDetails_techSpec_section_1\" class=\"a-keyvalue prodDetTable\">\n<tbody>\n<tr>\n<th class=\"a-color-secondary a-size-base prodDetSectionEntry\">Marque<\/th>\n<td class=\"a-size-base prodDetAttrValue\">\u200eSteelcase<\/td>\n<\/tr>\n<tr>\n<th class=\"a-color-secondary a-size-base prodDetSectionEntry\">Num\u00e9ro de mod\u00e8le<\/th>\n<td class=\"a-size-base prodDetAttrValue\">\u200eSX7K1HG70JQMPCXRJ3<\/td>\n<\/tr>\n<tr>\n<th class=\"a-color-secondary a-size-base prodDetSectionEntry\">Couleur<\/th>\n<td class=\"a-size-base prodDetAttrValue\">\u200eNoir\/blanc<\/td>\n<\/tr>\n<tr>\n<th class=\"a-color-secondary a-size-base prodDetSectionEntry\">Dimensions du produit<\/th>\n<td class=\"a-size-base prodDetAttrValue\">\u200e74,93 x 82,55 x 74,93 cm; 21,32 kilogrammes<\/td>\n<\/tr>\n<tr>\n<th class=\"a-color-secondary a-size-base prodDetSectionEntry\">Fonctionnalit\u00e9s sp\u00e9ciales<\/th>\n<td class=\"a-size-base prodDetAttrValue\">\u200eBras, Coussin disponible, Ergonomique<\/td>\n<\/tr>\n<tr>\n<th class=\"a-color-secondary a-size-base prodDetSectionEntry\">Poids de l&#8217;article<\/th>\n<td class=\"a-size-base prodDetAttrValue\">\u200e21,3 kg<\/td>\n<\/tr>\n<\/tbody>\n<\/table>\n<div id=\"featurebullets_feature_div\" class=\"celwidget\" data-feature-name=\"featurebullets\" data-csa-c-type=\"widget\" data-csa-c-content-id=\"featurebullets\" data-csa-c-slot-id=\"featurebullets_feature_div\" data-csa-c-asin=\"B0CSHVBTND\" data-csa-c-is-in-initial-active-row=\"false\" data-csa-c-id=\"ekpnwb-u2am9o-q1hdl5-phj6u\" data-cel-widget=\"featurebullets_feature_div\">\n<div id=\"feature-bullets\" class=\"a-section a-spacing-medium a-spacing-top-small\">\n<h1 class=\"a-size-base-plus a-text-bold\">\u00c0 propos de cet article<\/h1>\n<ul class=\"a-unordered-list a-vertical a-spacing-mini\">\n<li class=\"a-spacing-mini\"><span class=\"a-list-item\">Chaise de bureau ergonomique et r\u00e9glable : le Steelcase Karman dispose d&#8217;un soutien lombaire activ\u00e9 par le poids qui r\u00e9pond automatiquement \u00e0 votre corps lorsque vous \u00eates assis<\/span><\/li>\n<li class=\"a-spacing-mini\"><span class=\"a-list-item\">Chaise de bureau en maille : Karman utilise un textile exclusif Intermix qui va au-del\u00e0 de la maille pour fournir un confort sans effort : il ne s&#8217;affaisse pas ou ne se sent pas raide<\/span><\/li>\n<li class=\"a-spacing-mini\"><span class=\"a-list-item\">Coussin de chaise en maille confortable : cette chaise d&#8217;ordinateur dispose d&#8217;un coussin hybride brevet\u00e9 pour une meilleure assise, conduisant \u00e0 un confort ultime jusqu&#8217;\u00e0 8 \u00e0 10 heures<\/span><\/li>\n<li class=\"a-spacing-mini\"><span class=\"a-list-item\">Design intelligent : avec un si\u00e8ge suspendu, cette chaise de bureau r\u00e9glable offre une exp\u00e9rience d&#8217;assise de haute technologie r\u00e9duisant les points de pression et la fatigue<\/span><\/li>\n<li class=\"a-spacing-mini\"><span class=\"a-list-item\">Nos si\u00e8ges haute performance vous aident \u00e0 faire votre meilleur travail ; soutenus par la recherche, l&#8217;innovation et les normes de qualit\u00e9 et de durabilit\u00e9 in\u00e9branlables de Steelcase<\/span><\/li>\n<\/ul>\n<\/div>\n<\/div>\n<\/div>\n<\/div>\n<\/div>\n<\/div>\n<\/div>\n<\/div>\n<\/div>\n<\/div>\n<\/div>\n<\/div>","protected":false},"excerpt":{"rendered":"<p>Description du produit Le Steelcase Karman est la derni\u00e8re vague de technologie de chaise. Avec son cadre \u00e9l\u00e9gant et sa<\/p>","protected":false},"featured_media":15286,"template":"","meta":[],"product_brand":[],"product_cat":[61],"product_tag":[1514],"product_country":[1503],"class_list":{"0":"post-3298","1":"product","2":"type-product","3":"status-publish","4":"has-post-thumbnail","6":"product_cat-sale-france","7":"product_tag-sale-france","8":"product_country-france","10":"first","11":"instock","12":"sale","13":"taxable","14":"shipping-taxable","15":"purchasable","16":"product-type-simple"},"_links":{"self":[{"href":"https:\/\/routinesfashione.com\/es\/wp-json\/wp\/v2\/product\/3298","targetHints":{"allow":["GET"]}}],"collection":[{"href":"https:\/\/routinesfashione.com\/es\/wp-json\/wp\/v2\/product"}],"about":[{"href":"https:\/\/routinesfashione.com\/es\/wp-json\/wp\/v2\/types\/product"}],"wp:featuredmedia":[{"embeddable":true,"href":"https:\/\/routinesfashione.com\/es\/wp-json\/wp\/v2\/media\/15286"}],"wp:attachment":[{"href":"https:\/\/routinesfashione.com\/es\/wp-json\/wp\/v2\/media?parent=3298"}],"wp:term":[{"taxonomy":"product_brand","embeddable":true,"href":"https:\/\/routinesfashione.com\/es\/wp-json\/wp\/v2\/product_brand?post=3298"},{"taxonomy":"product_cat","embeddable":true,"href":"https:\/\/routinesfashione.com\/es\/wp-json\/wp\/v2\/product_cat?post=3298"},{"taxonomy":"product_tag","embeddable":true,"href":"https:\/\/routinesfashione.com\/es\/wp-json\/wp\/v2\/product_tag?post=3298"},{"taxonomy":"product_country","embeddable":true,"href":"https:\/\/routinesfashione.com\/es\/wp-json\/wp\/v2\/product_country?post=3298"}],"curies":[{"name":"wp","href":"https:\/\/api.w.org\/{rel}","templated":true}]}}