{"id":3526,"date":"2025-09-30T20:36:59","date_gmt":"2025-09-30T20:36:59","guid":{"rendered":"https:\/\/lightgray-crow-170497.hostingersite.com\/?post_type=product&#038;p=3526"},"modified":"2025-09-30T20:36:59","modified_gmt":"2025-09-30T20:36:59","slug":"gazebo-forest-en-bois-de-conifere-et-revetement-en-pvc-blanc-avec-grilles-cm-300x300-260h","status":"publish","type":"product","link":"https:\/\/routinesfashione.com\/es\/produit\/gazebo-forest-en-bois-de-conifere-et-revetement-en-pvc-blanc-avec-grilles-cm-300x300-260h\/","title":{"rendered":"Gazebo &#8222;Forest&#8220; en bois de conif\u00e8re et rev\u00eatement en PVC blanc avec grilles cm 300&#215;300 260h"},"content":{"rendered":"<h3 data-start=\"192\" data-end=\"227\"><strong data-start=\"199\" data-end=\"225\">Description du produit<\/strong><\/h3>\n<p data-start=\"228\" data-end=\"575\">Le <strong data-start=\"231\" data-end=\"250\">gazebo \u201cForest\u201d<\/strong> est une <strong data-start=\"259\" data-end=\"291\">tonnelle \u00e9l\u00e9gante et robuste<\/strong> qui combine <strong data-start=\"304\" data-end=\"344\">bois naturel et rev\u00eatement PVC blanc<\/strong> pour cr\u00e9er un espace ext\u00e9rieur raffin\u00e9 et fonctionnel. Con\u00e7u en <strong data-start=\"409\" data-end=\"436\">bois de conif\u00e8re massif<\/strong>, il offre une <strong data-start=\"451\" data-end=\"471\">structure solide<\/strong>, tandis que son <strong data-start=\"488\" data-end=\"503\">toit en PVC<\/strong> assure une excellente protection contre le soleil et la pluie l\u00e9g\u00e8re.<\/p>\n<p data-start=\"577\" data-end=\"809\">Gr\u00e2ce \u00e0 ses <strong data-start=\"589\" data-end=\"622\">grilles lat\u00e9rales d\u00e9coratives<\/strong>, il est possible d\u2019ajouter des plantes grimpantes ou des rideaux pour plus d\u2019intimit\u00e9 et de style. Id\u00e9al pour am\u00e9nager un coin lounge, un espace repas ou un abri spa dans votre jardin.<\/p>\n<hr data-start=\"811\" data-end=\"814\" \/>\n<h3 data-start=\"816\" data-end=\"856\"><strong data-start=\"823\" data-end=\"854\">Caract\u00e9ristiques techniques<\/strong><\/h3>\n<ul data-start=\"858\" data-end=\"1745\">\n<li data-start=\"858\" data-end=\"898\">\n<p data-start=\"860\" data-end=\"898\"><strong data-start=\"860\" data-end=\"878\">Nom du produit<\/strong> : Gazebo \u201cForest\u201d<\/p>\n<\/li>\n<li data-start=\"899\" data-end=\"950\">\n<p data-start=\"901\" data-end=\"950\"><strong data-start=\"901\" data-end=\"915\">Dimensions<\/strong> : 300 x 300 x 260 cm (L x l x H)<\/p>\n<\/li>\n<li data-start=\"951\" data-end=\"990\">\n<p data-start=\"953\" data-end=\"990\"><strong data-start=\"953\" data-end=\"973\">Surface couverte<\/strong> : 9 m\u00b2 environ<\/p>\n<\/li>\n<li data-start=\"991\" data-end=\"1031\">\n<p data-start=\"993\" data-end=\"1031\"><strong data-start=\"993\" data-end=\"1001\">Type<\/strong> : Gazebo \/ tonnelle en bois<\/p>\n<\/li>\n<li data-start=\"1032\" data-end=\"1107\">\n<p data-start=\"1034\" data-end=\"1107\"><strong data-start=\"1034\" data-end=\"1047\">Structure<\/strong> : Bois de conif\u00e8re massif (sapin ou \u00e9pic\u00e9a), certifi\u00e9 FSC<\/p>\n<\/li>\n<li data-start=\"1108\" data-end=\"1187\">\n<p data-start=\"1110\" data-end=\"1187\"><strong data-start=\"1110\" data-end=\"1132\">Rev\u00eatement du toit<\/strong> : PVC blanc haute r\u00e9sistance, imperm\u00e9able et anti-UV<\/p>\n<\/li>\n<li data-start=\"1188\" data-end=\"1287\">\n<p data-start=\"1190\" data-end=\"1287\"><strong data-start=\"1190\" data-end=\"1213\">\u00c9l\u00e9ments d\u00e9coratifs<\/strong> : Grilles lat\u00e9rales en bois int\u00e9gr\u00e9es (id\u00e9ales pour plantes grimpantes)<\/p>\n<\/li>\n<li data-start=\"1288\" data-end=\"1324\">\n<p data-start=\"1290\" data-end=\"1324\"><strong data-start=\"1290\" data-end=\"1299\">Style<\/strong> : Classique et naturel<\/p>\n<\/li>\n<li data-start=\"1325\" data-end=\"1379\">\n<p data-start=\"1327\" data-end=\"1379\"><strong data-start=\"1327\" data-end=\"1349\">Couleur \/ finition<\/strong> : Bois naturel + toit blanc<\/p>\n<\/li>\n<\/ul>","protected":false},"excerpt":{"rendered":"<p>Description du produit Le gazebo \u201cForest\u201d est une tonnelle \u00e9l\u00e9gante et robuste qui combine bois naturel et rev\u00eatement PVC blanc<\/p>","protected":false},"featured_media":15455,"template":"","meta":[],"product_brand":[],"product_cat":[61],"product_tag":[1514],"product_country":[1503],"class_list":{"0":"post-3526","1":"product","2":"type-product","3":"status-publish","4":"has-post-thumbnail","6":"product_cat-sale-france","7":"product_tag-sale-france","8":"product_country-france","10":"first","11":"instock","12":"sale","13":"taxable","14":"shipping-taxable","15":"purchasable","16":"product-type-simple"},"_links":{"self":[{"href":"https:\/\/routinesfashione.com\/es\/wp-json\/wp\/v2\/product\/3526","targetHints":{"allow":["GET"]}}],"collection":[{"href":"https:\/\/routinesfashione.com\/es\/wp-json\/wp\/v2\/product"}],"about":[{"href":"https:\/\/routinesfashione.com\/es\/wp-json\/wp\/v2\/types\/product"}],"wp:featuredmedia":[{"embeddable":true,"href":"https:\/\/routinesfashione.com\/es\/wp-json\/wp\/v2\/media\/15455"}],"wp:attachment":[{"href":"https:\/\/routinesfashione.com\/es\/wp-json\/wp\/v2\/media?parent=3526"}],"wp:term":[{"taxonomy":"product_brand","embeddable":true,"href":"https:\/\/routinesfashione.com\/es\/wp-json\/wp\/v2\/product_brand?post=3526"},{"taxonomy":"product_cat","embeddable":true,"href":"https:\/\/routinesfashione.com\/es\/wp-json\/wp\/v2\/product_cat?post=3526"},{"taxonomy":"product_tag","embeddable":true,"href":"https:\/\/routinesfashione.com\/es\/wp-json\/wp\/v2\/product_tag?post=3526"},{"taxonomy":"product_country","embeddable":true,"href":"https:\/\/routinesfashione.com\/es\/wp-json\/wp\/v2\/product_country?post=3526"}],"curies":[{"name":"wp","href":"https:\/\/api.w.org\/{rel}","templated":true}]}}