{"id":3560,"date":"2025-08-05T19:39:23","date_gmt":"2025-08-05T19:39:23","guid":{"rendered":"https:\/\/lightgray-crow-170497.hostingersite.com\/?post_type=product&#038;p=3560"},"modified":"2025-09-30T21:03:54","modified_gmt":"2025-09-30T21:03:54","slug":"stiga-cortacesped-de-bateria-combi-344e-kit","status":"publish","type":"product","link":"https:\/\/routinesfashione.com\/es\/produit\/stiga-cortacesped-de-bateria-combi-344e-kit\/","title":{"rendered":"Stiga Accu Grasmaaier Combi 344e Kit"},"content":{"rendered":"<div class=\"product-tabs-wrapper\">\n<div class=\"container product-tabs-inner\">\n<div class=\"woocommerce-tabs wc-tabs-wrapper tabs-layout-tabs wd-opener-pos-right wd-opener-style-arrow\" data-state=\"first\" data-layout=\"tabs\">\n<div class=\"wd-accordion-item\">\n<div id=\"tab-description\" class=\"entry-content woocommerce-Tabs-panel woocommerce-Tabs-panel--description wd-active panel wc-tab\" role=\"tabpanel\" aria-labelledby=\"tab-title-description\" data-accordion-index=\"description\">\n<div class=\"wc-tab-inner wd-entry-content\">\n<div class=\"tsu-truncate-text__content\"><span dir=\"auto\">Het hart van uw Combi 344e Kit elektrische grasmaaier is een ePower450-accu, ontwikkeld en getest door STIGA in Itali\u00eb. Het is een krachtige 48V, 5Ah grasmaaieraccu die tot 450 m2 maait op \u00e9\u00e9n lading, waardoor hij perfect is voor het maaien van grotere gazons. En omdat hij op accu werkt, heeft u geen last van vervelende kabels of vervuilende uitstoot. Hij is ook stiller dan een typische benzinemaaier. U kunt kiezen uit zes maaihoogtes en of u uw gras wilt mulchen, opvangen of zijwaarts wilt uitwerpen. Met \u00e9\u00e9n druk op de knop kunt u aan de slag. De maaibreedte van 42 cm verkort de maaitijd. Het gras wordt opgevangen in een geoptimaliseerde grasopvangbak van 50 liter, met ventilatiegaten aan de zijkant en een handgreep voor eenvoudig legen. De Combi 344e Kit accu grasmaaier is ook voorzien van een anti-verbrandingskam aan de voorzijde om schade aan het gazon te voorkomen, een verstelbare softgrip handgreep met een ergonomische hendel en een draagbeugel voor eenvoudig tillen. Als u klaar bent met maaien, klapt u de handgreep eenvoudig in voor eenvoudige opberging. Of, als u dat liever doet, zet u de handgreep in de &#8222;S&#8220;-stand en hangt u hem aan de muur.<\/span><\/div>\n<div class=\"allow active\" role=\"tab\" data-role=\"collapsible\" data-collapsible=\"true\" aria-expanded=\"true\">\n<h2 data-role=\"trigger\"><span class=\"text text-sm\"><span dir=\"auto\">Algemene informatie<\/span><\/span><\/h2>\n<\/div>\n<div class=\"allow\" role=\"tabpanel\" data-role=\"content\" aria-hidden=\"false\">\n<div class=\"product-specs__attributes\">\n<div class=\"product-specs__attribute\">\n<div class=\"attribute text text-xs\">\n<div class=\"label\"><strong><span dir=\"auto\">Lineup<\/span><\/strong><span dir=\"auto\">\u00a0\u00a0 \u00a0 \u00a0 Combi<\/span><\/div>\n<\/div>\n<\/div>\n<div class=\"product-specs__attribute\">\n<div class=\"attribute text text-xs\">\n<div class=\"label\"><strong><span dir=\"auto\">Voorraadbeheereenheid (SKU)\u00a0<\/span><\/strong><span dir=\"auto\">\u00a0\u00a0 \u00a0 294426068\/ST2<\/span><\/div>\n<\/div>\n<\/div>\n<div class=\"product-specs__attribute\">\n<div class=\"attribute text text-xs\">\n<div class=\"label\"><strong><span dir=\"auto\">EAN\/UPC\u00a0 \u00a0 \u00a0<\/span><\/strong><span dir=\"auto\">\u00a0-nummer 8008984852136<\/span><\/div>\n<\/div>\n<\/div>\n<div class=\"product-specs__attribute\">\n<div class=\"attribute text text-xs\">\n<div class=\"label\"><strong><span dir=\"auto\">Niveau\u00a0 \u00a0<\/span><\/strong><span dir=\"auto\">\u00a0\u00a0 Essentieel<\/span><\/div>\n<\/div>\n<\/div>\n<div class=\"product-specs__attribute\">\n<div class=\"attribute text text-xs\">\n<div class=\"label\"><strong><span dir=\"auto\">Serie\u00a0 \u00a0<\/span><\/strong><span dir=\"auto\">\u00a0\u00a0 Serie 3, ePower 48 V<\/span><\/div>\n<\/div>\n<\/div>\n<\/div>\n<\/div>\n<div class=\"allow active\" role=\"tab\" data-role=\"collapsible\" data-collapsible=\"true\" aria-expanded=\"true\">\n<h2 data-role=\"trigger\"><span class=\"text text-sm\"><span dir=\"auto\">Stroom<\/span><\/span><\/h2>\n<\/div>\n<div role=\"tabpanel\" data-role=\"content\" aria-hidden=\"false\">\n<div class=\"product-specs__attributes\">\n<div class=\"product-specs__attribute\">\n<div class=\"attribute text text-xs\">\n<div class=\"label\"><strong><span dir=\"auto\">Voeding\u00a0<\/span><\/strong><span dir=\"auto\">\u00a0\u00a0 \u00a0 Batterij<\/span><\/div>\n<\/div>\n<\/div>\n<div class=\"product-specs__attribute\">\n<div class=\"attribute text text-xs\">\n<div class=\"label\"><strong><span dir=\"auto\">Batterijcapaciteit\u00a0<\/span><\/strong><span dir=\"auto\">\u00a0\u00a05 Ah<\/span><\/div>\n<\/div>\n<\/div>\n<div class=\"product-specs__attribute\">\n<div class=\"attribute text text-xs\">\n<div class=\"label\"><strong><span dir=\"auto\">ePower\u00a0<\/span><\/strong><span dir=\"auto\">\u00a0\u00a0 \u00a0 Ja<\/span><\/div>\n<\/div>\n<\/div>\n<div class=\"product-specs__attribute\">\n<div class=\"attribute text text-xs\">\n<div class=\"label\"><strong><span dir=\"auto\">Vermogen\u00a0 \u00a0 \u00a0\u00a0<\/span><\/strong><span dir=\"auto\">1,3 kW<\/span><\/div>\n<\/div>\n<\/div>\n<div class=\"product-specs__attribute\">\n<div class=\"attribute text text-xs\">\n<div class=\"label\"><strong><span dir=\"auto\">Spanning\u00a0 \u00a0 \u00a0\u00a0<\/span><\/strong><span dir=\"auto\">48 Volt<\/span><\/div>\n<\/div>\n<\/div>\n<div class=\"product-specs__attribute\">\n<div class=\"attribute text text-xs\">\n<div class=\"label\"><strong><span dir=\"auto\">Drumkit inbegrepen<\/span><\/strong><\/div>\n<\/div>\n<\/div>\n<div class=\"product-specs__attribute\">\n<div class=\"attribute text text-xs\">\n<div class=\"label\"><strong><span dir=\"auto\">Nominale spanning van lithiumbatterij\u00a0 \u00a0<\/span><\/strong><span dir=\"auto\">\u00a0\u00a0 216 Wh<\/span><\/div>\n<\/div>\n<\/div>\n<div class=\"product-specs__attribute\">\n<div class=\"attribute text text-xs\">\n<div class=\"label\"><strong><span dir=\"auto\">Snijoppervlak\u00a0<\/span><\/strong><span dir=\"auto\"> \u00a0 \u00a0 400 \u33a1<\/span><\/div>\n<\/div>\n<\/div>\n<\/div>\n<\/div>\n<\/div>\n<\/div>\n<\/div>\n<\/div>\n<\/div>\n<\/div>","protected":false},"excerpt":{"rendered":"<p>Het hart van uw Combi 344e Kit elektrische grasmaaier is een ePower450-accu, ontwikkeld en getest door STIGA in Itali\u00eb. Het<\/p>","protected":false},"featured_media":16035,"template":"","meta":[],"product_brand":[],"product_cat":[62],"product_tag":[63],"product_country":[1504],"class_list":{"0":"post-3560","1":"product","2":"type-product","3":"status-publish","4":"has-post-thumbnail","6":"product_cat-mover","7":"product_tag-mover","8":"product_country-netherlands","10":"first","11":"instock","12":"sale","13":"taxable","14":"shipping-taxable","15":"purchasable","16":"product-type-simple"},"_links":{"self":[{"href":"https:\/\/routinesfashione.com\/es\/wp-json\/wp\/v2\/product\/3560","targetHints":{"allow":["GET"]}}],"collection":[{"href":"https:\/\/routinesfashione.com\/es\/wp-json\/wp\/v2\/product"}],"about":[{"href":"https:\/\/routinesfashione.com\/es\/wp-json\/wp\/v2\/types\/product"}],"wp:featuredmedia":[{"embeddable":true,"href":"https:\/\/routinesfashione.com\/es\/wp-json\/wp\/v2\/media\/16035"}],"wp:attachment":[{"href":"https:\/\/routinesfashione.com\/es\/wp-json\/wp\/v2\/media?parent=3560"}],"wp:term":[{"taxonomy":"product_brand","embeddable":true,"href":"https:\/\/routinesfashione.com\/es\/wp-json\/wp\/v2\/product_brand?post=3560"},{"taxonomy":"product_cat","embeddable":true,"href":"https:\/\/routinesfashione.com\/es\/wp-json\/wp\/v2\/product_cat?post=3560"},{"taxonomy":"product_tag","embeddable":true,"href":"https:\/\/routinesfashione.com\/es\/wp-json\/wp\/v2\/product_tag?post=3560"},{"taxonomy":"product_country","embeddable":true,"href":"https:\/\/routinesfashione.com\/es\/wp-json\/wp\/v2\/product_country?post=3560"}],"curies":[{"name":"wp","href":"https:\/\/api.w.org\/{rel}","templated":true}]}}