{"id":360,"date":"2025-09-30T20:55:50","date_gmt":"2025-09-30T20:55:50","guid":{"rendered":"https:\/\/lightgray-crow-170497.hostingersite.com\/?post_type=product&#038;p=360"},"modified":"2025-09-30T20:55:50","modified_gmt":"2025-09-30T20:55:50","slug":"grin-hm53a-instart","status":"publish","type":"product","link":"https:\/\/routinesfashione.com\/es\/produit\/grin-hm53a-instart\/","title":{"rendered":"Grin hm53a instart"},"content":{"rendered":"<h3 data-start=\"156\" data-end=\"184\">Description du produit<\/h3>\n<p data-start=\"185\" data-end=\"733\">La <strong data-start=\"188\" data-end=\"210\">GRIN HM53A InStart<\/strong> est une tondeuse \u00e0 essence haut de gamme con\u00e7ue pour les grandes surfaces (1 200 \u00e0 3 000 m\u00b2 environ). Elle allie puissance, confort et innovation. Gr\u00e2ce \u00e0 son moteur Briggs &amp; Stratton 163 cm\u00b3 avec technologie <em data-start=\"420\" data-end=\"429\">InStart<\/em>, le d\u00e9marrage s\u2019effectue simplement en appuyant sur un bouton et non en tirant sur une corde. Elle poss\u00e8de le syst\u00e8me brevet\u00e9 GRIN qui broie tr\u00e8s finement l\u2019herbe pendant la tonte (mulching), sans bac de ramassage : les d\u00e9chets d\u2019herbe sont redistribu\u00e9s directement sur le sol comme fertilisant naturel.<\/p>\n<p data-start=\"735\" data-end=\"1058\">Le ch\u00e2ssis est robuste, en acier renforc\u00e9, avec des roues en acier \u00e0 roulements doubles. Le guidon est pliable et \u00e9quip\u00e9 de r\u00e9glages anti-vibrations pour plus de confort. L\u2019ensemble est pens\u00e9 pour durer, avec des composants r\u00e9sistants, une utilisation facile, et un rangement compact (possibilit\u00e9 de stocker verticalement).<\/p>\n<hr data-start=\"1060\" data-end=\"1063\" \/>\n<h3 data-start=\"1065\" data-end=\"1096\">Sp\u00e9cifications techniques<\/h3>\n<div class=\"_tableContainer_1rjym_1\">\n<div class=\"group _tableWrapper_1rjym_13 flex w-fit flex-col-reverse\" tabindex=\"-1\">\n<table class=\"w-fit min-w-(--thread-content-width)\" data-start=\"1098\" data-end=\"1990\">\n<thead data-start=\"1098\" data-end=\"1126\">\n<tr data-start=\"1098\" data-end=\"1126\">\n<th data-start=\"1098\" data-end=\"1116\" data-col-size=\"sm\">Caract\u00e9ristique<\/th>\n<th data-start=\"1116\" data-end=\"1126\" data-col-size=\"md\">D\u00e9tail<\/th>\n<\/tr>\n<\/thead>\n<tbody data-start=\"1137\" data-end=\"1990\">\n<tr data-start=\"1137\" data-end=\"1154\">\n<td data-start=\"1137\" data-end=\"1146\" data-col-size=\"sm\">Marque<\/td>\n<td data-start=\"1146\" data-end=\"1154\" data-col-size=\"md\">GRIN<\/td>\n<\/tr>\n<tr data-start=\"1155\" data-end=\"1181\">\n<td data-start=\"1155\" data-end=\"1164\" data-col-size=\"sm\">Mod\u00e8le<\/td>\n<td data-start=\"1164\" data-end=\"1181\" data-col-size=\"md\">HM53A InStart<\/td>\n<\/tr>\n<tr data-start=\"1182\" data-end=\"1242\">\n<td data-start=\"1182\" data-end=\"1189\" data-col-size=\"sm\">Type<\/td>\n<td data-start=\"1189\" data-end=\"1242\" data-col-size=\"md\">Tondeuse thermique autotract\u00e9e (traction arri\u00e8re)<\/td>\n<\/tr>\n<tr data-start=\"1243\" data-end=\"1304\">\n<td data-start=\"1243\" data-end=\"1252\" data-col-size=\"sm\">Moteur<\/td>\n<td data-start=\"1252\" data-end=\"1304\" data-col-size=\"md\">Briggs &amp; Stratton 6.75 INSTART, 4 temps, 163 cm\u00b3<\/td>\n<\/tr>\n<tr data-start=\"1305\" data-end=\"1390\">\n<td data-start=\"1305\" data-end=\"1317\" data-col-size=\"sm\">D\u00e9marrage<\/td>\n<td data-start=\"1317\" data-end=\"1390\" data-col-size=\"md\">\u00c9lectrique par bouton (batterie lithium-ion d\u00e9di\u00e9e pour le d\u00e9marrage)<\/td>\n<\/tr>\n<tr data-start=\"1391\" data-end=\"1419\">\n<td data-start=\"1391\" data-end=\"1410\" data-col-size=\"sm\">Largeur de coupe<\/td>\n<td data-start=\"1410\" data-end=\"1419\" data-col-size=\"md\">53 cm<\/td>\n<\/tr>\n<tr data-start=\"1420\" data-end=\"1477\">\n<td data-start=\"1420\" data-end=\"1439\" data-col-size=\"sm\">Hauteur de coupe<\/td>\n<td data-start=\"1439\" data-end=\"1477\" data-col-size=\"md\">4 positions r\u00e9glables (\u2248 25-70 mm)<\/td>\n<\/tr>\n<tr data-start=\"1478\" data-end=\"1563\">\n<td data-start=\"1478\" data-end=\"1498\" data-col-size=\"sm\">Fonction de coupe<\/td>\n<td data-start=\"1498\" data-end=\"1563\" data-col-size=\"md\">Mulching \/ pulv\u00e9\u00adrisation de l\u2019herbe (pas de bac de collecte)<\/td>\n<\/tr>\n<tr data-start=\"1564\" data-end=\"1622\">\n<td data-start=\"1564\" data-end=\"1583\" data-col-size=\"sm\">Ch\u00e2ssis \/ carter<\/td>\n<td data-start=\"1583\" data-end=\"1622\" data-col-size=\"md\">Acier renforc\u00e9, verni (ep. robuste)<\/td>\n<\/tr>\n<tr data-start=\"1623\" data-end=\"1693\">\n<td data-start=\"1623\" data-end=\"1631\" data-col-size=\"sm\">Roues<\/td>\n<td data-start=\"1631\" data-end=\"1693\" data-col-size=\"md\">Acier avec doubles roulements \u00e0 billes, profil \u201cGrip GRIN\u201d<\/td>\n<\/tr>\n<tr data-start=\"1694\" data-end=\"1746\">\n<td data-start=\"1694\" data-end=\"1703\" data-col-size=\"sm\">Guidon<\/td>\n<td data-start=\"1703\" data-end=\"1746\" data-col-size=\"md\">Pliable, r\u00e9glage rapide, anti-vibration<\/td>\n<\/tr>\n<tr data-start=\"1747\" data-end=\"1772\">\n<td data-start=\"1747\" data-end=\"1755\" data-col-size=\"sm\">Poids<\/td>\n<td data-start=\"1755\" data-end=\"1772\" data-col-size=\"md\">Environ 35 kg<\/td>\n<\/tr>\n<tr data-start=\"1773\" data-end=\"1815\">\n<td data-start=\"1773\" data-end=\"1795\" data-col-size=\"sm\">Surface recommand\u00e9e<\/td>\n<td data-start=\"1795\" data-end=\"1815\" data-col-size=\"md\">1 200 \u00e0 3 000 m\u00b2<\/td>\n<\/tr>\n<tr data-start=\"1816\" data-end=\"1868\">\n<td data-start=\"1816\" data-end=\"1837\" data-col-size=\"sm\">Tol\u00e9rance de pente<\/td>\n<td data-start=\"1837\" data-end=\"1868\" data-col-size=\"md\">Jusqu\u2019\u00e0 ~ 20\u00b0 selon terrain<\/td>\n<\/tr>\n<tr data-start=\"1869\" data-end=\"1990\">\n<td data-start=\"1869\" data-end=\"1894\" data-col-size=\"sm\">Rangements \/ transport<\/td>\n<td data-start=\"1894\" data-end=\"1990\" data-col-size=\"md\">Poign\u00e9e(s) pour portage, guidon repliable, version \u201cMow\u2019n\u2019Stow\u201d (stockage vertical possible)<\/td>\n<\/tr>\n<\/tbody>\n<\/table>\n<\/div>\n<\/div>","protected":false},"excerpt":{"rendered":"<p>Description du produit La GRIN HM53A InStart est une tondeuse \u00e0 essence haut de gamme con\u00e7ue pour les grandes surfaces<\/p>","protected":false},"featured_media":19583,"template":"","meta":[],"product_brand":[],"product_cat":[64],"product_tag":[65],"product_country":[1503],"class_list":{"0":"post-360","1":"product","2":"type-product","3":"status-publish","4":"has-post-thumbnail","6":"product_cat-movers","7":"product_tag-movers","8":"product_country-france","10":"first","11":"instock","12":"sale","13":"taxable","14":"shipping-taxable","15":"purchasable","16":"product-type-simple"},"_links":{"self":[{"href":"https:\/\/routinesfashione.com\/es\/wp-json\/wp\/v2\/product\/360","targetHints":{"allow":["GET"]}}],"collection":[{"href":"https:\/\/routinesfashione.com\/es\/wp-json\/wp\/v2\/product"}],"about":[{"href":"https:\/\/routinesfashione.com\/es\/wp-json\/wp\/v2\/types\/product"}],"wp:featuredmedia":[{"embeddable":true,"href":"https:\/\/routinesfashione.com\/es\/wp-json\/wp\/v2\/media\/19583"}],"wp:attachment":[{"href":"https:\/\/routinesfashione.com\/es\/wp-json\/wp\/v2\/media?parent=360"}],"wp:term":[{"taxonomy":"product_brand","embeddable":true,"href":"https:\/\/routinesfashione.com\/es\/wp-json\/wp\/v2\/product_brand?post=360"},{"taxonomy":"product_cat","embeddable":true,"href":"https:\/\/routinesfashione.com\/es\/wp-json\/wp\/v2\/product_cat?post=360"},{"taxonomy":"product_tag","embeddable":true,"href":"https:\/\/routinesfashione.com\/es\/wp-json\/wp\/v2\/product_tag?post=360"},{"taxonomy":"product_country","embeddable":true,"href":"https:\/\/routinesfashione.com\/es\/wp-json\/wp\/v2\/product_country?post=360"}],"curies":[{"name":"wp","href":"https:\/\/api.w.org\/{rel}","templated":true}]}}