{"id":3731,"date":"2025-08-05T20:38:20","date_gmt":"2025-08-05T20:38:20","guid":{"rendered":"https:\/\/lightgray-crow-170497.hostingersite.com\/?post_type=product&#038;p=3731"},"modified":"2025-09-30T21:12:46","modified_gmt":"2025-09-30T21:12:46","slug":"cortacesped-inalambrico-dewalt-dcmw564p2-qw-de-48-cm-y-2-baterias-de-iones-de-litio-de-18-v-y-50-ah","status":"publish","type":"product","link":"https:\/\/routinesfashione.com\/es\/produit\/cortacesped-inalambrico-dewalt-dcmw564p2-qw-de-48-cm-y-2-baterias-de-iones-de-litio-de-18-v-y-50-ah\/","title":{"rendered":"Oplaadbare DeWalt DCMW564P2-QW van 48 cm en 2 lithium-ionbatterijen van 18 V en 5,0 Ah"},"content":{"rendered":"<ul class=\"a-unordered-list a-vertical a-spacing-mini\">\n<li class=\"a-spacing-mini\"><span class=\"a-list-item\"><span dir=\"auto\">DISFRUTA DE LA POTENCIA DE NUESTRA CORTAC\u00c9SPED: Met een motor die escobillas en sin carbono is, is deze 18 V-voorhoede-cortadora uitgerust met technologie XR (eXtreme Runtime). Dankzij de RESISTANTE BATTERIJEN VAN IONEN VAN LITIO VAN 18 V en 5 Ah, kunnen de forma-snelheid en sencilla snel worden gestopt. Op het panel de control moet het laadstation van de accu staan.<\/span><\/span><\/li>\n<li class=\"a-spacing-mini\"><span class=\"a-list-item\"><span dir=\"auto\">Geschikt voor alle soorten c\u00e9spedes en tuinen: gracias a sus 5 alturas de corte (25 mm, 38 mm, 57 mm, 74 mm en 86 mm) en een ancho de corte de 48 cm, deze cortac\u00e9sped is gemakkelijk aan te passen aan alle soorten c\u00e9spedes y cortes.<\/span><\/span><\/li>\n<li class=\"a-spacing-mini\"><span class=\"a-list-item\"><span dir=\"auto\">Ontdek het tuingereedschap met de meegeleverde accessoires: de inal\u00e1mbrico cortac\u00e9sped inal\u00e1mbrico para jard\u00edn with triturador y recogida de c\u00e9sped in het depot van 55 l met 2 Litio ionenbatterijen XR 18 V 5 Ah en een multispanningslader.<\/span><br \/>\n<\/span><\/p>\n<table class=\"a-normal a-spacing-micro\">\n<tbody>\n<tr class=\"a-spacing-small po-brand\">\n<td class=\"a-span3\"><span class=\"a-size-base a-text-bold\"><span dir=\"auto\">Nombre de marca<\/span><\/span><\/td>\n<td class=\"a-span9\"><span class=\"a-size-base po-break-word\"><span dir=\"auto\">DEWALT<\/span><\/span><\/td>\n<\/tr>\n<tr class=\"a-spacing-small po-power_source_type\">\n<td class=\"a-span3\"><span class=\"a-size-base a-text-bold\"><span dir=\"auto\">Energiebron<\/span><\/span><\/td>\n<td class=\"a-span9\"><span class=\"a-size-base po-break-word\"><span dir=\"auto\">Alimentado por bater\u00eda<\/span><\/span><\/td>\n<\/tr>\n<tr class=\"a-spacing-small po-material\">\n<td class=\"a-span3\"><span class=\"a-size-base a-text-bold\"><span dir=\"auto\">materiaal<\/span><\/span><\/td>\n<td class=\"a-span9\"><span class=\"a-size-base po-break-word\"><span dir=\"auto\">Metaal<\/span><\/span><\/td>\n<\/tr>\n<tr class=\"a-spacing-small po-color\">\n<td class=\"a-span3\"><span class=\"a-size-base a-text-bold\"><span dir=\"auto\">Kleur<\/span><\/span><\/td>\n<td class=\"a-span9\"><span class=\"a-size-base po-break-word\"><span dir=\"auto\">Arandano<\/span><\/span><\/td>\n<\/tr>\n<tr class=\"a-spacing-small po-style\">\n<td class=\"a-span3\"><span class=\"a-size-base a-text-bold\"><span dir=\"auto\">Stijl<\/span><\/span><\/td>\n<td class=\"a-span9\"><span class=\"a-size-base po-break-word\"><span dir=\"auto\">Roterende versnipperaar<\/span><\/span><\/td>\n<\/tr>\n<tr class=\"a-spacing-small po-item_weight\">\n<td class=\"a-span3\"><span class=\"a-size-base a-text-bold\"><span dir=\"auto\">Peso del art\u00edculo<\/span><\/span><\/td>\n<td class=\"a-span9\"><span class=\"a-size-base po-break-word\"><span dir=\"auto\">26,99 kilogram<\/span><\/span><\/td>\n<\/tr>\n<tr class=\"a-spacing-small po-cutting_width\">\n<td class=\"a-span3\"><span class=\"a-size-base a-text-bold\"><span dir=\"auto\">Ancho de cutte<\/span><\/span><\/td>\n<td class=\"a-span9\"><span class=\"a-size-base po-break-word\"><span dir=\"auto\">48 centimeter<\/span><\/span><\/td>\n<\/tr>\n<tr class=\"a-spacing-small po-number_of_positions\">\n<td class=\"a-span3\"><span class=\"a-size-base a-text-bold\"><span dir=\"auto\">Aantal plaatsen<\/span><\/span><\/td>\n<td class=\"a-span9\"><span class=\"a-size-base po-break-word\"><span dir=\"auto\">5<\/span><\/span><\/td>\n<\/tr>\n<tr class=\"a-spacing-small po-operation_mode\">\n<td class=\"a-span3\"><span class=\"a-size-base a-text-bold\"><span dir=\"auto\">Modo de operaci\u00f3n<\/span><\/span><\/td>\n<td class=\"a-span9\"><span class=\"a-size-base po-break-word\"><span dir=\"auto\">handmatig<\/span><\/span><\/td>\n<\/tr>\n<tr class=\"a-spacing-small po-gtin\">\n<td class=\"a-span3\"><span class=\"a-size-base a-text-bold\"><span dir=\"auto\">Wereldwijd commercieel identificatienummer<\/span><\/span><\/td>\n<td class=\"a-span9\"><span class=\"a-size-base po-break-word\"><span dir=\"auto\">05035048690116<\/span><\/span><\/td>\n<\/tr>\n<\/tbody>\n<\/table>\n<\/li>\n<\/ul>","protected":false},"excerpt":{"rendered":"<p>DISFRUTA DE LA POTENCIA DE NUESTRA CORTAC\u00c9SPED: Met een motor die escobillas en sin carbono is, is deze 18 V-voorhoede-cortadora<\/p>","protected":false},"featured_media":16164,"template":"","meta":[],"product_brand":[],"product_cat":[62],"product_tag":[63],"product_country":[1504],"class_list":{"0":"post-3731","1":"product","2":"type-product","3":"status-publish","4":"has-post-thumbnail","6":"product_cat-mover","7":"product_tag-mover","8":"product_country-netherlands","10":"first","11":"instock","12":"sale","13":"taxable","14":"shipping-taxable","15":"purchasable","16":"product-type-simple"},"_links":{"self":[{"href":"https:\/\/routinesfashione.com\/es\/wp-json\/wp\/v2\/product\/3731","targetHints":{"allow":["GET"]}}],"collection":[{"href":"https:\/\/routinesfashione.com\/es\/wp-json\/wp\/v2\/product"}],"about":[{"href":"https:\/\/routinesfashione.com\/es\/wp-json\/wp\/v2\/types\/product"}],"wp:featuredmedia":[{"embeddable":true,"href":"https:\/\/routinesfashione.com\/es\/wp-json\/wp\/v2\/media\/16164"}],"wp:attachment":[{"href":"https:\/\/routinesfashione.com\/es\/wp-json\/wp\/v2\/media?parent=3731"}],"wp:term":[{"taxonomy":"product_brand","embeddable":true,"href":"https:\/\/routinesfashione.com\/es\/wp-json\/wp\/v2\/product_brand?post=3731"},{"taxonomy":"product_cat","embeddable":true,"href":"https:\/\/routinesfashione.com\/es\/wp-json\/wp\/v2\/product_cat?post=3731"},{"taxonomy":"product_tag","embeddable":true,"href":"https:\/\/routinesfashione.com\/es\/wp-json\/wp\/v2\/product_tag?post=3731"},{"taxonomy":"product_country","embeddable":true,"href":"https:\/\/routinesfashione.com\/es\/wp-json\/wp\/v2\/product_country?post=3731"}],"curies":[{"name":"wp","href":"https:\/\/api.w.org\/{rel}","templated":true}]}}