{"id":404,"date":"2025-09-30T20:55:49","date_gmt":"2025-09-30T20:55:49","guid":{"rendered":"https:\/\/lightgray-crow-170497.hostingersite.com\/?post_type=product&#038;p=404"},"modified":"2025-09-30T20:55:49","modified_gmt":"2025-09-30T20:55:49","slug":"tondeuse-gazon-electrique-sans-fil-tractee-ego-power-plus-coupe-47-cm-batterie-56v-5ah-lm1903e-sp","status":"publish","type":"product","link":"https:\/\/routinesfashione.com\/es\/produit\/tondeuse-gazon-electrique-sans-fil-tractee-ego-power-plus-coupe-47-cm-batterie-56v-5ah-lm1903e-sp\/","title":{"rendered":"Tondeuse gazon \u00e9lectrique sans fil tract\u00e9e Ego Power Plus Coupe 47 Cm batterie 56v-5ah LM1903E-SP"},"content":{"rendered":"<p>Fournie avec notre batterie lithium-ion 5,0\u00a0Ah brevet\u00e9e, la tondeuse autopropuls\u00e9e EGO Power+ LM1903E-SP, 47 cm de coupe, est capable de couvrir jusqu\u2019\u00e0 800\u00a0m\u00b2 avec une seule charge. Avec le chargeur rapide inclus dans le kit, la batterie passe de 0 \u00e0 100\u00a0% de charge en seulement 40 minutes. Vous b\u00e9n\u00e9ficiez d\u2019une maniabilit\u00e9 sup\u00e9rieure avec la LM1903E-SP. La capacit\u00e9 de coupe de 47 cm et les roues de grand diam\u00e8tre permettent de n\u00e9gocier les zones \u00e9troites et d\u2019avancer pr\u00e8s des arbres, pour une tonte r\u00e9guli\u00e8re et continue. Les tondeuses sans fil EGO Power+ sont con\u00e7ues pour vous m\u00e9nager, vous comme votre pelouse. Avec ce mod\u00e8le autopropuls\u00e9, les jardins en pente ne sont plus \u00e9reintants. La vitesse de coupe variable va automatiquement s\u00e9lectionner le r\u00e9glage qui optimise l\u2019autonomie de la batterie, en assurant une puissance \u00e9quivalente \u00e0 l\u2019essence, \u00e0 la vitesse qui vous convient. Le carter en polym\u00e8re rend la tondeuse plus l\u00e9g\u00e8re (25\u00a0kg sans la batterie) et le guidon r\u00e9glable sur 3 hauteurs offre un confort adapt\u00e9 \u00e0 vos besoins. Si vous voulez une finition classique de la pelouse, un kit rouleau \u00e0 gazon est disponible. Il s\u2019attache simplement et permet d\u2019obtenir plus que de belles lignes, puisqu\u2019il aplanit \u00e9galement les mottes et autres irr\u00e9gularit\u00e9s. Une fois que vous avez termin\u00e9, pas d\u2019encombrement superflu\u00a0: repliez la tondeuse pour la ranger \u00e0 la verticale, et voil\u00e0 un risque de tr\u00e9bucher en moins.<\/p>","protected":false},"excerpt":{"rendered":"<p>Fournie avec notre batterie lithium-ion 5,0\u00a0Ah brevet\u00e9e, la tondeuse autopropuls\u00e9e EGO Power+ LM1903E-SP, 47 cm de coupe, est capable de<\/p>","protected":false},"featured_media":13097,"template":"","meta":[],"product_brand":[],"product_cat":[61],"product_tag":[],"product_country":[1503],"class_list":{"0":"post-404","1":"product","2":"type-product","3":"status-publish","4":"has-post-thumbnail","6":"product_cat-sale-france","7":"product_country-france","9":"first","10":"instock","11":"sale","12":"taxable","13":"shipping-taxable","14":"purchasable","15":"product-type-simple"},"_links":{"self":[{"href":"https:\/\/routinesfashione.com\/es\/wp-json\/wp\/v2\/product\/404","targetHints":{"allow":["GET"]}}],"collection":[{"href":"https:\/\/routinesfashione.com\/es\/wp-json\/wp\/v2\/product"}],"about":[{"href":"https:\/\/routinesfashione.com\/es\/wp-json\/wp\/v2\/types\/product"}],"wp:featuredmedia":[{"embeddable":true,"href":"https:\/\/routinesfashione.com\/es\/wp-json\/wp\/v2\/media\/13097"}],"wp:attachment":[{"href":"https:\/\/routinesfashione.com\/es\/wp-json\/wp\/v2\/media?parent=404"}],"wp:term":[{"taxonomy":"product_brand","embeddable":true,"href":"https:\/\/routinesfashione.com\/es\/wp-json\/wp\/v2\/product_brand?post=404"},{"taxonomy":"product_cat","embeddable":true,"href":"https:\/\/routinesfashione.com\/es\/wp-json\/wp\/v2\/product_cat?post=404"},{"taxonomy":"product_tag","embeddable":true,"href":"https:\/\/routinesfashione.com\/es\/wp-json\/wp\/v2\/product_tag?post=404"},{"taxonomy":"product_country","embeddable":true,"href":"https:\/\/routinesfashione.com\/es\/wp-json\/wp\/v2\/product_country?post=404"}],"curies":[{"name":"wp","href":"https:\/\/api.w.org\/{rel}","templated":true}]}}