{"id":4191,"date":"2025-08-06T01:38:36","date_gmt":"2025-08-06T01:38:36","guid":{"rendered":"https:\/\/lightgray-crow-170497.hostingersite.com\/?post_type=product&#038;p=4191"},"modified":"2025-09-30T21:04:15","modified_gmt":"2025-09-30T21:04:15","slug":"stiga-cortacesped-de-gasolina-combi-753-v","status":"publish","type":"product","link":"https:\/\/routinesfashione.com\/es\/produit\/stiga-cortacesped-de-gasolina-combi-753-v\/","title":{"rendered":"STIGA Combi 753 V benzinegrasmaaier"},"content":{"rendered":"<div class=\"product-tabs-wrapper\">\n<div class=\"container product-tabs-inner\">\n<div class=\"woocommerce-tabs wc-tabs-wrapper tabs-layout-tabs wd-opener-pos-right wd-opener-style-arrow\" data-state=\"first\" data-layout=\"tabs\">\n<div class=\"wd-accordion-item\">\n<div id=\"tab-description\" class=\"entry-content woocommerce-Tabs-panel woocommerce-Tabs-panel--description wd-active panel wc-tab\" role=\"tabpanel\" aria-labelledby=\"tab-title-description\" data-accordion-index=\"description\">\n<div class=\"wc-tab-inner wd-entry-content\">\n<div class=\"product-description__attribute description\">\n<div class=\"tsu-truncate-text _initialized _open\">\n<div class=\"tsu-truncate-text__content\"><span dir=\"auto\">De STIGA Combi 753 V zelfrijdende grasmaaier is de perfecte metgezel voor het maaien van wisselende grascondities op grote gazons tot 1800 m2, dankzij de maaibreedte van 51 cm en het 4-in-1 maaisysteem: kies tussen opvangen, achter- of zijuitworp en mulchen, afhankelijk van de behoeften van uw gazon.<\/span><br \/>\n<span dir=\"auto\">De hybride grasopvangbak van 60 liter met indicator voor een volle opvangzak zorgt ervoor dat u gras kunt opvangen zonder te vaak te hoeven stoppen om de opvangzak te legen en altijd weet wanneer deze vol is.<\/span><br \/>\n<span dir=\"auto\">Het stalen frame herbergt een betrouwbare 167 cc Honda GCVx170 benzinemotor, die zorgt voor uitstekende prestaties en betrouwbaarheid. Dankzij de variabele snelheidsaandrijving kunt u de snelheid van de maaier eenvoudig aanpassen aan uw behoeften. De centrale maaihoogte is eenvoudig in te stellen met een hendel in 6 verschillende standen, vari\u00ebrend van 22 tot 80 mm. De grote achterwielen maken manoeuvreren op oneffen terrein gemakkelijker. De zijgeleider en mulchplug zijn inbegrepen.<\/span><\/div>\n<div>\n<div class=\"allow active\" role=\"tab\" data-role=\"collapsible\" data-collapsible=\"true\" aria-expanded=\"true\">\n<div data-role=\"trigger\"><em><strong><span class=\"text text-sm\"><span dir=\"auto\">Stroom<\/span><\/span><\/strong><\/em><\/div>\n<\/div>\n<div role=\"tabpanel\" data-role=\"content\" aria-hidden=\"false\">\n<div class=\"product-specs__attributes\">\n<div class=\"product-specs__attribute\">\n<div class=\"attribute text text-xs\">\n<div class=\"label\"><span dir=\"auto\">Stroomvoorziening<\/span><\/div>\n<div class=\"data\" data-th=\"Power source\"><strong><span dir=\"auto\">Benzine<\/span><\/strong><\/div>\n<\/div>\n<\/div>\n<div class=\"product-specs__attribute\">\n<div class=\"attribute text text-xs\">\n<div class=\"label\"><span dir=\"auto\">Stroom<\/span><\/div>\n<div class=\"data\" data-th=\"Potencia\"><strong><span dir=\"auto\">3,3 kW<\/span><\/strong><\/div>\n<\/div>\n<\/div>\n<div class=\"product-specs__attribute\">\n<div class=\"attribute text text-xs\">\n<div class=\"label\"><span dir=\"auto\">Motormerk<\/span><\/div>\n<div class=\"data\" data-th=\"Engine Brand\"><strong><span dir=\"auto\">Honda<\/span><\/strong><\/div>\n<\/div>\n<\/div>\n<div class=\"product-specs__attribute\">\n<div class=\"attribute text text-xs\">\n<div class=\"label\"><span dir=\"auto\">Motormodel<\/span><\/div>\n<div class=\"data\" data-th=\"Engine model\"><strong><span dir=\"auto\">GCVx170 OHV Autochoke<\/span><\/strong><\/div>\n<\/div>\n<\/div>\n<div class=\"product-specs__attribute\">\n<div class=\"attribute text text-xs\">\n<div class=\"label\"><span dir=\"auto\">Cilinderinhoud<\/span><\/div>\n<div class=\"data\" data-th=\"Displacement\"><strong><span dir=\"auto\">167 cm\u00b3<\/span><\/strong><\/div>\n<\/div>\n<\/div>\n<div class=\"product-specs__attribute\">\n<div class=\"attribute text text-xs\">\n<div class=\"label\"><span dir=\"auto\">Rotatiesnelheid van de motor<\/span><\/div>\n<div class=\"data\" data-th=\"Engine rotation speed\"><strong><span dir=\"auto\">2900 tpm<\/span><\/strong><\/div>\n<\/div>\n<\/div>\n<div class=\"product-specs__attribute\">\n<div class=\"attribute text text-xs\">\n<div class=\"label\"><span dir=\"auto\">Regel het toerental<\/span><\/div>\n<div class=\"data\" data-th=\"RPM control\"><strong><span dir=\"auto\">Vast toerental<\/span><\/strong><\/div>\n<\/div>\n<\/div>\n<div class=\"product-specs__attribute\">\n<div class=\"attribute text text-xs\">\n<div class=\"label\"><span dir=\"auto\">Begin<\/span><\/div>\n<div class=\"data\" data-th=\"Starter\"><strong><span dir=\"auto\">Trekstart<\/span><\/strong><\/div>\n<\/div>\n<\/div>\n<div class=\"product-specs__attribute\">\n<div class=\"attribute text text-xs\">\n<div class=\"label\"><span dir=\"auto\">Brandstoftankcapaciteit<\/span><\/div>\n<div class=\"data\" data-th=\"Fuel tank capacity\"><strong><span dir=\"auto\">0,95 liter<\/span><\/strong><\/div>\n<\/div>\n<\/div>\n<div class=\"product-specs__attribute\">\n<div class=\"attribute text text-xs\">\n<div class=\"label\"><span dir=\"auto\">Capaciteit van de motorolietank<\/span><\/div>\n<div class=\"data\" data-th=\"Engine Oil tank capacity\"><strong><span dir=\"auto\">0,4 liter<\/span><\/strong><\/div>\n<\/div>\n<\/div>\n<div class=\"product-specs__attribute\">\n<div class=\"attribute text text-xs\">\n<div class=\"label\">\n<p><span dir=\"auto\">Snijgebied<\/span><\/p>\n<div class=\"attribute-tooltip\">\n<div data-tippy-content=\"Para los tractores cortac\u00e9sped de bater\u00eda, se refiere a la superficie de trabajo media cubierta con una carga, suponiendo un corte semanal. Para tractores y cortac\u00e9spedes de gasolina y cortac\u00e9spedes el\u00e9ctricos, se refiere a la capacidad de la m\u00e1quina para trabajar una superficie determinada, teniendo en cuenta todo el equipamiento.\"><i class=\"material-icons\"><span dir=\"auto\">info_overzicht<\/span><\/i><\/div>\n<\/div>\n<\/div>\n<div class=\"data\" data-th=\"Mowing area\"><strong><span dir=\"auto\">1800 m\u00b2<\/span><\/strong><\/div>\n<\/div>\n<\/div>\n<\/div>\n<\/div>\n<\/div>\n<\/div>\n<\/div>\n<\/div>\n<\/div>\n<\/div>\n<\/div>\n<\/div>\n<\/div>","protected":false},"excerpt":{"rendered":"<p>De STIGA Combi 753 V zelfrijdende grasmaaier is de perfecte metgezel voor het maaien van wisselende grascondities op grote gazons<\/p>","protected":false},"featured_media":16491,"template":"","meta":[],"product_brand":[],"product_cat":[62],"product_tag":[63],"product_country":[1504],"class_list":{"0":"post-4191","1":"product","2":"type-product","3":"status-publish","4":"has-post-thumbnail","6":"product_cat-mover","7":"product_tag-mover","8":"product_country-netherlands","10":"first","11":"instock","12":"sale","13":"taxable","14":"shipping-taxable","15":"purchasable","16":"product-type-simple"},"_links":{"self":[{"href":"https:\/\/routinesfashione.com\/es\/wp-json\/wp\/v2\/product\/4191","targetHints":{"allow":["GET"]}}],"collection":[{"href":"https:\/\/routinesfashione.com\/es\/wp-json\/wp\/v2\/product"}],"about":[{"href":"https:\/\/routinesfashione.com\/es\/wp-json\/wp\/v2\/types\/product"}],"wp:featuredmedia":[{"embeddable":true,"href":"https:\/\/routinesfashione.com\/es\/wp-json\/wp\/v2\/media\/16491"}],"wp:attachment":[{"href":"https:\/\/routinesfashione.com\/es\/wp-json\/wp\/v2\/media?parent=4191"}],"wp:term":[{"taxonomy":"product_brand","embeddable":true,"href":"https:\/\/routinesfashione.com\/es\/wp-json\/wp\/v2\/product_brand?post=4191"},{"taxonomy":"product_cat","embeddable":true,"href":"https:\/\/routinesfashione.com\/es\/wp-json\/wp\/v2\/product_cat?post=4191"},{"taxonomy":"product_tag","embeddable":true,"href":"https:\/\/routinesfashione.com\/es\/wp-json\/wp\/v2\/product_tag?post=4191"},{"taxonomy":"product_country","embeddable":true,"href":"https:\/\/routinesfashione.com\/es\/wp-json\/wp\/v2\/product_country?post=4191"}],"curies":[{"name":"wp","href":"https:\/\/api.w.org\/{rel}","templated":true}]}}