{"id":4249,"date":"2025-08-06T03:10:44","date_gmt":"2025-08-06T03:10:44","guid":{"rendered":"https:\/\/lightgray-crow-170497.hostingersite.com\/?post_type=product&#038;p=4249"},"modified":"2025-09-30T21:04:19","modified_gmt":"2025-09-30T21:04:19","slug":"worx-wg779e-1-cortacesped","status":"publish","type":"product","link":"https:\/\/routinesfashione.com\/es\/produit\/worx-wg779e-1-cortacesped\/","title":{"rendered":"Worx WG779E.1 Cortac\u00e9sped"},"content":{"rendered":"<div id=\"productOverview_feature_div\" class=\"celwidget\" data-feature-name=\"productOverview\" data-csa-c-type=\"widget\" data-csa-c-content-id=\"productOverview\" data-csa-c-slot-id=\"productOverview_feature_div\" data-csa-c-asin=\"B07CHNV628\" data-csa-c-is-in-initial-active-row=\"false\" data-csa-c-id=\"de8vl2-9effui-o1agen-1y03q8\" data-cel-widget=\"productOverview_feature_div\">\n<div id=\"poExpander\" class=\"a-expander-collapsed-height a-row a-expander-container a-spacing-none a-expander-partial-collapse-container\" data-a-expander-name=\"product_overview\" data-a-expander-collapsed-height=\"210\">\n<div class=\"a-expander-content a-expander-partial-collapse-content a-expander-content-expanded\" data-expanded=\"true\">\n<div class=\"a-section a-spacing-small a-spacing-top-small\">\n<table class=\"a-normal a-spacing-micro\">\n<tbody>\n<tr class=\"a-spacing-small po-brand\">\n<td class=\"a-span3\"><span class=\"a-size-base a-text-bold\"><span dir=\"auto\">Markering<\/span><\/span><\/td>\n<td class=\"a-span9\"><span class=\"a-size-base po-break-word\">WORX<\/span><\/td>\n<\/tr>\n<tr class=\"a-spacing-small po-power_source_type\">\n<td class=\"a-span3\"><span class=\"a-size-base a-text-bold\"><span dir=\"auto\">Voeding<\/span><\/span><\/td>\n<td class=\"a-span9\"><span class=\"a-size-base po-break-word\"><span dir=\"auto\">Batterij<\/span><\/span><\/td>\n<\/tr>\n<tr class=\"a-spacing-small po-material\">\n<td class=\"a-span3\"><span class=\"a-size-base a-text-bold\"><span dir=\"auto\">Materiaal<\/span><\/span><\/td>\n<td class=\"a-span9\"><span class=\"a-size-base po-break-word\"><span dir=\"auto\">Plastic<\/span><\/span><\/td>\n<\/tr>\n<tr class=\"a-spacing-small po-color\">\n<td class=\"a-span3\"><span class=\"a-size-base a-text-bold\"><span dir=\"auto\">Kleur<\/span><\/span><\/td>\n<td class=\"a-span9\"><span class=\"a-size-base po-break-word\"><span dir=\"auto\">Neger<\/span><\/span><\/td>\n<\/tr>\n<tr class=\"a-spacing-small po-style\">\n<td class=\"a-span3\"><span class=\"a-size-base a-text-bold\"><span dir=\"auto\">Stijl<\/span><\/span><\/td>\n<td class=\"a-span9\"><span class=\"a-size-base po-break-word\"><span dir=\"auto\">Met 2 4,0 Ah accu&#8217;s<\/span><\/span><\/td>\n<\/tr>\n<tr class=\"a-spacing-small po-item_weight\">\n<td class=\"a-span3\"><span class=\"a-size-base a-text-bold\"><span dir=\"auto\">Productgewicht<\/span><\/span><\/td>\n<td class=\"a-span9\"><span class=\"a-size-base po-break-word\"><span dir=\"auto\">15,7 kilogram<\/span><\/span><\/td>\n<\/tr>\n<tr class=\"a-spacing-small po-cutting_width\">\n<td class=\"a-span3\"><span class=\"a-size-base a-text-bold\"><span dir=\"auto\">Snijbreedte<\/span><\/span><\/td>\n<td class=\"a-span9\"><span class=\"a-size-base po-break-word\"><span dir=\"auto\">34 centimeter<\/span><\/span><\/td>\n<\/tr>\n<tr class=\"a-spacing-small po-number_of_positions\">\n<td class=\"a-span3\"><span class=\"a-size-base a-text-bold\"><span dir=\"auto\">Aantal posities<\/span><\/span><\/td>\n<td class=\"a-span9\"><span class=\"a-size-base po-break-word\"><span dir=\"auto\">6<\/span><\/span><\/td>\n<\/tr>\n<tr class=\"a-spacing-small po-operation_mode\">\n<td class=\"a-span3\"><span class=\"a-size-base a-text-bold\"><span dir=\"auto\">Bedrijfsmodus<\/span><\/span><\/td>\n<td class=\"a-span9\"><span class=\"a-size-base po-break-word\"><span dir=\"auto\">Handmatig<\/span><\/span><\/td>\n<\/tr>\n<tr class=\"a-spacing-small po-item_depth_width_height\">\n<td class=\"a-span3\"><span class=\"a-size-base a-text-bold\"><span dir=\"auto\">Productafmetingen<\/span><\/span><\/td>\n<td class=\"a-span9\"><span class=\"a-size-base po-break-word\"><span dir=\"auto\">37f. x 126,7an. x 95al. centimeter<\/span><\/span><\/td>\n<\/tr>\n<\/tbody>\n<\/table>\n<\/div>\n<\/div>\n<div id=\"poToggleButton\" class=\"a-expander-header a-expander-partial-collapse-header\"><a class=\"a-declarative\" role=\"button\" aria-expanded=\"true\" data-action=\"a-expander-toggle\" data-a-expander-toggle=\"{&quot;allowLinkDefault&quot;:true, &quot;expand_prompt&quot;:&quot;Ver m\u00e1s&quot;, &quot;collapse_prompt&quot;:&quot;Ver menos&quot;}\"><i class=\"a-icon a-icon-extender-collapse\"><\/i><span class=\"a-expander-prompt\"><span dir=\"auto\">Minder weergeven<\/span><\/span><\/a><\/div>\n<\/div>\n<\/div>\n<div id=\"productDetailsVoyagerIngress_feature_div\" class=\"celwidget\" data-feature-name=\"productDetailsVoyagerIngress\" data-csa-c-type=\"widget\" data-csa-c-content-id=\"productDetailsVoyagerIngress\" data-csa-c-slot-id=\"productDetailsVoyagerIngress_feature_div\" data-csa-c-asin=\"B07CHNV628\" data-csa-c-is-in-initial-active-row=\"false\" data-csa-c-id=\"zc50gx-5lnw0q-ouubvf-rxv4nl\" data-cel-widget=\"productDetailsVoyagerIngress_feature_div\"><\/div>\n<div id=\"featurebullets_feature_div\" class=\"celwidget\" data-feature-name=\"featurebullets\" data-csa-c-type=\"widget\" data-csa-c-content-id=\"featurebullets\" data-csa-c-slot-id=\"featurebullets_feature_div\" data-csa-c-asin=\"B07CHNV628\" data-csa-c-is-in-initial-active-row=\"false\" data-csa-c-id=\"3haxzy-k61br2-bl3hno-1qx58w\" data-cel-widget=\"featurebullets_feature_div\">\n<div id=\"feature-bullets\" class=\"a-section a-spacing-medium a-spacing-top-small\">\n<h1 class=\"a-size-base-plus a-text-bold\"><span dir=\"auto\">Over dit product<\/span><\/h1>\n<ul class=\"a-unordered-list a-vertical a-spacing-mini\">\n<li class=\"a-spacing-mini\"><span class=\"a-list-item\"><span dir=\"auto\">DEZELFDE ACCU, UITBREIDBAAR VERMOGEN: Worx PowerShare is compatibel met alle Worx 20V, 40V en 80V gereedschappen, zowel elektrisch gereedschap als tuingereedschap. De WG779E.1 wordt aangedreven door twee 20V 4,0Ah Powershare accu&#8217;s, waarmee u tot 460 m\u00b2 kunt maaien op \u00e9\u00e9n lading.<\/span><\/span><\/li>\n<li class=\"a-spacing-mini\"><span class=\"a-list-item\"><span dir=\"auto\">KOPPEL OP AANVRAAG De gepatenteerde Intellicut-technologie verhoogt het vermogen wanneer het gras dikker wordt en vermindert het vervolgens om de batterij te sparen<\/span><\/span><\/li>\n<li class=\"a-spacing-mini\"><span class=\"a-list-item\"><span dir=\"auto\">MAAIT TOT AAN DE KANT Het maaiontwerp met snijrand komt dichter bij de randen en herkenningspunten van uw gazon dan andere grasmaaiers, waardoor u minder gras met de hand hoeft te maaien.<\/span><\/span><\/li>\n<li class=\"a-spacing-mini\"><span class=\"a-list-item\"><span dir=\"auto\">OPVOUWBARE HANDGREEP Voor eenvoudige opslag in de garage tijdens het laagseizoen<\/span><\/span><\/li>\n<li class=\"a-spacing-mini\"><span class=\"a-list-item\"><span dir=\"auto\">Hendel met 6 SNIJHOOGTES Met de hendelverstelling kunt u voor elke klus de juiste hoogte kiezen<\/span><\/span><\/li>\n<li class=\"a-spacing-mini\"><span class=\"a-list-item\"><span dir=\"auto\">ACCULAADINDICATOR Met de acculaadindicator weet u altijd hoeveel accuduur u nog heeft. U weet altijd wanneer u de accu moet vervangen of opladen om uw werk voort te zetten.<\/span><\/span><\/li>\n<li class=\"a-spacing-mini\"><span class=\"a-list-item\"><span dir=\"auto\">DUBBELE-POORTSLADER Laadt beide accu&#8217;s tegelijk op in 2 uur, of laadt er \u00e9\u00e9n in \u00e9\u00e9n uur op. U kunt hem gebruiken om de 20V-accu&#8217;s in al uw Worx PowerShare-gereedschappen op te laden.<\/span><\/span><\/li>\n<li class=\"a-spacing-mini\"><span class=\"a-list-item\"><span dir=\"auto\">Verlengbare garantie van vijf jaar. Als uw Worx-gereedschap binnen twee jaar na aankoop defect raakt door materiaal- of fabricagefouten, garanderen wij dat we alle defecte onderdelen vervangen of repareren, of het product gratis repareren. Registreer u binnen 30 dagen na aankoop en verleng uw garantie tot vijf jaar.<\/span><\/span><\/li>\n<\/ul>\n<\/div>\n<\/div>","protected":false},"excerpt":{"rendered":"<p>Markering WORX Voeding Batterij Materiaal Plastic Kleur Neger Stijl Met 2 4,0 Ah accu&#8217;s Productgewicht 15,7 kilogram Snijbreedte 34 centimeter<\/p>","protected":false},"featured_media":16529,"template":"","meta":[],"product_brand":[],"product_cat":[62],"product_tag":[63],"product_country":[1504],"class_list":{"0":"post-4249","1":"product","2":"type-product","3":"status-publish","4":"has-post-thumbnail","6":"product_cat-mover","7":"product_tag-mover","8":"product_country-netherlands","10":"first","11":"instock","12":"sale","13":"taxable","14":"shipping-taxable","15":"purchasable","16":"product-type-simple"},"_links":{"self":[{"href":"https:\/\/routinesfashione.com\/es\/wp-json\/wp\/v2\/product\/4249","targetHints":{"allow":["GET"]}}],"collection":[{"href":"https:\/\/routinesfashione.com\/es\/wp-json\/wp\/v2\/product"}],"about":[{"href":"https:\/\/routinesfashione.com\/es\/wp-json\/wp\/v2\/types\/product"}],"wp:featuredmedia":[{"embeddable":true,"href":"https:\/\/routinesfashione.com\/es\/wp-json\/wp\/v2\/media\/16529"}],"wp:attachment":[{"href":"https:\/\/routinesfashione.com\/es\/wp-json\/wp\/v2\/media?parent=4249"}],"wp:term":[{"taxonomy":"product_brand","embeddable":true,"href":"https:\/\/routinesfashione.com\/es\/wp-json\/wp\/v2\/product_brand?post=4249"},{"taxonomy":"product_cat","embeddable":true,"href":"https:\/\/routinesfashione.com\/es\/wp-json\/wp\/v2\/product_cat?post=4249"},{"taxonomy":"product_tag","embeddable":true,"href":"https:\/\/routinesfashione.com\/es\/wp-json\/wp\/v2\/product_tag?post=4249"},{"taxonomy":"product_country","embeddable":true,"href":"https:\/\/routinesfashione.com\/es\/wp-json\/wp\/v2\/product_country?post=4249"}],"curies":[{"name":"wp","href":"https:\/\/api.w.org\/{rel}","templated":true}]}}