{"id":431,"date":"2025-09-30T20:55:49","date_gmt":"2025-09-30T20:55:49","guid":{"rendered":"https:\/\/lightgray-crow-170497.hostingersite.com\/?post_type=product&#038;p=431"},"modified":"2025-09-30T20:55:49","modified_gmt":"2025-09-30T20:55:49","slug":"husqvarna-lc-551iv-accu","status":"publish","type":"product","link":"https:\/\/routinesfashione.com\/es\/produit\/husqvarna-lc-551iv-accu\/","title":{"rendered":"Batterie Husqvarna LC 551iV"},"content":{"rendered":"<h3 data-start=\"140\" data-end=\"172\"><strong data-start=\"144\" data-end=\"170\">Description du produit<\/strong><\/h3>\n<p data-start=\"173\" data-end=\"671\">La tondeuse professionnelle <strong data-start=\"201\" data-end=\"223\">Husqvarna LC 551iV<\/strong> est une tondeuse <strong data-start=\"241\" data-end=\"276\">sans fil aliment\u00e9e par batterie<\/strong>. Elle fonctionne avec les <strong data-start=\"303\" data-end=\"337\">batteries Li-ion Husqvarna BLi<\/strong> issues du syst\u00e8me <strong data-start=\"356\" data-end=\"384\">Husqvarna Battery Series<\/strong>. Ces batteries offrent des performances \u00e9lev\u00e9es, une autonomie prolong\u00e9e et une compatibilit\u00e9 avec de nombreux autres outils Husqvarna. Robustes, \u00e9tanches et con\u00e7ues pour un usage professionnel intensif, elles garantissent une alimentation constante et fiable de la tondeuse LC 551iV.<\/p>\n<hr data-start=\"673\" data-end=\"676\" \/>\n<h3 data-start=\"678\" data-end=\"768\"><strong data-start=\"682\" data-end=\"766\">Caract\u00e9ristiques techniques de la batterie (exemple BLi300, compatible LC 551iV)<\/strong><\/h3>\n<ul data-start=\"769\" data-end=\"1420\">\n<li data-start=\"769\" data-end=\"807\">\n<p data-start=\"771\" data-end=\"807\"><strong data-start=\"771\" data-end=\"791\">Type de batterie<\/strong> : Lithium-ion<\/p>\n<\/li>\n<li data-start=\"808\" data-end=\"858\">\n<p data-start=\"810\" data-end=\"858\"><strong data-start=\"810\" data-end=\"824\">Plateforme<\/strong> : Husqvarna BLi (professionnel)<\/p>\n<\/li>\n<li data-start=\"859\" data-end=\"881\">\n<p data-start=\"861\" data-end=\"881\"><strong data-start=\"861\" data-end=\"872\">Tension<\/strong> : 36 V<\/p>\n<\/li>\n<li data-start=\"882\" data-end=\"976\">\n<p data-start=\"884\" data-end=\"976\"><strong data-start=\"884\" data-end=\"896\">Capacit\u00e9<\/strong> : 7,2 Ah (BLi300) \/ autres capacit\u00e9s disponibles (BLi200X, BLi550X Backpack\u2026)<\/p>\n<\/li>\n<li data-start=\"977\" data-end=\"1017\">\n<p data-start=\"979\" data-end=\"1017\"><strong data-start=\"979\" data-end=\"997\">\u00c9nergie totale<\/strong> : 260 Wh (BLi300)<\/p>\n<\/li>\n<li data-start=\"1018\" data-end=\"1088\">\n<p data-start=\"1020\" data-end=\"1088\"><strong data-start=\"1020\" data-end=\"1033\">Autonomie<\/strong> : varie selon la tondeuse et les conditions de tonte<\/p>\n<\/li>\n<li data-start=\"1089\" data-end=\"1138\">\n<p data-start=\"1091\" data-end=\"1138\"><strong data-start=\"1091\" data-end=\"1100\">Poids<\/strong> : env. 1,9 \u2013 2,9 kg selon le mod\u00e8le<\/p>\n<\/li>\n<li data-start=\"1139\" data-end=\"1199\">\n<p data-start=\"1141\" data-end=\"1199\"><strong data-start=\"1141\" data-end=\"1160\">Temps de charge<\/strong> : d\u00e9pend du chargeur (QC330, QC500\u2026)<\/p>\n<\/li>\n<li data-start=\"1200\" data-end=\"1315\">\n<p data-start=\"1202\" data-end=\"1315\"><strong data-start=\"1202\" data-end=\"1219\">Compatibilit\u00e9<\/strong> : tous les outils Husqvarna Battery Series (tondeuses, d\u00e9broussailleuses, taille-haies, etc.)<\/p>\n<\/li>\n<li data-start=\"1316\" data-end=\"1420\">\n<p data-start=\"1318\" data-end=\"1420\"><strong data-start=\"1318\" data-end=\"1328\">Extras<\/strong> : Bo\u00eetier robuste et r\u00e9sistant aux intemp\u00e9ries (IPX4), syst\u00e8me de refroidissement int\u00e9gr\u00e9<\/p>\n<\/li>\n<\/ul>","protected":false},"excerpt":{"rendered":"<p>Description du produit La tondeuse professionnelle Husqvarna LC 551iV est une tondeuse sans fil aliment\u00e9e par batterie. Elle fonctionne avec<\/p>","protected":false},"featured_media":19630,"template":"","meta":[],"product_brand":[],"product_cat":[64],"product_tag":[65],"product_country":[1503],"class_list":{"0":"post-431","1":"product","2":"type-product","3":"status-publish","4":"has-post-thumbnail","6":"product_cat-movers","7":"product_tag-movers","8":"product_country-france","10":"first","11":"instock","12":"sale","13":"taxable","14":"shipping-taxable","15":"purchasable","16":"product-type-simple"},"_links":{"self":[{"href":"https:\/\/routinesfashione.com\/es\/wp-json\/wp\/v2\/product\/431","targetHints":{"allow":["GET"]}}],"collection":[{"href":"https:\/\/routinesfashione.com\/es\/wp-json\/wp\/v2\/product"}],"about":[{"href":"https:\/\/routinesfashione.com\/es\/wp-json\/wp\/v2\/types\/product"}],"wp:featuredmedia":[{"embeddable":true,"href":"https:\/\/routinesfashione.com\/es\/wp-json\/wp\/v2\/media\/19630"}],"wp:attachment":[{"href":"https:\/\/routinesfashione.com\/es\/wp-json\/wp\/v2\/media?parent=431"}],"wp:term":[{"taxonomy":"product_brand","embeddable":true,"href":"https:\/\/routinesfashione.com\/es\/wp-json\/wp\/v2\/product_brand?post=431"},{"taxonomy":"product_cat","embeddable":true,"href":"https:\/\/routinesfashione.com\/es\/wp-json\/wp\/v2\/product_cat?post=431"},{"taxonomy":"product_tag","embeddable":true,"href":"https:\/\/routinesfashione.com\/es\/wp-json\/wp\/v2\/product_tag?post=431"},{"taxonomy":"product_country","embeddable":true,"href":"https:\/\/routinesfashione.com\/es\/wp-json\/wp\/v2\/product_country?post=431"}],"curies":[{"name":"wp","href":"https:\/\/api.w.org\/{rel}","templated":true}]}}