{"id":449,"date":"2025-09-30T20:55:48","date_gmt":"2025-09-30T20:55:48","guid":{"rendered":"https:\/\/lightgray-crow-170497.hostingersite.com\/?post_type=product&#038;p=449"},"modified":"2025-09-30T20:55:49","modified_gmt":"2025-09-30T20:55:49","slug":"alpina-at2-66-qa-tracteurs-de-jardin-moteur-stiga-224-cc-3-modes-de-coupe-5-hauteurs-de-coupe-collecteur-dherbe-150l-siege-et-direction-ergonomiques","status":"publish","type":"product","link":"https:\/\/routinesfashione.com\/es\/produit\/alpina-at2-66-qa-tracteurs-de-jardin-moteur-stiga-224-cc-3-modes-de-coupe-5-hauteurs-de-coupe-collecteur-dherbe-150l-siege-et-direction-ergonomiques\/","title":{"rendered":"Alpina AT2 66 QA Tracteurs de Jardin &#8211; Moteur STIGA 224 CC, 3 Modes de Coupe, 5 hauteurs de Coupe, collecteur d&#8217;herbe 150L, si\u00e8ge et Direction ergonomiques"},"content":{"rendered":"<ul class=\"a-unordered-list a-vertical a-spacing-mini\">\n<li class=\"a-spacing-mini\"><span class=\"a-list-item\">EFFICACE ET POLYVALENT : tracteur tondeuse \u00e0 gazon Alpina AT 2 66 QA avec moteur monocylindre de 224 cm3 (3,6 kW), pour l&#8217;entretien de la pelouse de grands jardins jusqu&#8217;\u00e0 1500 m2, largeur de coupe de 66 cm, tunnel de r\u00e9colte central avec un sac de 150L pour les tondeuses<\/span><\/li>\n<li class=\"a-spacing-mini\"><span class=\"a-list-item\">FACILE \u00c0 UTILISER : traction arri\u00e8re, 4 contr\u00f4les de la vitesse et fonction de marche arri\u00e8re, volant lisse et si\u00e8ge ergonomique avec d\u00e9tecteur de pr\u00e9sence pour une s\u00e9curit\u00e9 maximale, nettoyage de la lame et du plat de coupe par le raccord au tuyau de lavage<\/span><\/li>\n<li class=\"a-spacing-mini\"><span class=\"a-list-item\">POLYVALENT : r\u00e9glable \u00e0 5 hauteurs pour tondre la pelouse de 30 \u00e0 64 mm, 3 options de tonte : collecte, (\u00e9jection lat\u00e9rale et mulching kit disponible s\u00e9par\u00e9ment)<\/span><\/li>\n<li class=\"a-spacing-mini\"><span class=\"a-list-item\">Conception compacte et maniable : assure une excellente maniabilit\u00e9 et une exp\u00e9rience de conduite agr\u00e9able, parfaite pour naviguer dans les espaces restreints et les jardins complexes.<\/span><\/li>\n<li class=\"a-spacing-mini\"><span class=\"a-list-item\">Des caract\u00e9ristiques ergonomiques confortables : Le si\u00e8ge Alpina Smart offre un excellent soutien dorsal et le volant ergonomique am\u00e9liore le confort de conduite.<\/span><\/li>\n<\/ul>","protected":false},"excerpt":{"rendered":"<p>EFFICACE ET POLYVALENT : tracteur tondeuse \u00e0 gazon Alpina AT 2 66 QA avec moteur monocylindre de 224 cm3 (3,6<\/p>","protected":false},"featured_media":13130,"template":"","meta":[],"product_brand":[],"product_cat":[61],"product_tag":[],"product_country":[1503],"class_list":{"0":"post-449","1":"product","2":"type-product","3":"status-publish","4":"has-post-thumbnail","6":"product_cat-sale-france","7":"product_country-france","9":"first","10":"instock","11":"sale","12":"taxable","13":"shipping-taxable","14":"purchasable","15":"product-type-simple"},"_links":{"self":[{"href":"https:\/\/routinesfashione.com\/es\/wp-json\/wp\/v2\/product\/449","targetHints":{"allow":["GET"]}}],"collection":[{"href":"https:\/\/routinesfashione.com\/es\/wp-json\/wp\/v2\/product"}],"about":[{"href":"https:\/\/routinesfashione.com\/es\/wp-json\/wp\/v2\/types\/product"}],"wp:featuredmedia":[{"embeddable":true,"href":"https:\/\/routinesfashione.com\/es\/wp-json\/wp\/v2\/media\/13130"}],"wp:attachment":[{"href":"https:\/\/routinesfashione.com\/es\/wp-json\/wp\/v2\/media?parent=449"}],"wp:term":[{"taxonomy":"product_brand","embeddable":true,"href":"https:\/\/routinesfashione.com\/es\/wp-json\/wp\/v2\/product_brand?post=449"},{"taxonomy":"product_cat","embeddable":true,"href":"https:\/\/routinesfashione.com\/es\/wp-json\/wp\/v2\/product_cat?post=449"},{"taxonomy":"product_tag","embeddable":true,"href":"https:\/\/routinesfashione.com\/es\/wp-json\/wp\/v2\/product_tag?post=449"},{"taxonomy":"product_country","embeddable":true,"href":"https:\/\/routinesfashione.com\/es\/wp-json\/wp\/v2\/product_country?post=449"}],"curies":[{"name":"wp","href":"https:\/\/api.w.org\/{rel}","templated":true}]}}