{"id":50,"date":"2025-09-30T20:55:58","date_gmt":"2025-09-30T20:55:58","guid":{"rendered":"https:\/\/lightgray-crow-170497.hostingersite.com\/?post_type=product&#038;p=50"},"modified":"2025-09-30T20:55:58","modified_gmt":"2025-09-30T20:55:58","slug":"karcher-nettoyeur-haute-pression-k-5-power-control-flex-home","status":"publish","type":"product","link":"https:\/\/routinesfashione.com\/es\/produit\/karcher-nettoyeur-haute-pression-k-5-power-control-flex-home\/","title":{"rendered":"K\u00e4rcher Nettoyeur haute pression K 5 Power Control Flex Home"},"content":{"rendered":"<ul>\n<li class=\"text-xl font-bold text-text-100 mt-1 -mb-0.5\"><span dir=\"auto\" style=\"vertical-align: inherit;\">Nettoyeur Haute Pression Professionnel pour Solutions de Nettoyage Domestique Compl\u00e8tes<\/span><\/li>\n<\/ul>\n<p class=\"whitespace-normal break-words\"><span dir=\"auto\" style=\"vertical-align: inherit;\">Transformez votre routine de nettoyage avec le <\/span><strong><span dir=\"auto\" style=\"vertical-align: inherit;\">K\u00e4rcher K 5 Power Control Flex Home<\/span><\/strong><span dir=\"auto\" style=\"vertical-align: inherit;\">, un nettoyeur haute pression premium con\u00e7u pour offrir des performances de nettoyage exceptionnelles pour tous vos besoins domestiques. Ce syst\u00e8me de nettoyage puissant et polyvalent combine l&#8217;excellence de l&#8217;ing\u00e9nierie allemande avec des fonctionnalit\u00e9s conviviales pour rendre les t\u00e2ches de nettoyage ext\u00e9rieur sans effort et efficaces.<\/span><\/p>\n<h3 class=\"text-lg font-bold text-text-100 mt-1 -mb-1.5\"><span dir=\"auto\" style=\"vertical-align: inherit;\">Caract\u00e9ristiques Principales et Avantages :<\/span><\/h3>\n<p class=\"whitespace-normal break-words\"><strong><span dir=\"auto\" style=\"vertical-align: inherit;\">Technologie Power Control Avanc\u00e9e<\/span><\/strong><\/p>\n<ul class=\"[&amp;:not(:last-child)_ul]:pb-1 [&amp;:not(:last-child)_ol]:pb-1 list-disc space-y-1.5 pl-7\">\n<li class=\"whitespace-normal break-words\"><span dir=\"auto\" style=\"vertical-align: inherit;\">R\u00e9glage de pression variable pour diff\u00e9rentes applications de nettoyage<\/span><\/li>\n<li class=\"whitespace-normal break-words\"><span dir=\"auto\" style=\"vertical-align: inherit;\">Puissance de nettoyage optimale pour diverses surfaces, des plus d\u00e9licates aux plus r\u00e9sistantes<\/span><\/li>\n<li class=\"whitespace-normal break-words\"><span dir=\"auto\" style=\"vertical-align: inherit;\">Moteur \u00e9conome en \u00e9nergie offrant des performances constantes<\/span><\/li>\n<\/ul>\n<p class=\"whitespace-normal break-words\"><strong><span dir=\"auto\" style=\"vertical-align: inherit;\">Syst\u00e8me de Nettoyage Domestique Flexible<\/span><\/strong><\/p>\n<ul class=\"[&amp;:not(:last-child)_ul]:pb-1 [&amp;:not(:last-child)_ol]:pb-1 list-disc space-y-1.5 pl-7\">\n<li class=\"whitespace-normal break-words\"><span dir=\"auto\" style=\"vertical-align: inherit;\">Solution de nettoyage domestique compl\u00e8te dans une unit\u00e9 compacte<\/span><\/li>\n<li class=\"whitespace-normal break-words\"><span dir=\"auto\" style=\"vertical-align: inherit;\">Adapt\u00e9 pour terrasses, all\u00e9es, v\u00e9hicules, mobilier de jardin et fa\u00e7ades<\/span><\/li>\n<li class=\"whitespace-normal break-words\"><span dir=\"auto\" style=\"vertical-align: inherit;\">R\u00e9sultats de qualit\u00e9 professionnelle pour usage r\u00e9sidentiel<\/span><\/li>\n<\/ul>\n<p class=\"whitespace-normal break-words\"><strong><span dir=\"auto\" style=\"vertical-align: inherit;\">Qualit\u00e9 de Construction Sup\u00e9rieure<\/span><\/strong><\/p>\n<ul class=\"[&amp;:not(:last-child)_ul]:pb-1 [&amp;:not(:last-child)_ol]:pb-1 list-disc space-y-1.5 pl-7\">\n<li class=\"whitespace-normal break-words\"><span dir=\"auto\" style=\"vertical-align: inherit;\">Construction durable avec ing\u00e9nierie allemande premium<\/span><\/li>\n<li class=\"whitespace-normal break-words\"><span dir=\"auto\" style=\"vertical-align: inherit;\">Composants durables con\u00e7us pour un usage r\u00e9gulier<\/span><\/li>\n<li class=\"whitespace-normal break-words\"><span dir=\"auto\" style=\"vertical-align: inherit;\">Performance fiable ann\u00e9e apr\u00e8s ann\u00e9e<\/span><\/li>\n<\/ul>\n<p class=\"whitespace-normal break-words\"><strong><span dir=\"auto\" style=\"vertical-align: inherit;\">Conception Conviviale<\/span><\/strong><\/p>\n<ul class=\"[&amp;:not(:last-child)_ul]:pb-1 [&amp;:not(:last-child)_ol]:pb-1 list-disc space-y-1.5 pl-7\">\n<li class=\"whitespace-normal break-words\"><span dir=\"auto\" style=\"vertical-align: inherit;\">Manipulation ergonomique pour un fonctionnement confortable<\/span><\/li>\n<li class=\"whitespace-normal break-words\"><span dir=\"auto\" style=\"vertical-align: inherit;\">Installation et rangement faciles<\/span><\/li>\n<li class=\"whitespace-normal break-words\"><span dir=\"auto\" style=\"vertical-align: inherit;\">Commandes intuitives pour un nettoyage sans tracas<\/span><\/li>\n<\/ul>\n<h3 class=\"text-lg font-bold text-text-100 mt-1 -mb-1.5\"><span dir=\"auto\" style=\"vertical-align: inherit;\">Applications Id\u00e9ales :<\/span><\/h3>\n<ul class=\"[&amp;:not(:last-child)_ul]:pb-1 [&amp;:not(:last-child)_ol]:pb-1 list-disc space-y-1.5 pl-7\">\n<li class=\"whitespace-normal break-words\"><strong><span dir=\"auto\" style=\"vertical-align: inherit;\">Surfaces Ext\u00e9rieures<\/span><\/strong><span dir=\"auto\" style=\"vertical-align: inherit;\"> : Terrasses, terrasses en bois, all\u00e9es et trottoirs<\/span><\/li>\n<li class=\"whitespace-normal break-words\"><strong><span dir=\"auto\" style=\"vertical-align: inherit;\">Nettoyage de V\u00e9hicules<\/span><\/strong><span dir=\"auto\" style=\"vertical-align: inherit;\"> : Voitures, motos, bateaux et \u00e9quipements ext\u00e9rieurs<\/span><\/li>\n<li class=\"whitespace-normal break-words\"><strong><span dir=\"auto\" style=\"vertical-align: inherit;\">Entretien de Jardin<\/span><\/strong><span dir=\"auto\" style=\"vertical-align: inherit;\"> : Nettoyage du mobilier de jardin, outils et structures ext\u00e9rieures<\/span><\/li>\n<li class=\"whitespace-normal break-words\"><strong><span dir=\"auto\" style=\"vertical-align: inherit;\">Ext\u00e9rieur de Maison<\/span><\/strong><span dir=\"auto\" style=\"vertical-align: inherit;\"> : Murs, cl\u00f4tures et fa\u00e7ades de b\u00e2timents<\/span><\/li>\n<\/ul>\n<h3 class=\"text-lg font-bold text-text-100 mt-1 -mb-1.5\"><span dir=\"auto\" style=\"vertical-align: inherit;\">Technique d&#8217;excellence :<\/span><\/h3>\n<p class=\"whitespace-normal break-words\"><span dir=\"auto\" style=\"vertical-align: inherit;\">Ce nettoyeur haute pression offre des r\u00e9sultats de nettoyage professionnels tout en maintenant une facilit\u00e9 d&#8217;utilisation pour les propri\u00e9taires. Le syst\u00e8me Power Control garantit que vous disposez de la bonne pression pour chaque t\u00e2che de nettoyage, prot\u00e9geant les surfaces d\u00e9licates tout en fournissant une puissance de nettoyage profonde pour la salet\u00e9 et la crasse tenaces.<\/span><\/p>\n<h3 class=\"text-lg font-bold text-text-100 mt-1 -mb-1.5\"><span dir=\"auto\" style=\"vertical-align: inherit;\">Pourquoi Choisir Ce Mod\u00e8le :<\/span><\/h3>\n<ul class=\"[&amp;:not(:last-child)_ul]:pb-1 [&amp;:not(:last-child)_ol]:pb-1 list-disc space-y-1.5 pl-7\">\n<li class=\"whitespace-normal break-words\"><strong><span dir=\"auto\" style=\"vertical-align: inherit;\">Polyvalence<\/span><\/strong><span dir=\"auto\" style=\"vertical-align: inherit;\"> : Une machine pour multiples applications de nettoyage<\/span><\/li>\n<li class=\"whitespace-normal break-words\"><strong><span dir=\"auto\" style=\"vertical-align: inherit;\">Efficacit\u00e9<\/span><\/strong><span dir=\"auto\" style=\"vertical-align: inherit;\"> : R\u00e9duit le temps de nettoyage tout en am\u00e9liorant les r\u00e9sultats<\/span><\/li>\n<li class=\"whitespace-normal break-words\"><strong><span dir=\"auto\" style=\"vertical-align: inherit;\">Durabilit\u00e9<\/span><\/strong><span dir=\"auto\" style=\"vertical-align: inherit;\"> : Con\u00e7u pour r\u00e9sister \u00e0 un usage r\u00e9gulier avec un entretien minimal<\/span><\/li>\n<li class=\"whitespace-normal break-words\"><strong><span dir=\"auto\" style=\"vertical-align: inherit;\">Performance<\/span><\/strong><span dir=\"auto\" style=\"vertical-align: inherit;\"> : Puissance de nettoyage de qualit\u00e9 professionnelle pour usage domestique<\/span><\/li>\n<\/ul>\n<p class=\"whitespace-normal break-words\"><span dir=\"auto\" style=\"vertical-align: inherit;\">Parfait pour les propri\u00e9taires qui exigent des r\u00e9sultats de nettoyage de qualit\u00e9 et appr\u00e9cient un \u00e9quipement fiable et bien con\u00e7u. Ce nettoyeur haute pression repr\u00e9sente un excellent rapport qualit\u00e9-prix pour des solutions de nettoyage domestique compl\u00e8tes.<\/span><\/p>","protected":false},"excerpt":{"rendered":"<p>Nettoyeur Haute Pression Professionnel pour Solutions de Nettoyage Domestique Compl\u00e8tes Transformez votre routine de nettoyage avec le K\u00e4rcher K 5<\/p>","protected":false},"featured_media":12855,"template":"","meta":[],"product_brand":[],"product_cat":[61],"product_tag":[],"product_country":[1503],"class_list":{"0":"post-50","1":"product","2":"type-product","3":"status-publish","4":"has-post-thumbnail","6":"product_cat-sale-france","7":"product_country-france","9":"first","10":"instock","11":"sale","12":"taxable","13":"shipping-taxable","14":"purchasable","15":"product-type-simple"},"_links":{"self":[{"href":"https:\/\/routinesfashione.com\/es\/wp-json\/wp\/v2\/product\/50","targetHints":{"allow":["GET"]}}],"collection":[{"href":"https:\/\/routinesfashione.com\/es\/wp-json\/wp\/v2\/product"}],"about":[{"href":"https:\/\/routinesfashione.com\/es\/wp-json\/wp\/v2\/types\/product"}],"wp:featuredmedia":[{"embeddable":true,"href":"https:\/\/routinesfashione.com\/es\/wp-json\/wp\/v2\/media\/12855"}],"wp:attachment":[{"href":"https:\/\/routinesfashione.com\/es\/wp-json\/wp\/v2\/media?parent=50"}],"wp:term":[{"taxonomy":"product_brand","embeddable":true,"href":"https:\/\/routinesfashione.com\/es\/wp-json\/wp\/v2\/product_brand?post=50"},{"taxonomy":"product_cat","embeddable":true,"href":"https:\/\/routinesfashione.com\/es\/wp-json\/wp\/v2\/product_cat?post=50"},{"taxonomy":"product_tag","embeddable":true,"href":"https:\/\/routinesfashione.com\/es\/wp-json\/wp\/v2\/product_tag?post=50"},{"taxonomy":"product_country","embeddable":true,"href":"https:\/\/routinesfashione.com\/es\/wp-json\/wp\/v2\/product_country?post=50"}],"curies":[{"name":"wp","href":"https:\/\/api.w.org\/{rel}","templated":true}]}}