{"id":5171,"date":"2025-08-07T05:28:48","date_gmt":"2025-08-07T05:28:48","guid":{"rendered":"https:\/\/lightgray-crow-170497.hostingersite.com\/?post_type=product&#038;p=5171"},"modified":"2025-09-30T21:13:21","modified_gmt":"2025-09-30T21:13:21","slug":"cafetera-automatica-eletta-explore-ecam450-86-t-ex4","status":"publish","type":"product","link":"https:\/\/routinesfashione.com\/es\/produit\/cafetera-automatica-eletta-explore-ecam450-86-t-ex4\/","title":{"rendered":"Eletta Explore ECAM450.86.T EX:4 Automatische koffiemachine"},"content":{"rendered":"<h2 class=\"sc-94eb08bc-0 kpOntF\">Productbeschrijving<\/h2>\n<div class=\"sc-a4db4a77-0 ebMPPc\" aria-hidden=\"true\"><\/div>\n<div id=\"description-content\" class=\"sc-70c7237b-6 biLfRQ\">\n<div class=\"sc-94eb08bc-0 cIXvrS sc-ca7874f-0 fxZZEq\" data-test=\"pdp-description-pim-fallback\">De\u2019Longhi ECAM450.86.T. Type product: Espressomachine, Koffiezet apparaat type: Volledig automatisch, Capaciteit watertank: 1,8 l, Koffie invoertype: Koffiebonen, Reservoir voor gezette koffie: Beker, Capaciteit in kopjes: 2 kopjes, Ingebouwde molen. Type beeldscherm: TFT. Vermogen: 1450 W. Kleur van het product: Titanium<\/div>\n<div data-test=\"pdp-description-pim-fallback\">\n<h2 class=\"sc-94eb08bc-0 kpOntF\">Specificaties<\/h2>\n<div class=\"sc-a4db4a77-0 ebMPPc\" aria-hidden=\"true\"><\/div>\n<div id=\"features-content\" class=\"sc-70c7237b-6 biLfRQ\">\n<div class=\"sc-28e70b51-0 hjxnjF\">\n<div data-test=\"collapse\">\n<div>\n<table class=\"sc-eb5d0dd3-0 brREjs\">\n<thead class=\"sc-4d4fd441-0 fAxnSG\">\n<tr class=\"sc-dfa23c87-0 dkdsfi\">\n<th class=\"sc-fe2e4cbb-0 dOdMfy\" colspan=\"2\">\n<p class=\"sc-94eb08bc-0 gPnrYm\">Technische eigenschappen<\/p>\n<\/th>\n<\/tr>\n<\/thead>\n<tbody class=\"sc-b388eff-0 eqyplR\">\n<tr class=\"sc-dfa23c87-0 dkdsfi\">\n<td class=\"sc-fe2e4cbb-0 btUfxD\">\n<p class=\"sc-94eb08bc-0 dZfHSc\">Producttype<\/p>\n<\/td>\n<td class=\"sc-fe2e4cbb-0 fRBvcN sc-28e70b51-1 kBBZYc\">\n<p class=\"sc-94eb08bc-0 iWQWra\">Espressomachines<\/p>\n<\/td>\n<\/tr>\n<tr class=\"sc-dfa23c87-0 dkdsfi\">\n<td class=\"sc-fe2e4cbb-0 btUfxD\">\n<p class=\"sc-94eb08bc-0 dZfHSc\">Geschikt systeem<\/p>\n<\/td>\n<td class=\"sc-fe2e4cbb-0 fRBvcN sc-28e70b51-1 kBBZYc\">\n<p class=\"sc-94eb08bc-0 iWQWra\">Coffeemaker<\/p>\n<\/td>\n<\/tr>\n<tr class=\"sc-dfa23c87-0 dkdsfi\">\n<td class=\"sc-fe2e4cbb-0 btUfxD\">\n<p class=\"sc-94eb08bc-0 dZfHSc\">Maximaal vermogen<\/p>\n<\/td>\n<td class=\"sc-fe2e4cbb-0 fRBvcN sc-28e70b51-1 kBBZYc\">\n<p class=\"sc-94eb08bc-0 iWQWra\">1450 W<\/p>\n<\/td>\n<\/tr>\n<tr class=\"sc-dfa23c87-0 dkdsfi\">\n<td class=\"sc-fe2e4cbb-0 btUfxD\">\n<p class=\"sc-94eb08bc-0 dZfHSc\">Watervoorziening<\/p>\n<\/td>\n<td class=\"sc-fe2e4cbb-0 fRBvcN sc-28e70b51-1 kBBZYc\">\n<p class=\"sc-94eb08bc-0 iWQWra\">interne watertank<\/p>\n<\/td>\n<\/tr>\n<tr class=\"sc-dfa23c87-0 dkdsfi\">\n<td class=\"sc-fe2e4cbb-0 btUfxD\">\n<p class=\"sc-94eb08bc-0 dZfHSc\">Inhoud watertank<\/p>\n<\/td>\n<td class=\"sc-fe2e4cbb-0 fRBvcN sc-28e70b51-1 kBBZYc\">\n<p class=\"sc-94eb08bc-0 iWQWra\">1.8 l<\/p>\n<\/td>\n<\/tr>\n<tr class=\"sc-dfa23c87-0 dkdsfi\">\n<td class=\"sc-fe2e4cbb-0 btUfxD\">\n<p class=\"sc-94eb08bc-0 dZfHSc\">Inhoud melkreservoir<\/p>\n<\/td>\n<td class=\"sc-fe2e4cbb-0 fRBvcN sc-28e70b51-1 kBBZYc\">\n<p class=\"sc-94eb08bc-0 iWQWra\">0.5 l<\/p>\n<\/td>\n<\/tr>\n<tr class=\"sc-dfa23c87-0 dkdsfi\">\n<td class=\"sc-fe2e4cbb-0 btUfxD\">\n<p class=\"sc-94eb08bc-0 dZfHSc\">Energie-effici\u00ebntieklasse<\/p>\n<\/td>\n<td class=\"sc-fe2e4cbb-0 fRBvcN sc-28e70b51-1 kBBZYc\">\n<p class=\"sc-94eb08bc-0 iWQWra\">A<\/p>\n<\/td>\n<\/tr>\n<tr class=\"sc-dfa23c87-0 dkdsfi\">\n<td class=\"sc-fe2e4cbb-0 btUfxD\">\n<p class=\"sc-94eb08bc-0 dZfHSc\">Maximaal aantal kopjes<\/p>\n<\/td>\n<td class=\"sc-fe2e4cbb-0 fRBvcN sc-28e70b51-1 kBBZYc\">\n<p class=\"sc-94eb08bc-0 iWQWra\">2<\/p>\n<\/td>\n<\/tr>\n<tr class=\"sc-dfa23c87-0 dkdsfi\">\n<td class=\"sc-fe2e4cbb-0 btUfxD\">\n<p class=\"sc-94eb08bc-0 dZfHSc\">Pompdruk<\/p>\n<\/td>\n<td class=\"sc-fe2e4cbb-0 fRBvcN sc-28e70b51-1 kBBZYc\">\n<p class=\"sc-94eb08bc-0 iWQWra\">19 bar<\/p>\n<\/td>\n<\/tr>\n<tr class=\"sc-dfa23c87-0 dkdsfi\">\n<td class=\"sc-fe2e4cbb-0 btUfxD\">\n<p class=\"sc-94eb08bc-0 dZfHSc\">Inhoud bonenreservoir<\/p>\n<\/td>\n<td class=\"sc-fe2e4cbb-0 fRBvcN sc-28e70b51-1 kBBZYc\">\n<p class=\"sc-94eb08bc-0 iWQWra\">300 g<\/p>\n<\/td>\n<\/tr>\n<tr class=\"sc-dfa23c87-0 dkdsfi\">\n<td class=\"sc-fe2e4cbb-0 btUfxD\">\n<p class=\"sc-94eb08bc-0 dZfHSc\">Brouwtechnologie<\/p>\n<\/td>\n<td class=\"sc-fe2e4cbb-0 fRBvcN sc-28e70b51-1 kBBZYc\">\n<p class=\"sc-94eb08bc-0 iWQWra\">Volledig automatisch<\/p>\n<\/td>\n<\/tr>\n<tr class=\"sc-dfa23c87-0 dkdsfi\">\n<td class=\"sc-fe2e4cbb-0 btUfxD\">\n<p class=\"sc-94eb08bc-0 dZfHSc\">Verwarmingssysteem<\/p>\n<\/td>\n<td class=\"sc-fe2e4cbb-0 fRBvcN sc-28e70b51-1 kBBZYc\">\n<p class=\"sc-94eb08bc-0 iWQWra\">Thermoblock<\/p>\n<\/td>\n<\/tr>\n<tr class=\"sc-dfa23c87-0 dkdsfi\">\n<td class=\"sc-fe2e4cbb-0 btUfxD\">\n<p class=\"sc-94eb08bc-0 dZfHSc\">Instelbare koffietemperatuur<\/p>\n<\/td>\n<td class=\"sc-fe2e4cbb-0 fRBvcN sc-28e70b51-1 kBBZYc\">\n<p class=\"sc-94eb08bc-0 iWQWra\">Ja<\/p>\n<\/td>\n<\/tr>\n<tr class=\"sc-dfa23c87-0 dkdsfi\">\n<td class=\"sc-fe2e4cbb-0 btUfxD\">\n<p class=\"sc-94eb08bc-0 dZfHSc\">AI-functies<\/p>\n<\/td>\n<td class=\"sc-fe2e4cbb-0 fRBvcN sc-28e70b51-1 kBBZYc\">\n<p class=\"sc-94eb08bc-0 iWQWra\">Geen<\/p>\n<\/td>\n<\/tr>\n<tr class=\"sc-dfa23c87-0 dkdsfi\">\n<td class=\"sc-fe2e4cbb-0 btUfxD\">\n<p class=\"sc-94eb08bc-0 dZfHSc\">Kunstmatige intelligentie<\/p>\n<\/td>\n<td class=\"sc-fe2e4cbb-0 fRBvcN sc-28e70b51-1 kBBZYc\">\n<p class=\"sc-94eb08bc-0 iWQWra\">Geen<\/p>\n<\/td>\n<\/tr>\n<\/tbody>\n<\/table>\n<table class=\"sc-eb5d0dd3-0 brREjs\">\n<thead class=\"sc-4d4fd441-0 fAxnSG\">\n<tr class=\"sc-dfa23c87-0 dkdsfi\">\n<th class=\"sc-fe2e4cbb-0 dOdMfy\" colspan=\"2\">\n<p class=\"sc-94eb08bc-0 gPnrYm\">Uitvoering<\/p>\n<\/th>\n<\/tr>\n<\/thead>\n<tbody class=\"sc-b388eff-0 eqyplR\">\n<tr class=\"sc-dfa23c87-0 dkdsfi\">\n<td class=\"sc-fe2e4cbb-0 btUfxD\">\n<p class=\"sc-94eb08bc-0 dZfHSc\">Programma&#8217;s<\/p>\n<\/td>\n<td class=\"sc-fe2e4cbb-0 fRBvcN sc-28e70b51-1 kBBZYc\">\n<p class=\"sc-94eb08bc-0 iWQWra\">Koffie maken, Espresso maken, Cappuccino maken, Koffie zetten, Ristretto maken, Latte maken, Doppio+ maken, Espresso macchiato optie, Latte macchiato maken, Mokkakoffie maken, Caf\u00e9 lungo maken, Caf\u00e9 cr\u00e8me maken, Warme melk maken<\/p>\n<\/td>\n<\/tr>\n<tr class=\"sc-dfa23c87-0 dkdsfi\">\n<td class=\"sc-fe2e4cbb-0 btUfxD\">\n<p class=\"sc-94eb08bc-0 dZfHSc\">Instelbare koffiesterkte<\/p>\n<\/td>\n<td class=\"sc-fe2e4cbb-0 fRBvcN sc-28e70b51-1 kBBZYc\">\n<p class=\"sc-94eb08bc-0 iWQWra\">Ja<\/p>\n<\/td>\n<\/tr>\n<tr class=\"sc-dfa23c87-0 dkdsfi\">\n<td class=\"sc-fe2e4cbb-0 btUfxD\">\n<p class=\"sc-94eb08bc-0 dZfHSc\">Snelstoomfunctie<\/p>\n<\/td>\n<td class=\"sc-fe2e4cbb-0 fRBvcN sc-28e70b51-1 kBBZYc\">\n<p class=\"sc-94eb08bc-0 iWQWra\">Ja<\/p>\n<\/td>\n<\/tr>\n<tr class=\"sc-dfa23c87-0 dkdsfi\">\n<td class=\"sc-fe2e4cbb-0 btUfxD\">\n<p class=\"sc-94eb08bc-0 dZfHSc\">2-kops-functie<\/p>\n<\/td>\n<td class=\"sc-fe2e4cbb-0 fRBvcN sc-28e70b51-1 kBBZYc\">\n<p class=\"sc-94eb08bc-0 iWQWra\">Ja<\/p>\n<\/td>\n<\/tr>\n<tr id=\"pdp-features-last-always-visible\" class=\"sc-dfa23c87-0 dkdsfi\">\n<td class=\"sc-fe2e4cbb-0 btUfxD\">\n<p class=\"sc-94eb08bc-0 dZfHSc\">Druppelstop<\/p>\n<\/td>\n<td class=\"sc-fe2e4cbb-0 fRBvcN sc-28e70b51-1 kBBZYc\">\n<p class=\"sc-94eb08bc-0 iWQWra\">Ja<\/p>\n<\/td>\n<\/tr>\n<tr class=\"sc-dfa23c87-0 dkdsfi\">\n<td class=\"sc-fe2e4cbb-0 btUfxD\">\n<p class=\"sc-94eb08bc-0 dZfHSc\">Vulgewicht kan<\/p>\n<\/td>\n<td class=\"sc-fe2e4cbb-0 fRBvcN sc-28e70b51-1 kBBZYc\">\n<p class=\"sc-94eb08bc-0 iWQWra\">1.8 l<\/p>\n<\/td>\n<\/tr>\n<tr class=\"sc-dfa23c87-0 dkdsfi\">\n<td class=\"sc-fe2e4cbb-0 btUfxD\">\n<p class=\"sc-94eb08bc-0 dZfHSc\">Ge\u00efntegreerde koffiemolen<\/p>\n<\/td>\n<td class=\"sc-fe2e4cbb-0 fRBvcN sc-28e70b51-1 kBBZYc\">\n<p class=\"sc-94eb08bc-0 iWQWra\">Ja<\/p>\n<\/td>\n<\/tr>\n<tr class=\"sc-dfa23c87-0 dkdsfi\">\n<td class=\"sc-fe2e4cbb-0 btUfxD\">\n<p class=\"sc-94eb08bc-0 dZfHSc\">Kopjeswarmer<\/p>\n<\/td>\n<td class=\"sc-fe2e4cbb-0 fRBvcN sc-28e70b51-1 kBBZYc\">\n<p class=\"sc-94eb08bc-0 iWQWra\">Nee<\/p>\n<\/td>\n<\/tr>\n<tr class=\"sc-dfa23c87-0 dkdsfi\">\n<td class=\"sc-fe2e4cbb-0 btUfxD\">\n<p class=\"sc-94eb08bc-0 dZfHSc\">Instelbare koffiehoeveelheid<\/p>\n<\/td>\n<td class=\"sc-fe2e4cbb-0 fRBvcN sc-28e70b51-1 kBBZYc\">\n<p class=\"sc-94eb08bc-0 iWQWra\">Ja<\/p>\n<\/td>\n<\/tr>\n<tr class=\"sc-dfa23c87-0 dkdsfi\">\n<td class=\"sc-fe2e4cbb-0 btUfxD\">\n<p class=\"sc-94eb08bc-0 dZfHSc\">Melkopschuimmethode<\/p>\n<\/td>\n<td class=\"sc-fe2e4cbb-0 fRBvcN sc-28e70b51-1 kBBZYc\">\n<p class=\"sc-94eb08bc-0 iWQWra\">Handmatig met stoompijpje<\/p>\n<\/td>\n<\/tr>\n<tr class=\"sc-dfa23c87-0 dkdsfi\">\n<td class=\"sc-fe2e4cbb-0 btUfxD\">\n<p class=\"sc-94eb08bc-0 dZfHSc\">Melkopslag<\/p>\n<\/td>\n<td class=\"sc-fe2e4cbb-0 fRBvcN sc-28e70b51-1 kBBZYc\">\n<p class=\"sc-94eb08bc-0 iWQWra\">Extern melkreservoir<\/p>\n<\/td>\n<\/tr>\n<tr class=\"sc-dfa23c87-0 dkdsfi\">\n<td class=\"sc-fe2e4cbb-0 btUfxD\">\n<p class=\"sc-94eb08bc-0 dZfHSc\">Stoompijpje<\/p>\n<\/td>\n<td class=\"sc-fe2e4cbb-0 fRBvcN sc-28e70b51-1 kBBZYc\">\n<p class=\"sc-94eb08bc-0 iWQWra\">Ja<\/p>\n<\/td>\n<\/tr>\n<tr class=\"sc-dfa23c87-0 dkdsfi\">\n<td class=\"sc-fe2e4cbb-0 btUfxD\">\n<p class=\"sc-94eb08bc-0 dZfHSc\">Heetwaterfunctie<\/p>\n<\/td>\n<td class=\"sc-fe2e4cbb-0 fRBvcN sc-28e70b51-1 kBBZYc\">\n<p class=\"sc-94eb08bc-0 iWQWra\">Ja<\/p>\n<\/td>\n<\/tr>\n<tr class=\"sc-dfa23c87-0 dkdsfi\">\n<td class=\"sc-fe2e4cbb-0 btUfxD\">\n<p class=\"sc-94eb08bc-0 dZfHSc\">Waterfilter<\/p>\n<\/td>\n<td class=\"sc-fe2e4cbb-0 fRBvcN sc-28e70b51-1 kBBZYc\">\n<p class=\"sc-94eb08bc-0 iWQWra\">Ja<\/p>\n<\/td>\n<\/tr>\n<tr class=\"sc-dfa23c87-0 dkdsfi\">\n<td class=\"sc-fe2e4cbb-0 btUfxD\">\n<p class=\"sc-94eb08bc-0 dZfHSc\">Afneembaar waterreservoir<\/p>\n<\/td>\n<td class=\"sc-fe2e4cbb-0 fRBvcN sc-28e70b51-1 kBBZYc\">\n<p class=\"sc-94eb08bc-0 iWQWra\">Ja<\/p>\n<\/td>\n<\/tr>\n<tr class=\"sc-dfa23c87-0 dkdsfi\">\n<td class=\"sc-fe2e4cbb-0 btUfxD\">\n<p class=\"sc-94eb08bc-0 dZfHSc\">Afneembaar melkreservoir<\/p>\n<\/td>\n<td class=\"sc-fe2e4cbb-0 fRBvcN sc-28e70b51-1 kBBZYc\">\n<p class=\"sc-94eb08bc-0 iWQWra\">Ja<\/p>\n<\/td>\n<\/tr>\n<tr class=\"sc-dfa23c87-0 dkdsfi\">\n<td class=\"sc-fe2e4cbb-0 btUfxD\">\n<p class=\"sc-94eb08bc-0 dZfHSc\">Automatische uitschakeling<\/p>\n<\/td>\n<td class=\"sc-fe2e4cbb-0 fRBvcN sc-28e70b51-1 kBBZYc\">\n<p class=\"sc-94eb08bc-0 iWQWra\">Ja<\/p>\n<\/td>\n<\/tr>\n<tr class=\"sc-dfa23c87-0 dkdsfi\">\n<td class=\"sc-fe2e4cbb-0 btUfxD\">\n<p class=\"sc-94eb08bc-0 dZfHSc\">Reinigingsprogramma<\/p>\n<\/td>\n<td class=\"sc-fe2e4cbb-0 fRBvcN sc-28e70b51-1 kBBZYc\">\n<p class=\"sc-94eb08bc-0 iWQWra\">Ja<\/p>\n<\/td>\n<\/tr>\n<tr class=\"sc-dfa23c87-0 dkdsfi\">\n<td class=\"sc-fe2e4cbb-0 btUfxD\">\n<p class=\"sc-94eb08bc-0 dZfHSc\">Te verbinden met app<\/p>\n<\/td>\n<td class=\"sc-fe2e4cbb-0 fRBvcN sc-28e70b51-1 kBBZYc\">\n<p class=\"sc-94eb08bc-0 iWQWra\">Ja<\/p>\n<\/td>\n<\/tr>\n<tr class=\"sc-dfa23c87-0 dkdsfi\">\n<td class=\"sc-fe2e4cbb-0 btUfxD\">\n<p class=\"sc-94eb08bc-0 dZfHSc\">Vaatwasmachinebestendig<\/p>\n<\/td>\n<td class=\"sc-fe2e4cbb-0 fRBvcN sc-28e70b51-1 kBBZYc\">\n<p class=\"sc-94eb08bc-0 iWQWra\">Nee<\/p>\n<\/td>\n<\/tr>\n<tr class=\"sc-dfa23c87-0 dkdsfi\">\n<td class=\"sc-fe2e4cbb-0 btUfxD\">\n<p class=\"sc-94eb08bc-0 dZfHSc\">Overige kenmerken<\/p>\n<\/td>\n<td class=\"sc-fe2e4cbb-0 fRBvcN sc-28e70b51-1 kBBZYc\">\n<p class=\"sc-94eb08bc-0 iWQWra\">Meerdere dranken<\/p>\n<\/td>\n<\/tr>\n<tr class=\"sc-dfa23c87-0 dkdsfi\">\n<td class=\"sc-fe2e4cbb-0 btUfxD\">\n<p class=\"sc-94eb08bc-0 dZfHSc\">Ge\u00efntegreerde Wi-Fi<\/p>\n<\/td>\n<td class=\"sc-fe2e4cbb-0 fRBvcN sc-28e70b51-1 kBBZYc\">\n<p class=\"sc-94eb08bc-0 iWQWra\">Ja<\/p>\n<\/td>\n<\/tr>\n<tr class=\"sc-dfa23c87-0 dkdsfi\">\n<td class=\"sc-fe2e4cbb-0 btUfxD\">\n<p class=\"sc-94eb08bc-0 dZfHSc\">Spraakbesturing<\/p>\n<\/td>\n<td class=\"sc-fe2e4cbb-0 fRBvcN sc-28e70b51-1 kBBZYc\">\n<p class=\"sc-94eb08bc-0 iWQWra\">Nee<\/p>\n<\/td>\n<\/tr>\n<\/tbody>\n<\/table>\n<\/div>\n<\/div>\n<\/div>\n<\/div>\n<\/div>\n<\/div>","protected":false},"excerpt":{"rendered":"<p>Productbeschrijving De\u2019Longhi ECAM450.86.T. Type product: Espressomachine, Koffiezet apparaat type: Volledig automatisch, Capaciteit watertank: 1,8 l, Koffie invoertype: Koffiebonen, Reservoir voor<\/p>","protected":false},"featured_media":17174,"template":"","meta":[],"product_brand":[],"product_cat":[70],"product_tag":[71],"product_country":[1504],"class_list":{"0":"post-5171","1":"product","2":"type-product","3":"status-publish","4":"has-post-thumbnail","6":"product_cat-cofee-machine","7":"product_tag-cofee-machine","8":"product_country-netherlands","10":"first","11":"instock","12":"sale","13":"taxable","14":"shipping-taxable","15":"purchasable","16":"product-type-simple"},"_links":{"self":[{"href":"https:\/\/routinesfashione.com\/es\/wp-json\/wp\/v2\/product\/5171","targetHints":{"allow":["GET"]}}],"collection":[{"href":"https:\/\/routinesfashione.com\/es\/wp-json\/wp\/v2\/product"}],"about":[{"href":"https:\/\/routinesfashione.com\/es\/wp-json\/wp\/v2\/types\/product"}],"wp:featuredmedia":[{"embeddable":true,"href":"https:\/\/routinesfashione.com\/es\/wp-json\/wp\/v2\/media\/17174"}],"wp:attachment":[{"href":"https:\/\/routinesfashione.com\/es\/wp-json\/wp\/v2\/media?parent=5171"}],"wp:term":[{"taxonomy":"product_brand","embeddable":true,"href":"https:\/\/routinesfashione.com\/es\/wp-json\/wp\/v2\/product_brand?post=5171"},{"taxonomy":"product_cat","embeddable":true,"href":"https:\/\/routinesfashione.com\/es\/wp-json\/wp\/v2\/product_cat?post=5171"},{"taxonomy":"product_tag","embeddable":true,"href":"https:\/\/routinesfashione.com\/es\/wp-json\/wp\/v2\/product_tag?post=5171"},{"taxonomy":"product_country","embeddable":true,"href":"https:\/\/routinesfashione.com\/es\/wp-json\/wp\/v2\/product_country?post=5171"}],"curies":[{"name":"wp","href":"https:\/\/api.w.org\/{rel}","templated":true}]}}