{"id":533,"date":"2025-09-30T20:55:47","date_gmt":"2025-09-30T20:55:47","guid":{"rendered":"https:\/\/lightgray-crow-170497.hostingersite.com\/?post_type=product&#038;p=533"},"modified":"2025-09-30T20:55:47","modified_gmt":"2025-09-30T20:55:47","slug":"einhell-rasarro-push-lawn-mower-battery-black","status":"publish","type":"product","link":"https:\/\/routinesfashione.com\/es\/produit\/einhell-rasarro-push-lawn-mower-battery-black\/","title":{"rendered":"Tondeuse \u00e0 gazon pouss\u00e9e \u00e0 batterie Einhell RASARRO Noir"},"content":{"rendered":"<h3 data-start=\"151\" data-end=\"183\"><strong data-start=\"155\" data-end=\"181\">Description du produit<\/strong><\/h3>\n<p data-start=\"184\" data-end=\"778\">La <strong data-start=\"187\" data-end=\"206\">Einhell RASARRO<\/strong> est une <strong data-start=\"215\" data-end=\"244\">tondeuse \u00e0 gazon sans fil<\/strong> moderne et performante, faisant partie du <strong data-start=\"287\" data-end=\"323\">syst\u00e8me Power X-Change d\u2019Einhell<\/strong>. Fonctionnant avec deux batteries de 18 V (36 V au total) et dot\u00e9e d\u2019une <strong data-start=\"397\" data-end=\"426\">largeur de coupe de 38 cm<\/strong>, elle permet de tondre sans fil, en silence et de mani\u00e8re \u00e9cologique. La tondeuse dispose d\u2019un <strong data-start=\"522\" data-end=\"567\">r\u00e9glage centralis\u00e9 de la hauteur de coupe<\/strong> sur plusieurs positions, d\u2019un bac de ramassage spacieux avec indicateur de remplissage et d\u2019un guidon ergonomique et pliable. Son design l\u00e9ger et maniable la rend id\u00e9ale pour les petites et moyennes pelouses.<\/p>\n<hr data-start=\"780\" data-end=\"783\" \/>\n<h3 data-start=\"785\" data-end=\"822\"><strong data-start=\"789\" data-end=\"820\">Caract\u00e9ristiques techniques<\/strong><\/h3>\n<ul data-start=\"823\" data-end=\"1694\">\n<li data-start=\"823\" data-end=\"847\">\n<p data-start=\"825\" data-end=\"847\"><strong data-start=\"825\" data-end=\"835\">Marque<\/strong> : Einhell<\/p>\n<\/li>\n<li data-start=\"848\" data-end=\"872\">\n<p data-start=\"850\" data-end=\"872\"><strong data-start=\"850\" data-end=\"860\">Mod\u00e8le<\/strong> : RASARRO<\/p>\n<\/li>\n<li data-start=\"873\" data-end=\"921\">\n<p data-start=\"875\" data-end=\"921\"><strong data-start=\"875\" data-end=\"883\">Type<\/strong> : Tondeuse \u00e0 gazon sans fil pouss\u00e9e<\/p>\n<\/li>\n<li data-start=\"922\" data-end=\"993\">\n<p data-start=\"924\" data-end=\"993\"><strong data-start=\"924\" data-end=\"947\">Plateforme batterie<\/strong> : Power X-Change (2 \u00d7 18 V = 36 V au total)<\/p>\n<\/li>\n<li data-start=\"994\" data-end=\"1091\">\n<p data-start=\"996\" data-end=\"1091\"><strong data-start=\"996\" data-end=\"1018\">Batteries incluses<\/strong> : selon la version \u2013 batteries et chargeur inclus ou vendus s\u00e9par\u00e9ment<\/p>\n<\/li>\n<li data-start=\"1092\" data-end=\"1129\">\n<p data-start=\"1094\" data-end=\"1129\"><strong data-start=\"1094\" data-end=\"1114\">Largeur de coupe<\/strong> : env. 38 cm<\/p>\n<\/li>\n<li data-start=\"1130\" data-end=\"1217\">\n<p data-start=\"1132\" data-end=\"1217\"><strong data-start=\"1132\" data-end=\"1152\">Hauteur de coupe<\/strong> : env. 25 \u2013 75 mm (r\u00e9glage centralis\u00e9 sur plusieurs positions)<\/p>\n<\/li>\n<li data-start=\"1218\" data-end=\"1302\">\n<p data-start=\"1220\" data-end=\"1302\"><strong data-start=\"1220\" data-end=\"1252\">Capacit\u00e9 du bac de ramassage<\/strong> : env. 45 litres avec indicateur de remplissage<\/p>\n<\/li>\n<li data-start=\"1303\" data-end=\"1383\">\n<p data-start=\"1305\" data-end=\"1383\"><strong data-start=\"1305\" data-end=\"1318\">Fonctions<\/strong> : Ramassage et mulching (kit mulching inclus selon la version)<\/p>\n<\/li>\n<li data-start=\"1384\" data-end=\"1441\">\n<p data-start=\"1386\" data-end=\"1441\"><strong data-start=\"1386\" data-end=\"1402\">Entra\u00eenement<\/strong> : Pouss\u00e9e manuelle (non autotract\u00e9e)<\/p>\n<\/li>\n<li data-start=\"1442\" data-end=\"1490\">\n<p data-start=\"1444\" data-end=\"1490\"><strong data-start=\"1444\" data-end=\"1453\">Poids<\/strong> : env. 14 \u2013 16 kg (sans batteries)<\/p>\n<\/li>\n<li data-start=\"1491\" data-end=\"1602\">\n<p data-start=\"1493\" data-end=\"1602\"><strong data-start=\"1493\" data-end=\"1516\">Surface recommand\u00e9e<\/strong> : petites \u00e0 moyennes pelouses (jusqu\u2019\u00e0 env. 400 m\u00b2 par charge, selon les batteries)<\/p>\n<\/li>\n<\/ul>","protected":false},"excerpt":{"rendered":"<p>Description du produit La Einhell RASARRO est une tondeuse \u00e0 gazon sans fil moderne et performante, faisant partie du syst\u00e8me<\/p>","protected":false},"featured_media":19658,"template":"","meta":[],"product_brand":[],"product_cat":[64],"product_tag":[65],"product_country":[1503],"class_list":{"0":"post-533","1":"product","2":"type-product","3":"status-publish","4":"has-post-thumbnail","6":"product_cat-movers","7":"product_tag-movers","8":"product_country-france","10":"first","11":"instock","12":"sale","13":"taxable","14":"shipping-taxable","15":"purchasable","16":"product-type-simple"},"_links":{"self":[{"href":"https:\/\/routinesfashione.com\/es\/wp-json\/wp\/v2\/product\/533","targetHints":{"allow":["GET"]}}],"collection":[{"href":"https:\/\/routinesfashione.com\/es\/wp-json\/wp\/v2\/product"}],"about":[{"href":"https:\/\/routinesfashione.com\/es\/wp-json\/wp\/v2\/types\/product"}],"wp:featuredmedia":[{"embeddable":true,"href":"https:\/\/routinesfashione.com\/es\/wp-json\/wp\/v2\/media\/19658"}],"wp:attachment":[{"href":"https:\/\/routinesfashione.com\/es\/wp-json\/wp\/v2\/media?parent=533"}],"wp:term":[{"taxonomy":"product_brand","embeddable":true,"href":"https:\/\/routinesfashione.com\/es\/wp-json\/wp\/v2\/product_brand?post=533"},{"taxonomy":"product_cat","embeddable":true,"href":"https:\/\/routinesfashione.com\/es\/wp-json\/wp\/v2\/product_cat?post=533"},{"taxonomy":"product_tag","embeddable":true,"href":"https:\/\/routinesfashione.com\/es\/wp-json\/wp\/v2\/product_tag?post=533"},{"taxonomy":"product_country","embeddable":true,"href":"https:\/\/routinesfashione.com\/es\/wp-json\/wp\/v2\/product_country?post=533"}],"curies":[{"name":"wp","href":"https:\/\/api.w.org\/{rel}","templated":true}]}}