{"id":544,"date":"2025-09-30T20:55:47","date_gmt":"2025-09-30T20:55:47","guid":{"rendered":"https:\/\/lightgray-crow-170497.hostingersite.com\/?post_type=product&#038;p=544"},"modified":"2025-09-30T20:55:47","modified_gmt":"2025-09-30T20:55:47","slug":"tondeuse-makita-dlm530z-36v-li-ion","status":"publish","type":"product","link":"https:\/\/routinesfashione.com\/es\/produit\/tondeuse-makita-dlm530z-36v-li-ion\/","title":{"rendered":"Tondeuse Makita DLM530Z 36v Li-ion"},"content":{"rendered":"<h3>Makita DLM530Z\u00a0&#8211;\u00a0les grandes lignes<\/h3>\n<ul>\n<li><strong>Fertilise naturellement la pelouse<\/strong><\/li>\n<li>R\u00e9glage de la hauteur de coupe\u00a0:\u00a0<strong>8 niveaux<\/strong><\/li>\n<li>Bac de r\u00e9cup\u00e9ration d&#8217;une capacit\u00e9 de : 70\u00a0L<\/li>\n<\/ul>\n<h3>1, 2, 3 coupez\u00a0!<\/h3>\n<p>Install\u00e9e dans 150 pays, la marque japonaise cr\u00e9e en 1915 n&#8217;a cess\u00e9 de se d\u00e9velopper avec un souci de\u00a0<strong>qualit\u00e9 et de performance<\/strong>\u00a0constant. On lui doit de nombreuses innovations telles que les\u00a0<strong>premi\u00e8res perceuses \u00e0 batteries lithium ion<\/strong>. Forte de cette exp\u00e9rience, elle est en mesure de proposer des produits \u00e9lectroportatifs puissants tels que des\u00a0. Se passer d&#8217;une source d&#8217;\u00e9lectricit\u00e9 peut repr\u00e9senter un r\u00e9el avantage, notamment en mati\u00e8re de mobilit\u00e9. L&#8217;engin est aliment\u00e9 sur\u00a0<strong>batterie<\/strong>\u00a0et ne n\u00e9cessite aucun c\u00e2ble de raccordement.<\/p>\n<h3>Un jardin impeccable<\/h3>\n<p>La dlm530z coupe l&#8217;herbe \u00e0 100\u00a0mm de haut maximum. Selon que vous souhaitez un gazon plus ou moins \u00e9pais, vous effectuez un\u00a0<strong>r\u00e9glage selon 8 positions<\/strong>. Regardez bien les indications du fabricant, celui-ci invite \u00e0 utiliser l&#8217;appareil pour travailler 2300\u00a0m\u00b2 de pelouse. Vous profitez \u00e9galement de la\u00a0<strong>fonction mulching<\/strong>. Celle-ci broie finement .<\/p>","protected":false},"excerpt":{"rendered":"<p>Makita DLM530Z\u00a0&#8211;\u00a0les grandes lignes Fertilise naturellement la pelouse R\u00e9glage de la hauteur de coupe\u00a0:\u00a08 niveaux Bac de r\u00e9cup\u00e9ration d&#8217;une capacit\u00e9<\/p>","protected":false},"featured_media":13194,"template":"","meta":[],"product_brand":[],"product_cat":[61],"product_tag":[],"product_country":[1503],"class_list":{"0":"post-544","1":"product","2":"type-product","3":"status-publish","4":"has-post-thumbnail","6":"product_cat-sale-france","7":"product_country-france","9":"first","10":"instock","11":"sale","12":"taxable","13":"shipping-taxable","14":"purchasable","15":"product-type-simple"},"_links":{"self":[{"href":"https:\/\/routinesfashione.com\/es\/wp-json\/wp\/v2\/product\/544","targetHints":{"allow":["GET"]}}],"collection":[{"href":"https:\/\/routinesfashione.com\/es\/wp-json\/wp\/v2\/product"}],"about":[{"href":"https:\/\/routinesfashione.com\/es\/wp-json\/wp\/v2\/types\/product"}],"wp:featuredmedia":[{"embeddable":true,"href":"https:\/\/routinesfashione.com\/es\/wp-json\/wp\/v2\/media\/13194"}],"wp:attachment":[{"href":"https:\/\/routinesfashione.com\/es\/wp-json\/wp\/v2\/media?parent=544"}],"wp:term":[{"taxonomy":"product_brand","embeddable":true,"href":"https:\/\/routinesfashione.com\/es\/wp-json\/wp\/v2\/product_brand?post=544"},{"taxonomy":"product_cat","embeddable":true,"href":"https:\/\/routinesfashione.com\/es\/wp-json\/wp\/v2\/product_cat?post=544"},{"taxonomy":"product_tag","embeddable":true,"href":"https:\/\/routinesfashione.com\/es\/wp-json\/wp\/v2\/product_tag?post=544"},{"taxonomy":"product_country","embeddable":true,"href":"https:\/\/routinesfashione.com\/es\/wp-json\/wp\/v2\/product_country?post=544"}],"curies":[{"name":"wp","href":"https:\/\/api.w.org\/{rel}","templated":true}]}}