{"id":551,"date":"2025-09-30T20:55:47","date_gmt":"2025-09-30T20:55:47","guid":{"rendered":"https:\/\/lightgray-crow-170497.hostingersite.com\/?post_type=product&#038;p=551"},"modified":"2025-09-30T20:55:47","modified_gmt":"2025-09-30T20:55:47","slug":"attila-honda-adg-35-hc-z-debroussailleuse-a-dos-avec-moteur-essence-4-temps","status":"publish","type":"product","link":"https:\/\/routinesfashione.com\/es\/produit\/attila-honda-adg-35-hc-z-debroussailleuse-a-dos-avec-moteur-essence-4-temps\/","title":{"rendered":"Attila Honda ADG 35 HC-Z D\u00e9broussailleuse \u00e0 dos avec moteur essence 4 temps"},"content":{"rendered":"<div class=\"prd_desc\">Honda ADG 35 HC-Z &#8211; D\u00e9broussailleuse \u00e0 dos avec moteur essence 4 temps &#8211; Arbre Attila. Moteur 4 temps \u00e0 essence 35.8cc de 1.3 HP &#8211; Jusqu&#8217;\u00e0 4 m avec op\u00e9rateur avec rallonge de 80cm &#8211; Poign\u00e9e circulaire &#8211; Dorsal rembourr\u00e9 avec crochet de s\u00e9curit\u00e9 &#8211; Arbre rigide 26mm<\/div>","protected":false},"excerpt":{"rendered":"<p>Honda ADG 35 HC-Z &#8211; D\u00e9broussailleuse \u00e0 dos avec moteur essence 4 temps &#8211; Arbre Attila. Moteur 4 temps \u00e0<\/p>","protected":false},"featured_media":13199,"template":"","meta":[],"product_brand":[],"product_cat":[61],"product_tag":[],"product_country":[1503],"class_list":{"0":"post-551","1":"product","2":"type-product","3":"status-publish","4":"has-post-thumbnail","6":"product_cat-sale-france","7":"product_country-france","9":"first","10":"instock","11":"sale","12":"taxable","13":"shipping-taxable","14":"purchasable","15":"product-type-simple"},"_links":{"self":[{"href":"https:\/\/routinesfashione.com\/es\/wp-json\/wp\/v2\/product\/551","targetHints":{"allow":["GET"]}}],"collection":[{"href":"https:\/\/routinesfashione.com\/es\/wp-json\/wp\/v2\/product"}],"about":[{"href":"https:\/\/routinesfashione.com\/es\/wp-json\/wp\/v2\/types\/product"}],"wp:featuredmedia":[{"embeddable":true,"href":"https:\/\/routinesfashione.com\/es\/wp-json\/wp\/v2\/media\/13199"}],"wp:attachment":[{"href":"https:\/\/routinesfashione.com\/es\/wp-json\/wp\/v2\/media?parent=551"}],"wp:term":[{"taxonomy":"product_brand","embeddable":true,"href":"https:\/\/routinesfashione.com\/es\/wp-json\/wp\/v2\/product_brand?post=551"},{"taxonomy":"product_cat","embeddable":true,"href":"https:\/\/routinesfashione.com\/es\/wp-json\/wp\/v2\/product_cat?post=551"},{"taxonomy":"product_tag","embeddable":true,"href":"https:\/\/routinesfashione.com\/es\/wp-json\/wp\/v2\/product_tag?post=551"},{"taxonomy":"product_country","embeddable":true,"href":"https:\/\/routinesfashione.com\/es\/wp-json\/wp\/v2\/product_country?post=551"}],"curies":[{"name":"wp","href":"https:\/\/api.w.org\/{rel}","templated":true}]}}