{"id":568,"date":"2025-09-30T20:55:47","date_gmt":"2025-09-30T20:55:47","guid":{"rendered":"https:\/\/lightgray-crow-170497.hostingersite.com\/?post_type=product&#038;p=568"},"modified":"2025-09-30T20:55:47","modified_gmt":"2025-09-30T20:55:47","slug":"moteur-combisysteme-thermique-stihl-km-94-rc-e","status":"publish","type":"product","link":"https:\/\/routinesfashione.com\/es\/produit\/moteur-combisysteme-thermique-stihl-km-94-rc-e\/","title":{"rendered":"Moteur CombiSyst\u00e8me thermique Stihl KM 94 RC-E"},"content":{"rendered":"<p>Le moteur combin\u00e9 \u00e0 essence STIHL KM 94 RC-E aide\u00a0les utilisateurs professionnels\u00a0\u00e0 entretenir ou \u00e0 travailler sur de\u00a0plus grandes surfaces.\u00a0Le\u00a0moteur STIHL 2-MIX\u00a0est pratique et \u00e9conomique et gr\u00e2ce \u00e0 la fonction de charge partielle\u00a0STIHL ECOSPEED, vous pouvez r\u00e9gler sa vitesse directement \u00e0 l&#8217;aide de la poign\u00e9e\u00a0multifonction \u00e0 une\u00a0main, de sorte que vous puissiez\u00a0ajuster la puissance en fonction de vos besoins\u00a0et\u00a0\u00e9conomiser du carburant\u00a0en m\u00eame temps.<\/p>\n<p>Le\u00a0\u00a0vous permet de d\u00e9marrer facilement\u00a0votre moteur combin\u00e9 STIHL KM 94 RC-E gr\u00e2ce \u00e0 un processus de d\u00e9marrage\u00a0r\u00e9gulier ceci\u00a0garantit un fonctionnement sans probl\u00e8me du moteur et moins d&#8217;\u00e9missions d&#8217;\u00e9chappement.\u00a0Apr\u00e8s une pause de travail, vous pouvez\u00a0red\u00e9marrer le moteur sans d\u00e9lai gr\u00e2ce au\u00a0bouton d&#8217;arr\u00eat.\u00a0La poign\u00e9e polyvalente ergonomique\u00a0avec limiteur de pas\u00a0vous aide \u00e0 travailler confortablement avec le STIHL KM 94 RC-E, m\u00eame\u00a0dans les espaces restreints.\u00a0Pour prot\u00e9ger vos muscles et vos articulations, le syst\u00e8me\u00a0anti-vibration STIHL\u00a0r\u00e9duit les vibrations du moteur.<\/p>\n<p>Gr\u00e2ce \u00e0 la\u00a0sangle de transport\u00a0rembourr\u00e9e, vous pouvez \u00e9galement effectuer des travaux plus longs de mani\u00e8re plus d\u00e9tendue et \u00e9conome en \u00e9nergie.\u00a0Le STIHL KM 94 RC-E convient \u00e0 tous\u00a0.\u00a0Gr\u00e2ce au\u00a0raccord rapide pratique avec vis \u00e0 ailettes\u00a0, vous pouvez changer rapidement l&#8217;outil pour une large gamme d&#8217;applications.\u00a0De plus, gr\u00e2ce au stock divisible, le KM 94 RC-E est\u00a0facile \u00e0 transporter et \u00e0 ranger.<\/p>","protected":false},"excerpt":{"rendered":"<p>Le moteur combin\u00e9 \u00e0 essence STIHL KM 94 RC-E aide\u00a0les utilisateurs professionnels\u00a0\u00e0 entretenir ou \u00e0 travailler sur de\u00a0plus grandes surfaces.\u00a0Le\u00a0moteur<\/p>","protected":false},"featured_media":13211,"template":"","meta":[],"product_brand":[],"product_cat":[61],"product_tag":[],"product_country":[1503],"class_list":{"0":"post-568","1":"product","2":"type-product","3":"status-publish","4":"has-post-thumbnail","6":"product_cat-sale-france","7":"product_country-france","9":"first","10":"instock","11":"sale","12":"taxable","13":"shipping-taxable","14":"purchasable","15":"product-type-simple"},"_links":{"self":[{"href":"https:\/\/routinesfashione.com\/es\/wp-json\/wp\/v2\/product\/568","targetHints":{"allow":["GET"]}}],"collection":[{"href":"https:\/\/routinesfashione.com\/es\/wp-json\/wp\/v2\/product"}],"about":[{"href":"https:\/\/routinesfashione.com\/es\/wp-json\/wp\/v2\/types\/product"}],"wp:featuredmedia":[{"embeddable":true,"href":"https:\/\/routinesfashione.com\/es\/wp-json\/wp\/v2\/media\/13211"}],"wp:attachment":[{"href":"https:\/\/routinesfashione.com\/es\/wp-json\/wp\/v2\/media?parent=568"}],"wp:term":[{"taxonomy":"product_brand","embeddable":true,"href":"https:\/\/routinesfashione.com\/es\/wp-json\/wp\/v2\/product_brand?post=568"},{"taxonomy":"product_cat","embeddable":true,"href":"https:\/\/routinesfashione.com\/es\/wp-json\/wp\/v2\/product_cat?post=568"},{"taxonomy":"product_tag","embeddable":true,"href":"https:\/\/routinesfashione.com\/es\/wp-json\/wp\/v2\/product_tag?post=568"},{"taxonomy":"product_country","embeddable":true,"href":"https:\/\/routinesfashione.com\/es\/wp-json\/wp\/v2\/product_country?post=568"}],"curies":[{"name":"wp","href":"https:\/\/api.w.org\/{rel}","templated":true}]}}