{"id":5749,"date":"2025-08-07T18:16:06","date_gmt":"2025-08-07T18:16:06","guid":{"rendered":"https:\/\/lightgray-crow-170497.hostingersite.com\/?post_type=product&#038;p=5749"},"modified":"2025-09-30T21:21:40","modified_gmt":"2025-09-30T21:21:40","slug":"cafetera-ninja-es501eu","status":"publish","type":"product","link":"https:\/\/routinesfashione.com\/es\/produit\/cafetera-ninja-es501eu\/","title":{"rendered":"Ninja ES501EU Koffiezetapparaat"},"content":{"rendered":"<h2>Productbeschrijving<\/h2>\n<p>Ninja ES501EU Koffiezetapparaat<\/p>\n<div id=\"Desktop-Detailed-Evaluation-Zone\" class=\"celwidget\" data-feature-name=\"Desktop-Detailed-Evaluation-Zone\" data-csa-c-type=\"widget\" data-csa-c-content-id=\"Desktop-Detailed-Evaluation-Zone\" data-csa-c-slot-id=\"Desktop-Detailed-Evaluation-Zone\" data-csa-c-asin=\"\" data-csa-c-is-in-initial-active-row=\"false\" data-csa-c-id=\"n3drcq-224o3x-c7u7le-dvmvgt\" data-cel-widget=\"Desktop-Detailed-Evaluation-Zone\">\n<div id=\"productDetails_feature_div\" class=\"celwidget pd_rd_w-M14rK pd_rd_r-PWZFK9EXSCV3ESQ3263F pd_rd_wg-cHd5J\" data-feature-name=\"productDetailsHomeAndGarden_Updated\" data-csa-c-type=\"widget\" data-csa-c-content-id=\"productDetailsHomeAndGarden_Updated\" data-csa-c-slot-id=\"productDetails_feature_div\" data-csa-c-asin=\"\" data-csa-c-is-in-initial-active-row=\"false\" data-csa-c-id=\"l39l2u-q46kcu-n9xf9h-18i31o\" data-cel-widget=\"productDetails_feature_div\">\n<div>\n<div id=\"prodDetails\" class=\"a-section a-spacing-none\">\n<h2>Productinformatie<\/h2>\n<div class=\"a-row\">\n<div class=\"a-column a-span12 a-span-last\">\n<div class=\"a-row a-spacing-top-base\">\n<div class=\"a-column a-span6\">\n<div class=\"a-row a-spacing-base\">\n<div class=\"a-row a-expander-container a-expander-extend-container\">\n<div class=\"a-row\">\n<div class=\"a-column a-span6\">\n<h1 class=\"a-size-medium a-spacing-small\">Technische gegevens<\/h1>\n<\/div>\n<\/div>\n<div class=\"a-expander-content a-expander-extend-content\" data-expanded=\"true\">\n<div class=\"a-row a-expander-container a-expander-inline-container\">\n<div class=\"a-expander-content a-expander-section-content a-section-expander-inner\" data-expanded=\"true\">\n<table id=\"productDetails_techSpec_section_1\" class=\"a-keyvalue prodDetTable\">\n<tbody>\n<tr>\n<th class=\"a-color-secondary a-size-base prodDetSectionEntry\">Merk<\/th>\n<td class=\"a-size-base prodDetAttrValue\">\u200eNinja<\/td>\n<\/tr>\n<tr>\n<th class=\"a-color-secondary a-size-base prodDetSectionEntry\">Modelnummer<\/th>\n<td class=\"a-size-base prodDetAttrValue\">\u200eES501EU<\/td>\n<\/tr>\n<tr>\n<th class=\"a-color-secondary a-size-base prodDetSectionEntry\">Kleur<\/th>\n<td class=\"a-size-base prodDetAttrValue\">\u200eZilver<\/td>\n<\/tr>\n<tr>\n<th class=\"a-color-secondary a-size-base prodDetSectionEntry\">Productafmetingen<\/th>\n<td class=\"a-size-base prodDetAttrValue\">\u200e34,4 x 33,6 x 37,2 cm; 13,36 kg<\/td>\n<\/tr>\n<tr>\n<th class=\"a-color-secondary a-size-base prodDetSectionEntry\">Capaciteit<\/th>\n<td class=\"a-size-base prodDetAttrValue\">\u200e16,6 Kilogram<\/td>\n<\/tr>\n<tr>\n<th class=\"a-color-secondary a-size-base prodDetSectionEntry\">Vermogen\/wattage<\/th>\n<td class=\"a-size-base prodDetAttrValue\">\u200e1.75E+3<\/td>\n<\/tr>\n<tr>\n<th class=\"a-color-secondary a-size-base prodDetSectionEntry\">Voltage<\/th>\n<td class=\"a-size-base prodDetAttrValue\">\u200e2.3E+2 Volt<\/td>\n<\/tr>\n<tr>\n<th class=\"a-color-secondary a-size-base prodDetSectionEntry\">Materiaal<\/th>\n<td class=\"a-size-base prodDetAttrValue\">\u200eRoestvrij staal<\/td>\n<\/tr>\n<tr>\n<th class=\"a-color-secondary a-size-base prodDetSectionEntry\">Speciale functies<\/th>\n<td class=\"a-size-base prodDetAttrValue\">\u200eIngebouwde Koffiemolen, Vaatwasserbestendige (Bovenste Rek) &amp; Afneembare Onderdelen.<\/td>\n<\/tr>\n<tr>\n<th class=\"a-color-secondary a-size-base prodDetSectionEntry\">Fabrikant<\/th>\n<td class=\"a-size-base prodDetAttrValue\">\u200eNinja<\/td>\n<\/tr>\n<tr>\n<th class=\"a-color-secondary a-size-base prodDetSectionEntry\">Modelnummer item<\/th>\n<td class=\"a-size-base prodDetAttrValue\">\u200eES501EU<\/td>\n<\/tr>\n<tr>\n<th class=\"a-color-secondary a-size-base prodDetSectionEntry\">ASIN<\/th>\n<td class=\"a-size-base prodDetAttrValue\">\u200eB0DFWRHZ7L<\/td>\n<\/tr>\n<tr>\n<th class=\"a-color-secondary a-size-base prodDetSectionEntry\"><\/th>\n<td class=\"a-size-base prodDetAttrValue\"><\/td>\n<\/tr>\n<\/tbody>\n<\/table>\n<\/div>\n<\/div>\n<\/div>\n<\/div>\n<\/div>\n<div class=\"a-row a-spacing-base\"><\/div>\n<\/div>\n<div class=\"a-column a-span6 a-span-last\">\n<div class=\"a-row a-spacing-base\">\n<div id=\"productDetails_db_sections\" class=\"a-section\"><\/div>\n<\/div>\n<div class=\"a-section\">\n<div class=\"a-row a-spacing-top-base\">\n<h1 class=\"a-size-base-plus a-text-bold\">Over dit item<\/h1>\n<ul class=\"a-unordered-list a-vertical a-spacing-mini\">\n<li class=\"a-spacing-mini\"><span class=\"a-list-item\">2 MACHINES IN 1: Geniet thuis van de caf\u00e9favorieten met deze espresso- en filterkoffiemachine in \u00e9\u00e9n. Hij bevat ook een ingebouwde koffiemolen, melkschuimer en portafilter met Dubbele en Luxe filterbakjes<\/span><\/li>\n<li class=\"a-spacing-mini\"><span class=\"a-list-item\">HANDSFREE MICROSCHUIM: Het geautomatiseerde stoompijpje stoomt &amp; klopt tegelijkertijd en zet zowel koemelk als plantaardige melk om in microschuim. Geniet van 2 vooraf ingestelde schuimstanden: Dun Schuim &amp; Dik Schuim<\/span><\/li>\n<li class=\"a-spacing-mini\"><span class=\"a-list-item\">BARISTA ASSIST TECHNOLOGY: Alles van hele bonen tot microschuim, automatische voorinstellingen, druk, een ge\u00efntegreerde weegschaal en aanbevelingen helpen je om perfect gebalanceerde koffie te zetten<\/span><\/li>\n<li class=\"a-spacing-mini\"><span class=\"a-list-item\">GEBRUIKSVRIENDELIJKE KOFFIEMACHINE: Oefen je baristavaardigheden met 25 maalgraden, ingebouwde weegschaal &amp; melkschuimer. Of laat de machine je leiden met zijn intu\u00eftieve bedieningspaneel, aanbevelingen &amp; automatische voorinstellingen<\/span><\/li>\n<li class=\"a-spacing-mini\"><span class=\"a-list-item\">INBEGREPEN: Schuimkan met Ge\u00efntegreerde Klopper, Ingebouwde Maler, Schoonmaakborstel, Starterkit (Portafilter, Dubbel Filterbakje, Luxe Filterbakje, Trechter &amp; Ondersteunende Tamper), Schoonmaakset, Waterhardheidstestkit &amp; Receptengids<\/span><\/li>\n<li class=\"a-spacing-mini\"><span class=\"a-list-item\">AFMETINGEN: H: 37,2 x B: 33,6 x L: 34,4 cm. Gewicht: 16,65 kg. Kleur: Zilver<\/span><\/li>\n<\/ul>\n<\/div>\n<\/div>\n<\/div>\n<\/div>\n<\/div>\n<\/div>\n<\/div>\n<\/div>\n<\/div>\n<\/div>\n<div id=\"buffetServiceCard_feature_div\" class=\"celwidget\" data-feature-name=\"buffetServiceCard\" data-csa-c-type=\"widget\" data-csa-c-content-id=\"buffetServiceCard\" data-csa-c-slot-id=\"buffetServiceCard_feature_div\" data-csa-c-asin=\"\" data-csa-c-is-in-initial-active-row=\"false\" data-csa-c-id=\"1y5ael-sx4z4r-1ipaul-jz0yi2\" data-cel-widget=\"buffetServiceCard_feature_div\">\n<div class=\"celwidget c-f\" data-csa-op-log-render=\"\" data-csa-c-content-id=\"DsUnknown\" data-csa-c-slot-id=\"DsUnknown-6\" data-csa-c-type=\"widget\" data-csa-c-painter=\"buffet-disclaimers-card-cards\" data-csa-c-id=\"1hvnua-oojw7e-kof9hv-2bhtcb\" data-cel-widget=\"buffet-disclaimers-card_DetailPage_5\"><\/div>\n<\/div>","protected":false},"excerpt":{"rendered":"<p>Productbeschrijving Ninja ES501EU Koffiezetapparaat Productinformatie Technische gegevens Merk \u200eNinja Modelnummer \u200eES501EU Kleur \u200eZilver Productafmetingen \u200e34,4 x 33,6 x 37,2 cm;<\/p>","protected":false},"featured_media":17595,"template":"","meta":[],"product_brand":[],"product_cat":[70],"product_tag":[71],"product_country":[1504],"class_list":{"0":"post-5749","1":"product","2":"type-product","3":"status-publish","4":"has-post-thumbnail","6":"product_cat-cofee-machine","7":"product_tag-cofee-machine","8":"product_country-netherlands","10":"first","11":"instock","12":"sale","13":"taxable","14":"shipping-taxable","15":"purchasable","16":"product-type-simple"},"_links":{"self":[{"href":"https:\/\/routinesfashione.com\/es\/wp-json\/wp\/v2\/product\/5749","targetHints":{"allow":["GET"]}}],"collection":[{"href":"https:\/\/routinesfashione.com\/es\/wp-json\/wp\/v2\/product"}],"about":[{"href":"https:\/\/routinesfashione.com\/es\/wp-json\/wp\/v2\/types\/product"}],"wp:featuredmedia":[{"embeddable":true,"href":"https:\/\/routinesfashione.com\/es\/wp-json\/wp\/v2\/media\/17595"}],"wp:attachment":[{"href":"https:\/\/routinesfashione.com\/es\/wp-json\/wp\/v2\/media?parent=5749"}],"wp:term":[{"taxonomy":"product_brand","embeddable":true,"href":"https:\/\/routinesfashione.com\/es\/wp-json\/wp\/v2\/product_brand?post=5749"},{"taxonomy":"product_cat","embeddable":true,"href":"https:\/\/routinesfashione.com\/es\/wp-json\/wp\/v2\/product_cat?post=5749"},{"taxonomy":"product_tag","embeddable":true,"href":"https:\/\/routinesfashione.com\/es\/wp-json\/wp\/v2\/product_tag?post=5749"},{"taxonomy":"product_country","embeddable":true,"href":"https:\/\/routinesfashione.com\/es\/wp-json\/wp\/v2\/product_country?post=5749"}],"curies":[{"name":"wp","href":"https:\/\/api.w.org\/{rel}","templated":true}]}}