{"id":625,"date":"2025-09-30T20:53:43","date_gmt":"2025-09-30T20:53:43","guid":{"rendered":"https:\/\/lightgray-crow-170497.hostingersite.com\/?post_type=product&#038;p=625"},"modified":"2025-09-30T20:53:43","modified_gmt":"2025-09-30T20:53:43","slug":"practixx-robot-tondeuse-px-rrm-600wi-jardins-jusqua-600-m%c2%b2-largeur-de-coupe-18-cm-hauteur-de-coupe-2-a-6-cm-bluetooth-ou-wifi-autonomie","status":"publish","type":"product","link":"https:\/\/routinesfashione.com\/es\/produit\/practixx-robot-tondeuse-px-rrm-600wi-jardins-jusqua-600-m%c2%b2-largeur-de-coupe-18-cm-hauteur-de-coupe-2-a-6-cm-bluetooth-ou-wifi-autonomie\/","title":{"rendered":"Practixx Robot tondeuse PX-RRM-600Wi \u2013 Jardins jusqu&#8217;\u00e0 600 m\u00b2 \u2013 Largeur de coupe 18 cm \u2013 Hauteur de coupe 2 \u00e0 6 cm \u2013 Bluetooth ou WiFi \u2013 Autonomie"},"content":{"rendered":"<ul class=\"a-unordered-list a-vertical a-spacing-mini\">\n<li class=\"a-spacing-mini\"><span class=\"a-list-item\">Id\u00e9al pour les jardins jusqu&#8217;\u00e0 600 m\u00b2 | Silencieux &#8211; seulement 62 dB<\/span><\/li>\n<li class=\"a-spacing-mini\"><span class=\"a-list-item\">Largeur de coupe 180mm<\/span><\/li>\n<li class=\"a-spacing-mini\"><span class=\"a-list-item\">Hauteur de coupe r\u00e9glable en continu de 20 \u00e0 60mm<\/span><\/li>\n<li class=\"a-spacing-mini\"><span class=\"a-list-item\">Avec fonction de tonte des bordures pour des bords de pelouse propres<\/span><\/li>\n<li class=\"a-spacing-mini\"><span class=\"a-list-item\">Pentes possibles jusqu&#8217;\u00e0 35\u00b0<\/span><\/li>\n<li class=\"a-spacing-mini\"><span class=\"a-list-item\">Commande par application via WiFi ou Bluetooth<\/span><\/li>\n<li class=\"a-spacing-mini\"><span class=\"a-list-item\">Protection antivol par code PIN individuel<\/span><\/li>\n<\/ul>\n<div class=\"a-row a-expander-container a-expander-inline-container\">\n<div class=\"a-expander-content a-expander-extend-content a-expander-content-expanded\" data-expanded=\"true\">\n<ul class=\"a-unordered-list a-vertical a-spacing-none\">\n<li class=\"a-spacing-mini\"><span class=\"a-list-item\">\u00c9cran num\u00e9rique et commande par app pour le temps de tonte, le point de d\u00e9part, le d\u00e9tecteur de pluie, le d\u00e9marrage et l&#8217;arr\u00eat<\/span><\/li>\n<li class=\"a-spacing-mini\"><span class=\"a-list-item\">Capteur d&#8217;obstacles sensible pour la protection des enfants et des animaux<\/span><\/li>\n<li class=\"a-spacing-mini\"><span class=\"a-list-item\">Contenu de la livraison : Robot de tonte, station de recharge rapide, 130 m de c\u00e2ble p\u00e9riph\u00e9rique, 180 ancrages au sol, 3 lames pr\u00e9mont\u00e9es et 6 lames de rechange<\/span><\/li>\n<\/ul>\n<\/div>\n<\/div>","protected":false},"excerpt":{"rendered":"<p>Id\u00e9al pour les jardins jusqu&#8217;\u00e0 600 m\u00b2 | Silencieux &#8211; seulement 62 dB Largeur de coupe 180mm Hauteur de coupe<\/p>","protected":false},"featured_media":13253,"template":"","meta":[],"product_brand":[],"product_cat":[61],"product_tag":[],"product_country":[1503],"class_list":{"0":"post-625","1":"product","2":"type-product","3":"status-publish","4":"has-post-thumbnail","6":"product_cat-sale-france","7":"product_country-france","9":"first","10":"instock","11":"sale","12":"taxable","13":"shipping-taxable","14":"purchasable","15":"product-type-simple"},"_links":{"self":[{"href":"https:\/\/routinesfashione.com\/es\/wp-json\/wp\/v2\/product\/625","targetHints":{"allow":["GET"]}}],"collection":[{"href":"https:\/\/routinesfashione.com\/es\/wp-json\/wp\/v2\/product"}],"about":[{"href":"https:\/\/routinesfashione.com\/es\/wp-json\/wp\/v2\/types\/product"}],"wp:featuredmedia":[{"embeddable":true,"href":"https:\/\/routinesfashione.com\/es\/wp-json\/wp\/v2\/media\/13253"}],"wp:attachment":[{"href":"https:\/\/routinesfashione.com\/es\/wp-json\/wp\/v2\/media?parent=625"}],"wp:term":[{"taxonomy":"product_brand","embeddable":true,"href":"https:\/\/routinesfashione.com\/es\/wp-json\/wp\/v2\/product_brand?post=625"},{"taxonomy":"product_cat","embeddable":true,"href":"https:\/\/routinesfashione.com\/es\/wp-json\/wp\/v2\/product_cat?post=625"},{"taxonomy":"product_tag","embeddable":true,"href":"https:\/\/routinesfashione.com\/es\/wp-json\/wp\/v2\/product_tag?post=625"},{"taxonomy":"product_country","embeddable":true,"href":"https:\/\/routinesfashione.com\/es\/wp-json\/wp\/v2\/product_country?post=625"}],"curies":[{"name":"wp","href":"https:\/\/api.w.org\/{rel}","templated":true}]}}