{"id":6583,"date":"2025-08-08T12:39:46","date_gmt":"2025-08-08T12:39:46","guid":{"rendered":"https:\/\/lightgray-crow-170497.hostingersite.com\/?post_type=product&#038;p=6583"},"modified":"2025-09-30T21:05:54","modified_gmt":"2025-09-30T21:05:54","slug":"o-grill-900t-negro-rojo-crema","status":"publish","type":"product","link":"https:\/\/routinesfashione.com\/es\/produit\/o-grill-900t-negro-rojo-crema\/","title":{"rendered":"O-Grill 900T negro, rojo, crema"},"content":{"rendered":"<p>O-Grill 900T negro rojo crema dise\u00f1o moderno port\u00e1til ligero estructura robusta f\u00e1cil transportar adecuado camping playa terraza balc\u00f3n jard\u00edn excursi\u00f3n viaje motorhome picnic rendimiento alto encendido r\u00e1pido calentamiento inmediato distribuci\u00f3n uniforme calor cocci\u00f3n precisa carne pollo pescado marisco vegetales panes sabor aut\u00e9ntico parrillada profesional materiales resistentes acero duradero superficie antiadherente f\u00e1cil limpiar mantenimiento sencillo tama\u00f1o compacto ahorro espacio almacenamiento pr\u00e1ctico movilidad c\u00f3moda asa integrada plegado seguro dise\u00f1o ergon\u00f3mico experiencia culinaria exterior completa versatilidad uso frecuente hogar aventura aire libre innovaci\u00f3n funcionalidad consumo gas eficiente autonom\u00eda prolongada seguridad avanzada v\u00e1lvula protecci\u00f3n estabilidad firme patas antideslizantes comodidad usuario garantizada estilo elegante colores negro rojo crema combinaci\u00f3n est\u00e9tica ideal entornos modernos tradicionales fiabilidad comprobada preferencia usuarios expertos parrilleros calidad internacional garant\u00eda satisfacci\u00f3n experiencia inolvidable reuniones familiares eventos sociales celebraciones amigos ambiente acogedor sabor intenso cocina aut\u00e9ntica.<\/p>","protected":false},"excerpt":{"rendered":"<p>O-Grill 900T negro rojo crema dise\u00f1o moderno port\u00e1til ligero estructura robusta f\u00e1cil transportar adecuado camping playa terraza balc\u00f3n jard\u00edn excursi\u00f3n<\/p>","protected":false},"featured_media":18177,"template":"","meta":[],"product_brand":[],"product_cat":[72],"product_tag":[1513],"product_country":[1505],"class_list":{"0":"post-6583","1":"product","2":"type-product","3":"status-publish","4":"has-post-thumbnail","6":"product_cat-grills-outdoor-cooking","7":"product_tag-grills-outdoor-cooking","8":"product_country-spain","10":"first","11":"instock","12":"sale","13":"taxable","14":"shipping-taxable","15":"purchasable","16":"product-type-simple"},"_links":{"self":[{"href":"https:\/\/routinesfashione.com\/es\/wp-json\/wp\/v2\/product\/6583","targetHints":{"allow":["GET"]}}],"collection":[{"href":"https:\/\/routinesfashione.com\/es\/wp-json\/wp\/v2\/product"}],"about":[{"href":"https:\/\/routinesfashione.com\/es\/wp-json\/wp\/v2\/types\/product"}],"wp:featuredmedia":[{"embeddable":true,"href":"https:\/\/routinesfashione.com\/es\/wp-json\/wp\/v2\/media\/18177"}],"wp:attachment":[{"href":"https:\/\/routinesfashione.com\/es\/wp-json\/wp\/v2\/media?parent=6583"}],"wp:term":[{"taxonomy":"product_brand","embeddable":true,"href":"https:\/\/routinesfashione.com\/es\/wp-json\/wp\/v2\/product_brand?post=6583"},{"taxonomy":"product_cat","embeddable":true,"href":"https:\/\/routinesfashione.com\/es\/wp-json\/wp\/v2\/product_cat?post=6583"},{"taxonomy":"product_tag","embeddable":true,"href":"https:\/\/routinesfashione.com\/es\/wp-json\/wp\/v2\/product_tag?post=6583"},{"taxonomy":"product_country","embeddable":true,"href":"https:\/\/routinesfashione.com\/es\/wp-json\/wp\/v2\/product_country?post=6583"}],"curies":[{"name":"wp","href":"https:\/\/api.w.org\/{rel}","templated":true}]}}