{"id":6753,"date":"2025-08-08T20:57:54","date_gmt":"2025-08-08T20:57:54","guid":{"rendered":"https:\/\/lightgray-crow-170497.hostingersite.com\/?post_type=product&#038;p=6753"},"modified":"2025-09-30T21:06:06","modified_gmt":"2025-09-30T21:06:06","slug":"placa-induccion-bosch-pvq631hc1e","status":"publish","type":"product","link":"https:\/\/routinesfashione.com\/es\/produit\/placa-induccion-bosch-pvq631hc1e\/","title":{"rendered":"Placa inducci\u00f3n Bosch PVQ631HC1E"},"content":{"rendered":"<p data-start=\"143\" data-end=\"335\"><strong data-start=\"178\" data-end=\"187\">Tipo:<\/strong> Placa de inducci\u00f3n con zona de extracci\u00f3n integrada<br data-start=\"239\" data-end=\"242\" \/><strong data-start=\"242\" data-end=\"252\">Serie:<\/strong> Serie 6<br data-start=\"260\" data-end=\"263\" \/><strong data-start=\"263\" data-end=\"274\">Modelo:<\/strong> PVQ631HC1E<br data-start=\"285\" data-end=\"288\" \/><strong data-start=\"288\" data-end=\"298\">Color:<\/strong> Negro<br data-start=\"304\" data-end=\"307\" \/><strong data-start=\"307\" data-end=\"323\">Instalaci\u00f3n:<\/strong> Empotrada<\/p>\n<hr data-start=\"337\" data-end=\"340\" \/>\n<h3 data-start=\"342\" data-end=\"379\"><strong data-start=\"346\" data-end=\"377\">Belangrijkste Specificaties<\/strong><\/h3>\n<ul data-start=\"380\" data-end=\"999\">\n<li data-start=\"380\" data-end=\"417\">\n<p data-start=\"382\" data-end=\"417\"><strong data-start=\"382\" data-end=\"413\">N\u00famero de zonas de cocci\u00f3n:<\/strong> 4<\/p>\n<\/li>\n<li data-start=\"418\" data-end=\"477\">\n<p data-start=\"420\" data-end=\"477\"><strong data-start=\"420\" data-end=\"438\">Tipo de zonas:<\/strong> Inducci\u00f3n, con funci\u00f3n FlexInduction<\/p>\n<\/li>\n<li data-start=\"478\" data-end=\"557\">\n<p data-start=\"480\" data-end=\"557\"><strong data-start=\"480\" data-end=\"516\">Sistema de extracci\u00f3n integrado:<\/strong> S\u00ed, con ventilador y filtros incluidos<\/p>\n<\/li>\n<li data-start=\"558\" data-end=\"597\">\n<p data-start=\"560\" data-end=\"597\"><strong data-start=\"560\" data-end=\"584\">Niveles de potencia:<\/strong> 17 ajustes<\/p>\n<\/li>\n<li data-start=\"598\" data-end=\"645\">\n<p data-start=\"600\" data-end=\"645\"><strong data-start=\"600\" data-end=\"630\">Potencia total de cocci\u00f3n:<\/strong> Hasta 7400 W<\/p>\n<\/li>\n<li data-start=\"646\" data-end=\"721\">\n<p data-start=\"648\" data-end=\"721\"><strong data-start=\"648\" data-end=\"675\">Potencia de extracci\u00f3n:<\/strong> Hasta 500 m\u00b3\/h (dependiendo de instalaci\u00f3n)<\/p>\n<\/li>\n<li data-start=\"722\" data-end=\"826\">\n<p data-start=\"724\" data-end=\"826\"><strong data-start=\"724\" data-end=\"744\">Tipo de filtros:<\/strong> Filtro de grasa met\u00e1lico lavable y filtro de carb\u00f3n activo (modo recirculaci\u00f3n)<\/p>\n<\/li>\n<li data-start=\"827\" data-end=\"883\">\n<p data-start=\"829\" data-end=\"883\"><strong data-start=\"829\" data-end=\"841\">Control:<\/strong> T\u00e1ctil DirectSelect con iluminaci\u00f3n LED<\/p>\n<\/li>\n<li data-start=\"884\" data-end=\"929\">\n<p data-start=\"886\" data-end=\"929\"><strong data-start=\"886\" data-end=\"912\">Dimensiones (An x Pr):<\/strong> 60,2 \u00d7 52,2 cm<\/p>\n<\/li>\n<li data-start=\"930\" data-end=\"972\">\n<p data-start=\"932\" data-end=\"972\"><strong data-start=\"932\" data-end=\"962\">Altura m\u00ednima de encastre:<\/strong> 22,3 cm<\/p>\n<\/li>\n<li data-start=\"973\" data-end=\"999\">\n<p data-start=\"975\" data-end=\"999\"><strong data-start=\"975\" data-end=\"987\">Tensi\u00f3n:<\/strong> 220\u2013240 V<\/p>\n<\/li>\n<\/ul>\n<hr data-start=\"1001\" data-end=\"1004\" \/>\n<h3 data-start=\"1006\" data-end=\"1043\"><strong data-start=\"1010\" data-end=\"1041\">Principales Caracter\u00edsticas<\/strong><\/h3>\n<ul data-start=\"1044\" data-end=\"1690\">\n<li data-start=\"1044\" data-end=\"1159\">\n<p data-start=\"1046\" data-end=\"1159\"><strong data-start=\"1046\" data-end=\"1064\">FlexInduction:<\/strong> Combina dos zonas en una superficie continua para recipientes grandes o m\u00faltiples utensilios<\/p>\n<\/li>\n<li data-start=\"1160\" data-end=\"1253\">\n<p data-start=\"1162\" data-end=\"1253\"><strong data-start=\"1162\" data-end=\"1186\">Extractor integrado:<\/strong> Ahorra espacio y elimina humos y olores directamente en la placa<\/p>\n<\/li>\n<li data-start=\"1254\" data-end=\"1348\">\n<p data-start=\"1256\" data-end=\"1348\"><strong data-start=\"1256\" data-end=\"1279\">Funci\u00f3n PowerBoost:<\/strong> Calentamiento r\u00e1pido para hervir agua o cocinar a alta temperatura<\/p>\n<\/li>\n<li data-start=\"1349\" data-end=\"1423\">\n<p data-start=\"1351\" data-end=\"1423\"><strong data-start=\"1351\" data-end=\"1373\">PerfectFry Sensor:<\/strong> Control de temperatura para fre\u00edr con precisi\u00f3n<\/p>\n<\/li>\n<li data-start=\"1424\" data-end=\"1498\">\n<p data-start=\"1426\" data-end=\"1498\"><strong data-start=\"1426\" data-end=\"1441\">SilentMove:<\/strong> Deslizamiento suave de recipientes sin ruidos molestos<\/p>\n<\/li>\n<li data-start=\"1499\" data-end=\"1604\">\n<p data-start=\"1501\" data-end=\"1604\"><strong data-start=\"1501\" data-end=\"1520\">F\u00e1cil limpieza:<\/strong> Superficie vitrocer\u00e1mica resistente y filtros extra\u00edbles lavables en lavavajillas<\/p>\n<\/li>\n<li data-start=\"1605\" data-end=\"1690\">\n<p data-start=\"1607\" data-end=\"1690\"><strong data-start=\"1607\" data-end=\"1621\">Seguridad:<\/strong> Bloqueo infantil, desconexi\u00f3n autom\u00e1tica y detecci\u00f3n de recipiente<\/p>\n<\/li>\n<\/ul>\n<hr data-start=\"1692\" data-end=\"1695\" \/>\n<h3 data-start=\"1697\" data-end=\"1715\"><strong data-start=\"1701\" data-end=\"1713\">Ventajas<\/strong><\/h3>\n<ul data-start=\"1716\" data-end=\"1931\">\n<li data-start=\"1716\" data-end=\"1765\">\n<p data-start=\"1718\" data-end=\"1765\">Dise\u00f1o 2 en 1 que ahorra espacio en la cocina<\/p>\n<\/li>\n<li data-start=\"1766\" data-end=\"1802\">\n<p data-start=\"1768\" data-end=\"1802\">Calentamiento r\u00e1pido y eficiente<\/p>\n<\/li>\n<li data-start=\"1803\" data-end=\"1860\">\n<p data-start=\"1805\" data-end=\"1860\">Extracci\u00f3n potente directamente en la zona de cocci\u00f3n<\/p>\n<\/li>\n<li data-start=\"1861\" data-end=\"1896\">\n<p data-start=\"1863\" data-end=\"1896\">Controles intuitivos y precisos<\/p>\n<\/li>\n<li data-start=\"1897\" data-end=\"1931\">\n<p data-start=\"1899\" data-end=\"1931\">F\u00e1cil limpieza y mantenimiento<\/p>\n<\/li>\n<\/ul>\n<hr data-start=\"1933\" data-end=\"1936\" \/>\n<h3 data-start=\"1938\" data-end=\"1963\"><strong data-start=\"1942\" data-end=\"1961\">Aandachtspunten<\/strong><\/h3>\n<ul data-start=\"1964\" data-end=\"2197\">\n<li data-start=\"1964\" data-end=\"2043\">\n<p data-start=\"1966\" data-end=\"2043\">La instalaci\u00f3n requiere prever espacio extra para el sistema de ventilaci\u00f3n<\/p>\n<\/li>\n<li data-start=\"2044\" data-end=\"2116\">\n<p data-start=\"2046\" data-end=\"2116\">Precio m\u00e1s elevado que una placa de inducci\u00f3n est\u00e1ndar sin extractor<\/p>\n<\/li>\n<li data-start=\"2117\" data-end=\"2197\">\n<p data-start=\"2119\" data-end=\"2197\">Menor potencia de extracci\u00f3n en modo recirculaci\u00f3n que en salida al exterior<\/p>\n<\/li>\n<\/ul>\n<hr data-start=\"2199\" data-end=\"2202\" \/>\n<p data-start=\"2204\" data-end=\"2537\"><strong data-start=\"2204\" data-end=\"2219\">Conclusi\u00f3n:<\/strong><br data-start=\"2219\" data-end=\"2222\" \/>La <strong data-start=\"2225\" data-end=\"2245\">Bosch PVQ631HC1E<\/strong> combina la precisi\u00f3n y velocidad de la inducci\u00f3n con un extractor integrado eficiente, ideal para cocinas modernas donde se busca optimizar el espacio sin renunciar a potencia ni dise\u00f1o. Ofrece versatilidad con FlexInduction y funciones inteligentes que facilitan la cocci\u00f3n y la limpieza.<\/p>","protected":false},"excerpt":{"rendered":"<p>Tipo: Placa de inducci\u00f3n con zona de extracci\u00f3n integradaSerie: Serie 6Modelo: PVQ631HC1EColor: NegroInstalaci\u00f3n: Empotrada Belangrijkste Specificaties N\u00famero de zonas de<\/p>","protected":false},"featured_media":18285,"template":"","meta":[],"product_brand":[],"product_cat":[74],"product_tag":[75],"product_country":[1505],"class_list":{"0":"post-6753","1":"product","2":"type-product","3":"status-publish","4":"has-post-thumbnail","6":"product_cat-kitchen-appliances","7":"product_tag-kitchen-appliances","8":"product_country-spain","10":"first","11":"instock","12":"sale","13":"taxable","14":"shipping-taxable","15":"purchasable","16":"product-type-simple"},"_links":{"self":[{"href":"https:\/\/routinesfashione.com\/es\/wp-json\/wp\/v2\/product\/6753","targetHints":{"allow":["GET"]}}],"collection":[{"href":"https:\/\/routinesfashione.com\/es\/wp-json\/wp\/v2\/product"}],"about":[{"href":"https:\/\/routinesfashione.com\/es\/wp-json\/wp\/v2\/types\/product"}],"wp:featuredmedia":[{"embeddable":true,"href":"https:\/\/routinesfashione.com\/es\/wp-json\/wp\/v2\/media\/18285"}],"wp:attachment":[{"href":"https:\/\/routinesfashione.com\/es\/wp-json\/wp\/v2\/media?parent=6753"}],"wp:term":[{"taxonomy":"product_brand","embeddable":true,"href":"https:\/\/routinesfashione.com\/es\/wp-json\/wp\/v2\/product_brand?post=6753"},{"taxonomy":"product_cat","embeddable":true,"href":"https:\/\/routinesfashione.com\/es\/wp-json\/wp\/v2\/product_cat?post=6753"},{"taxonomy":"product_tag","embeddable":true,"href":"https:\/\/routinesfashione.com\/es\/wp-json\/wp\/v2\/product_tag?post=6753"},{"taxonomy":"product_country","embeddable":true,"href":"https:\/\/routinesfashione.com\/es\/wp-json\/wp\/v2\/product_country?post=6753"}],"curies":[{"name":"wp","href":"https:\/\/api.w.org\/{rel}","templated":true}]}}