{"id":6860,"date":"2025-08-08T22:01:33","date_gmt":"2025-08-08T22:01:33","guid":{"rendered":"https:\/\/lightgray-crow-170497.hostingersite.com\/?post_type=product&#038;p=6860"},"modified":"2025-09-30T21:06:14","modified_gmt":"2025-09-30T21:06:14","slug":"horno-balay-3hb4821g3","status":"publish","type":"product","link":"https:\/\/routinesfashione.com\/es\/produit\/horno-balay-3hb4821g3\/","title":{"rendered":"BALAY 3HB4821G3 HORNO PIROLITICO GRAFITO A+ Air Fry"},"content":{"rendered":"<p>Pensado para los amantes de la cocina a todos los niveles, el\u00a0<strong>Balay 3HB4821G3<\/strong>\u00a0es un horno multifunci\u00f3n pirol\u00edtico de 60 cm, de la clase energ\u00e9tica A+, con un elegante dise\u00f1o en color grafito.<\/p>\n<h3>Ventajas<\/h3>\n<hr \/>\n<ul>\n<li>Con etiqueta de\u00a0<strong>eficiencia energ\u00e9tica A+<\/strong>\u00a0garantiza un consumo el\u00e9ctrico moderado, contribuyendo as\u00ed al cuidado del medio ambiente y a la econom\u00eda de tu hogar.<\/li>\n<li>Este modelo incorpora un\u00a0<strong>sistema de limpieza pirol\u00edtico<\/strong>, el cual descompone la grasa y los residuos de cocci\u00f3n a altas temperaturas, facilitando su limpieza y mantenimiento.<\/li>\n<li>Ofrece\u00a0<strong>m\u00faltiples programas<\/strong>\u00a0predefinidos de cocci\u00f3n, ideal para preparar cualquier tipo de receta sin dificultad. Ya sea asar, hornear, tostar o calentar, este vers\u00e1til horno se ajusta a todas tus necesidades culinarias.<\/li>\n<li>Con un\u00a0<strong>ancho de 60 cm<\/strong>, este potente horno encaja perfectamente en cualquier tipo de cocina. Su\u00a0<strong>est\u00e9tica en color grafito<\/strong>\u00a0le otorga un toque de distinci\u00f3n y modernidad, a la vez que su f\u00e1cil manejo te permite controlar todas sus funciones de forma intuitiva.<br \/>\n<h2 class=\"ecode_product_custom_title\">Caracter\u00edsticas t\u00e9cnicas<\/h2>\n<div class=\"ecode_container_content\">\n<table border=\"1\">\n<tbody>\n<tr>\n<td>Color<\/td>\n<td>Grafito<\/td>\n<\/tr>\n<tr>\n<td>Display<\/td>\n<td>LED Blanco, Control T\u00e1ctil<\/td>\n<\/tr>\n<tr>\n<td>N\u00famero de modos de calentamiento<\/td>\n<td>7<\/td>\n<\/tr>\n<tr>\n<td>M\u00e9todo de cocci\u00f3n<\/td>\n<td>\n<ul>\n<li>Aire Caliente Suave<\/li>\n<li>Grill Total<\/li>\n<li>Aire caliente<\/li>\n<li>Horno de Le\u00f1a<\/li>\n<li>Turbo Grill<\/li>\n<li>Fritura por Aire<\/li>\n<li>Hornear<\/li>\n<\/ul>\n<\/td>\n<\/tr>\n<tr>\n<td>Sistema de limpieza<\/td>\n<td>Pirol\u00edtico + Hidrol\u00edtico<\/td>\n<\/tr>\n<tr>\n<td>Sistema para colocar las bandejas<\/td>\n<td>Ra\u00edles Tel\u00e9scopicos en 1 Altura<\/td>\n<\/tr>\n<tr>\n<td>Apertura de la puerta<\/td>\n<td>Puerta Abatible<\/td>\n<\/tr>\n<tr>\n<td>Volumen \u00fatil<\/td>\n<td>71 Litros<\/td>\n<\/tr>\n<tr>\n<td>Home Connect<\/td>\n<td>NO<\/td>\n<\/tr>\n<tr>\n<td>Clase de eficiencia energ\u00e9tica<\/td>\n<td>Clase A+<\/td>\n<\/tr>\n<tr>\n<td>Dispositivo de seguridad<\/td>\n<td>\n<ul>\n<li>Desconexi\u00f3n Seguridad Horno<\/li>\n<li>Tecla de Inicio<\/li>\n<li>Seguro Para Ni\u00f1os<\/li>\n<li>Cierre de Puerta Electr\u00f3nico<\/li>\n<\/ul>\n<\/td>\n<\/tr>\n<tr>\n<td>Accesorios incluidos<\/td>\n<td>\n<ul>\n<li>1 x Parrilla Profesional<\/li>\n<li>1 x Bandeja Universal<\/li>\n<li>1 x Bandeja de Cocci\u00f3n Air Fry<\/li>\n<\/ul>\n<\/td>\n<\/tr>\n<\/tbody>\n<\/table>\n<\/div>\n<\/li>\n<\/ul>","protected":false},"excerpt":{"rendered":"<p>Pensado para los amantes de la cocina a todos los niveles, el\u00a0Balay 3HB4821G3\u00a0es un horno multifunci\u00f3n pirol\u00edtico de 60 cm,<\/p>","protected":false},"featured_media":18356,"template":"","meta":[],"product_brand":[],"product_cat":[74],"product_tag":[75],"product_country":[1505],"class_list":{"0":"post-6860","1":"product","2":"type-product","3":"status-publish","4":"has-post-thumbnail","6":"product_cat-kitchen-appliances","7":"product_tag-kitchen-appliances","8":"product_country-spain","10":"first","11":"instock","12":"sale","13":"taxable","14":"shipping-taxable","15":"purchasable","16":"product-type-simple"},"_links":{"self":[{"href":"https:\/\/routinesfashione.com\/es\/wp-json\/wp\/v2\/product\/6860","targetHints":{"allow":["GET"]}}],"collection":[{"href":"https:\/\/routinesfashione.com\/es\/wp-json\/wp\/v2\/product"}],"about":[{"href":"https:\/\/routinesfashione.com\/es\/wp-json\/wp\/v2\/types\/product"}],"wp:featuredmedia":[{"embeddable":true,"href":"https:\/\/routinesfashione.com\/es\/wp-json\/wp\/v2\/media\/18356"}],"wp:attachment":[{"href":"https:\/\/routinesfashione.com\/es\/wp-json\/wp\/v2\/media?parent=6860"}],"wp:term":[{"taxonomy":"product_brand","embeddable":true,"href":"https:\/\/routinesfashione.com\/es\/wp-json\/wp\/v2\/product_brand?post=6860"},{"taxonomy":"product_cat","embeddable":true,"href":"https:\/\/routinesfashione.com\/es\/wp-json\/wp\/v2\/product_cat?post=6860"},{"taxonomy":"product_tag","embeddable":true,"href":"https:\/\/routinesfashione.com\/es\/wp-json\/wp\/v2\/product_tag?post=6860"},{"taxonomy":"product_country","embeddable":true,"href":"https:\/\/routinesfashione.com\/es\/wp-json\/wp\/v2\/product_country?post=6860"}],"curies":[{"name":"wp","href":"https:\/\/api.w.org\/{rel}","templated":true}]}}