{"id":7012,"date":"2025-08-08T23:18:35","date_gmt":"2025-08-08T23:18:35","guid":{"rendered":"https:\/\/lightgray-crow-170497.hostingersite.com\/?post_type=product&#038;p=7012"},"modified":"2025-09-30T21:17:10","modified_gmt":"2025-09-30T21:17:10","slug":"horno-samsung-u1","status":"publish","type":"product","link":"https:\/\/routinesfashione.com\/es\/produit\/horno-samsung-u1\/","title":{"rendered":"Horno Samsung U1"},"content":{"rendered":"<h2 class=\"sc-e254ed6f-0 lcisAJ\">Descripci\u00f3n<\/h2>\n<div id=\"description-content\" class=\"sc-70c7237b-6 biLfRQ\">\n<div data-test=\"pdp-description-specials\">\n<section class=\"sc-fd7ea58c-0 kTBIBu\" data-test=\"mms-content-media-text-section\" aria-labelledby=\"\">\n<div class=\"sc-f4faa446-0 dYQRfb\">\n<div class=\"sc-d11e3971-0 lgLZAm\">\n<div class=\"sc-7fcbbc1f-0 ihqGrz\">\n<div class=\"sc-d11e3971-0 lgLZAm sc-c5a51742-0 ucFgy\">\n<article class=\"sc-7fcbbc1f-0 ihqGrz sc-68b91a9c-4 fxYbVy\">\n<div class=\"sc-68b91a9c-0 igWFex\">\n<h3 class=\"sc-e254ed6f-0 ihsWxx sc-68b91a9c-1 ksKXgn\">Dual Cook<\/h3>\n<p class=\"sc-e254ed6f-0 hyNykO\">Las dos cavidades independientes y los dos ventiladores independientes\u00a0<b>permiten cocinar dos platos a la vez con diferentes ajustes y tiempos de cocci\u00f3n<\/b>. Tambi\u00e9n se puede usar la cavidad completa para platos m\u00e1s grandes como aves y asados.\u00a0<b>Ahorra tiempo y energ\u00eda<\/b>. Al utilizar la mitad del horno, se puede reducir el tiempo de preparaci\u00f3n de alimentos en un 22.7% y usar casi un 25.3% menos de energ\u00eda en comparaci\u00f3n con el calentamiento de todo el horno.<\/p>\n<p class=\"sc-e254ed6f-0 hyNykO\">El consumo total de energ\u00eda se reduce en un 25,3% y el tiempo de cocci\u00f3n se reduce en un 22,7%, de acuerdo con los resultados de las pruebas internas basadas en el protocolo de prueba IEC-60350 (5 series NV7B5675LAK, pasteles peque\u00f1os, convecci\u00f3n 155 \u2103, en comparaci\u00f3n con el compartimento completo). Los ahorros reales variar\u00e1n seg\u00fan el producto, el art\u00edculo de cocci\u00f3n, el uso, entre otros factores.<\/p>\n<\/div>\n<\/article>\n<article class=\"sc-7fcbbc1f-0 ihqGrz sc-68b91a9c-4 fxYbVy\">\n<div class=\"sc-68b91a9c-0 igWFex\">\n<h3 class=\"sc-e254ed6f-0 ihsWxx sc-68b91a9c-1 ksKXgn\">Puerta Flex<\/h3>\n<p class=\"sc-e254ed6f-0 hyNykO\"><b>La puerta Flex permite abrir s\u00f3lo el compartimento superior del horno<\/b>, sin tener que abrir toda la puerta e interferir en lo que se est\u00e1 cocinando en el inferior, evitando la p\u00e9rdida de calor.<\/p>\n<p class=\"sc-e254ed6f-0 hyNykO\">La puerta Flex no se puede abrir en proceso de pir\u00f3lisis.<\/p>\n<\/div>\n<\/article>\n<article class=\"sc-7fcbbc1f-0 ihqGrz sc-68b91a9c-4 fxYbVy\">\n<div class=\"sc-68b91a9c-0 igWFex\">\n<h3 class=\"sc-e254ed6f-0 ihsWxx sc-68b91a9c-1 ksKXgn\">Funci\u00f3n WiFi con SmartThings<\/h3>\n<p class=\"sc-e254ed6f-0 hyNykO\">M\u00e1s f\u00e1cil y r\u00e1pido.\u00a0<b>Consulta paso a paso tus recetas, crea men\u00fas semanales<\/b>\u00a0y, si te falta alg\u00fan ingrediente, a\u00f1\u00e1delo a la lista de la compra.\u00a0<b>Todo desde SmartThings<\/b>.<\/p>\n<\/div>\n<\/article>\n<article class=\"sc-7fcbbc1f-0 ihqGrz sc-68b91a9c-4 fxYbVy\">\n<div class=\"sc-68b91a9c-0 igWFex\">\n<h3 class=\"sc-e254ed6f-0 ihsWxx sc-68b91a9c-1 ksKXgn\">Limpieza Pirol\u00edtica<\/h3>\n<p class=\"sc-e254ed6f-0 hyNykO\"><b>Tu horno limpio sin esfuerzo ni productos abrasivos<\/b>. Calienta toda la cavidad a 500\u00baC para descomponer la suciedad y poder limpiar de una pasada.<\/p>\n<\/div>\n<\/article>\n<article class=\"sc-7fcbbc1f-0 ihqGrz sc-68b91a9c-4 fxYbVy\">\n<div class=\"sc-68b91a9c-0 igWFex\">\n<h3 class=\"sc-e254ed6f-0 ihsWxx sc-68b91a9c-1 ksKXgn\">Cocci\u00f3n Sous Vide<\/h3>\n<p class=\"sc-e254ed6f-0 hyNykO\"><b>Evita que tus alimentos se pasen o queden secos con esta t\u00e9cnica de cocci\u00f3n al vac\u00edo<\/b>, ya que los sensores de cada zona mantienen la temperatura constante.<\/p>\n<table class=\"sc-eb5d0dd3-0 brREjs\">\n<thead class=\"sc-4d4fd441-0 fAxnSG\">\n<tr class=\"sc-dfa23c87-0 dkdsfi\">\n<th class=\"sc-fe2e4cbb-0 dOdMfy\" colspan=\"2\">\n<p class=\"sc-e254ed6f-0 eqAoQC\">Caracteristicas t\u00e9cnicas<\/p>\n<\/th>\n<\/tr>\n<\/thead>\n<tbody class=\"sc-b388eff-0 eqyplR\">\n<tr class=\"sc-dfa23c87-0 dkdsfi\">\n<td class=\"sc-fe2e4cbb-0 btUfxD\">\n<p class=\"sc-e254ed6f-0 jUOGRg\">Tipo de dispositivo<\/p>\n<\/td>\n<td class=\"sc-fe2e4cbb-0 fRBvcN sc-87c66558-1 fFFFYO\">\n<p class=\"sc-e254ed6f-0 eRJAKe\">Horno<\/p>\n<\/td>\n<\/tr>\n<tr class=\"sc-dfa23c87-0 dkdsfi\">\n<td class=\"sc-fe2e4cbb-0 btUfxD\">\n<p class=\"sc-e254ed6f-0 jUOGRg\">Tipo de construcci\u00f3n<\/p>\n<\/td>\n<td class=\"sc-fe2e4cbb-0 fRBvcN sc-87c66558-1 fFFFYO\">\n<p class=\"sc-e254ed6f-0 eRJAKe\">Integrable<\/p>\n<\/td>\n<\/tr>\n<\/tbody>\n<\/table>\n<table class=\"sc-eb5d0dd3-0 brREjs\">\n<thead class=\"sc-4d4fd441-0 fAxnSG\">\n<tr class=\"sc-dfa23c87-0 dkdsfi\">\n<th class=\"sc-fe2e4cbb-0 dOdMfy\" colspan=\"2\">\n<p class=\"sc-e254ed6f-0 eqAoQC\">Horno<\/p>\n<\/th>\n<\/tr>\n<\/thead>\n<tbody class=\"sc-b388eff-0 eqyplR\">\n<tr class=\"sc-dfa23c87-0 dkdsfi\">\n<td class=\"sc-fe2e4cbb-0 btUfxD\">\n<p class=\"sc-e254ed6f-0 jUOGRg\">Sistema de limpieza integrado<\/p>\n<\/td>\n<td class=\"sc-fe2e4cbb-0 fRBvcN sc-87c66558-1 fFFFYO\">\n<p class=\"sc-e254ed6f-0 eRJAKe\">Pirol\u00edtico<\/p>\n<\/td>\n<\/tr>\n<tr class=\"sc-dfa23c87-0 dkdsfi\">\n<td class=\"sc-fe2e4cbb-0 btUfxD\">\n<p class=\"sc-e254ed6f-0 jUOGRg\">Volumen utilizable del horno<\/p>\n<\/td>\n<td class=\"sc-fe2e4cbb-0 fRBvcN sc-87c66558-1 fFFFYO\">\n<p class=\"sc-e254ed6f-0 eRJAKe\">76 l<\/p>\n<\/td>\n<\/tr>\n<\/tbody>\n<\/table>\n<table class=\"sc-eb5d0dd3-0 brREjs\">\n<thead class=\"sc-4d4fd441-0 fAxnSG\">\n<tr class=\"sc-dfa23c87-0 dkdsfi\">\n<th class=\"sc-fe2e4cbb-0 dOdMfy\" colspan=\"2\">\n<p class=\"sc-e254ed6f-0 eqAoQC\">Equipo<\/p>\n<\/th>\n<\/tr>\n<\/thead>\n<tbody class=\"sc-b388eff-0 eqyplR\">\n<tr class=\"sc-dfa23c87-0 dkdsfi\">\n<td class=\"sc-fe2e4cbb-0 btUfxD\">\n<p class=\"sc-e254ed6f-0 jUOGRg\">Funci\u00f3n de aire caliente<\/p>\n<\/td>\n<td class=\"sc-fe2e4cbb-0 fRBvcN sc-87c66558-1 fFFFYO\">\n<p class=\"sc-e254ed6f-0 eRJAKe\">No<\/p>\n<\/td>\n<\/tr>\n<tr class=\"sc-dfa23c87-0 dkdsfi\">\n<td class=\"sc-fe2e4cbb-0 btUfxD\">\n<p class=\"sc-e254ed6f-0 jUOGRg\">Mandos ocultables<\/p>\n<\/td>\n<td class=\"sc-fe2e4cbb-0 fRBvcN sc-87c66558-1 fFFFYO\">\n<p class=\"sc-e254ed6f-0 eRJAKe\">No<\/p>\n<\/td>\n<\/tr>\n<tr class=\"sc-dfa23c87-0 dkdsfi\">\n<td class=\"sc-fe2e4cbb-0 btUfxD\">\n<p class=\"sc-e254ed6f-0 jUOGRg\">Modo de funcionamiento<\/p>\n<\/td>\n<td class=\"sc-fe2e4cbb-0 fRBvcN sc-87c66558-1 fFFFYO\">\n<p class=\"sc-e254ed6f-0 eRJAKe\">Multifunci\u00f3n<\/p>\n<\/td>\n<\/tr>\n<\/tbody>\n<\/table>\n<table class=\"sc-eb5d0dd3-0 brREjs\">\n<thead class=\"sc-4d4fd441-0 fAxnSG\">\n<tr class=\"sc-dfa23c87-0 dkdsfi\">\n<th class=\"sc-fe2e4cbb-0 dOdMfy\" colspan=\"2\">\n<p class=\"sc-e254ed6f-0 eqAoQC\">Visualizaci\u00f3n\/Control<\/p>\n<\/th>\n<\/tr>\n<\/thead>\n<tbody class=\"sc-b388eff-0 eqyplR\">\n<tr class=\"sc-dfa23c87-0 dkdsfi\">\n<td class=\"sc-fe2e4cbb-0 btUfxD\">\n<p class=\"sc-e254ed6f-0 jUOGRg\">Controles<\/p>\n<\/td>\n<td class=\"sc-fe2e4cbb-0 fRBvcN sc-87c66558-1 fFFFYO\">\n<p class=\"sc-e254ed6f-0 eRJAKe\">T\u00e1ctil\/Mec\u00e1nico<\/p>\n<\/td>\n<\/tr>\n<tr class=\"sc-dfa23c87-0 dkdsfi\">\n<td class=\"sc-fe2e4cbb-0 btUfxD\">\n<p class=\"sc-e254ed6f-0 jUOGRg\">Temporizador<\/p>\n<\/td>\n<td class=\"sc-fe2e4cbb-0 fRBvcN sc-87c66558-1 fFFFYO\">\n<p class=\"sc-e254ed6f-0 eRJAKe\">S\u00ed<\/p>\n<\/td>\n<\/tr>\n<\/tbody>\n<\/table>\n<table class=\"sc-eb5d0dd3-0 brREjs\">\n<thead class=\"sc-4d4fd441-0 fAxnSG\">\n<tr class=\"sc-dfa23c87-0 dkdsfi\">\n<th class=\"sc-fe2e4cbb-0 dOdMfy\" colspan=\"2\">\n<p class=\"sc-e254ed6f-0 eqAoQC\">Fuente de alimentaci\u00f3n<\/p>\n<\/th>\n<\/tr>\n<\/thead>\n<tbody class=\"sc-b388eff-0 eqyplR\">\n<tr class=\"sc-dfa23c87-0 dkdsfi\">\n<td class=\"sc-fe2e4cbb-0 btUfxD\">\n<p class=\"sc-e254ed6f-0 jUOGRg\">Potencia el\u00e9ctrica<\/p>\n<\/td>\n<td class=\"sc-fe2e4cbb-0 fRBvcN sc-87c66558-1 fFFFYO\">\n<p class=\"sc-e254ed6f-0 eRJAKe\">1100 W<\/p>\n<\/td>\n<\/tr>\n<tr class=\"sc-dfa23c87-0 dkdsfi\">\n<td class=\"sc-fe2e4cbb-0 btUfxD\">\n<p class=\"sc-e254ed6f-0 jUOGRg\">Frecuencia<\/p>\n<\/td>\n<td class=\"sc-fe2e4cbb-0 fRBvcN sc-87c66558-1 fFFFYO\">\n<p class=\"sc-e254ed6f-0 eRJAKe\">230 Hz<\/p>\n<\/td>\n<\/tr>\n<\/tbody>\n<\/table>\n<table class=\"sc-eb5d0dd3-0 brREjs\">\n<thead class=\"sc-4d4fd441-0 fAxnSG\">\n<tr class=\"sc-dfa23c87-0 dkdsfi\">\n<th class=\"sc-fe2e4cbb-0 dOdMfy\" colspan=\"2\">\n<p class=\"sc-e254ed6f-0 eqAoQC\">Caracter\u00edsticas generales<\/p>\n<\/th>\n<\/tr>\n<\/thead>\n<tbody class=\"sc-b388eff-0 eqyplR\">\n<tr class=\"sc-dfa23c87-0 dkdsfi\">\n<td class=\"sc-fe2e4cbb-0 btUfxD\">\n<p class=\"sc-e254ed6f-0 jUOGRg\">Color (por fabricante)<\/p>\n<\/td>\n<td class=\"sc-fe2e4cbb-0 fRBvcN sc-87c66558-1 fFFFYO\">\n<p class=\"sc-e254ed6f-0 eRJAKe\">Inox<\/p>\n<\/td>\n<\/tr>\n<tr class=\"sc-dfa23c87-0 dkdsfi\">\n<td class=\"sc-fe2e4cbb-0 btUfxD\">\n<p class=\"sc-e254ed6f-0 jUOGRg\">Peso<\/p>\n<\/td>\n<td class=\"sc-fe2e4cbb-0 fRBvcN sc-87c66558-1 fFFFYO\">\n<p class=\"sc-e254ed6f-0 eRJAKe\">43.9 kg<\/p>\n<\/td>\n<\/tr>\n<tr class=\"sc-dfa23c87-0 dkdsfi\">\n<td class=\"sc-fe2e4cbb-0 btUfxD\">\n<p class=\"sc-e254ed6f-0 jUOGRg\">Dimensiones hueco<\/p>\n<\/td>\n<td class=\"sc-fe2e4cbb-0 fRBvcN sc-87c66558-1 fFFFYO\">\n<p class=\"sc-e254ed6f-0 eRJAKe\">56 cm \/ 57.9 cm \/ 54.9 cm<\/p>\n<\/td>\n<\/tr>\n<tr class=\"sc-dfa23c87-0 dkdsfi\">\n<td class=\"sc-fe2e4cbb-0 btUfxD\">\n<p class=\"sc-e254ed6f-0 jUOGRg\">Anchura m\u00ednima del hueco<\/p>\n<\/td>\n<td class=\"sc-fe2e4cbb-0 fRBvcN sc-87c66558-1 fFFFYO\">\n<p class=\"sc-e254ed6f-0 eRJAKe\">56 cm<\/p>\n<\/td>\n<\/tr>\n<tr class=\"sc-dfa23c87-0 dkdsfi\">\n<td class=\"sc-fe2e4cbb-0 btUfxD\">\n<p class=\"sc-e254ed6f-0 jUOGRg\">Profundidad m\u00ednima del hueco<\/p>\n<\/td>\n<td class=\"sc-fe2e4cbb-0 fRBvcN sc-87c66558-1 fFFFYO\">\n<p class=\"sc-e254ed6f-0 eRJAKe\">54.9 cm<\/p>\n<\/td>\n<\/tr>\n<tr class=\"sc-dfa23c87-0 dkdsfi\">\n<td class=\"sc-fe2e4cbb-0 btUfxD\">\n<p class=\"sc-e254ed6f-0 jUOGRg\">Altura m\u00ednima del hueco<\/p>\n<\/td>\n<td class=\"sc-fe2e4cbb-0 fRBvcN sc-87c66558-1 fFFFYO\">\n<p class=\"sc-e254ed6f-0 eRJAKe\">57.9 cm<\/p>\n<\/td>\n<\/tr>\n<tr class=\"sc-dfa23c87-0 dkdsfi\">\n<td class=\"sc-fe2e4cbb-0 btUfxD\">\n<p class=\"sc-e254ed6f-0 jUOGRg\">Anchura<\/p>\n<\/td>\n<td class=\"sc-fe2e4cbb-0 fRBvcN sc-87c66558-1 fFFFYO\">\n<p class=\"sc-e254ed6f-0 eRJAKe\">59.5 cm<\/p>\n<\/td>\n<\/tr>\n<tr class=\"sc-dfa23c87-0 dkdsfi\">\n<td class=\"sc-fe2e4cbb-0 btUfxD\">\n<p class=\"sc-e254ed6f-0 jUOGRg\">Altura<\/p>\n<\/td>\n<td class=\"sc-fe2e4cbb-0 fRBvcN sc-87c66558-1 fFFFYO\">\n<p class=\"sc-e254ed6f-0 eRJAKe\">59.6 cm<\/p>\n<\/td>\n<\/tr>\n<tr id=\"pdp-features-last-always-visible\" class=\"sc-dfa23c87-0 dkdsfi\">\n<td class=\"sc-fe2e4cbb-0 btUfxD\">\n<p class=\"sc-e254ed6f-0 jUOGRg\">Profundidad<\/p>\n<\/td>\n<td class=\"sc-fe2e4cbb-0 fRBvcN sc-87c66558-1 fFFFYO\">\n<p class=\"sc-e254ed6f-0 eRJAKe\">57 cm<\/p>\n<\/td>\n<\/tr>\n<tr class=\"sc-dfa23c87-0 dkdsfi\">\n<td class=\"sc-fe2e4cbb-0 btUfxD\">\n<p class=\"sc-e254ed6f-0 jUOGRg\">Contenido<\/p>\n<\/td>\n<td class=\"sc-fe2e4cbb-0 fRBvcN sc-87c66558-1 fFFFYO\">\n<p class=\"sc-e254ed6f-0 eRJAKe\">1 Horno Samsung Dual Cook Flex<\/p>\n<\/td>\n<\/tr>\n<\/tbody>\n<\/table>\n<\/div>\n<\/article>\n<\/div>\n<\/div>\n<\/div>\n<\/div>\n<\/section>\n<\/div>\n<\/div>","protected":false},"excerpt":{"rendered":"<p>Descripci\u00f3n Dual Cook Las dos cavidades independientes y los dos ventiladores independientes\u00a0permiten cocinar dos platos a la vez con diferentes<\/p>","protected":false},"featured_media":18466,"template":"","meta":[],"product_brand":[],"product_cat":[74],"product_tag":[75],"product_country":[1505],"class_list":{"0":"post-7012","1":"product","2":"type-product","3":"status-publish","4":"has-post-thumbnail","6":"product_cat-kitchen-appliances","7":"product_tag-kitchen-appliances","8":"product_country-spain","10":"first","11":"instock","12":"sale","13":"taxable","14":"shipping-taxable","15":"purchasable","16":"product-type-simple"},"_links":{"self":[{"href":"https:\/\/routinesfashione.com\/es\/wp-json\/wp\/v2\/product\/7012","targetHints":{"allow":["GET"]}}],"collection":[{"href":"https:\/\/routinesfashione.com\/es\/wp-json\/wp\/v2\/product"}],"about":[{"href":"https:\/\/routinesfashione.com\/es\/wp-json\/wp\/v2\/types\/product"}],"wp:featuredmedia":[{"embeddable":true,"href":"https:\/\/routinesfashione.com\/es\/wp-json\/wp\/v2\/media\/18466"}],"wp:attachment":[{"href":"https:\/\/routinesfashione.com\/es\/wp-json\/wp\/v2\/media?parent=7012"}],"wp:term":[{"taxonomy":"product_brand","embeddable":true,"href":"https:\/\/routinesfashione.com\/es\/wp-json\/wp\/v2\/product_brand?post=7012"},{"taxonomy":"product_cat","embeddable":true,"href":"https:\/\/routinesfashione.com\/es\/wp-json\/wp\/v2\/product_cat?post=7012"},{"taxonomy":"product_tag","embeddable":true,"href":"https:\/\/routinesfashione.com\/es\/wp-json\/wp\/v2\/product_tag?post=7012"},{"taxonomy":"product_country","embeddable":true,"href":"https:\/\/routinesfashione.com\/es\/wp-json\/wp\/v2\/product_country?post=7012"}],"curies":[{"name":"wp","href":"https:\/\/api.w.org\/{rel}","templated":true}]}}