{"id":7027,"date":"2025-08-08T23:23:21","date_gmt":"2025-08-08T23:23:21","guid":{"rendered":"https:\/\/lightgray-crow-170497.hostingersite.com\/?post_type=product&#038;p=7027"},"modified":"2025-09-30T21:17:11","modified_gmt":"2025-09-30T21:17:11","slug":"horno-balay-3hb2010x0","status":"publish","type":"product","link":"https:\/\/routinesfashione.com\/es\/produit\/horno-balay-3hb2010x0\/","title":{"rendered":"Horno Balay 3HB2010X0"},"content":{"rendered":"<h1 class=\"a-size-base-plus a-text-bold\">Acerca de este producto<\/h1>\n<ul class=\"a-unordered-list a-vertical a-spacing-mini\">\n<li class=\"a-spacing-mini\"><span class=\"a-list-item\">Disfruta cocinando con este horno Balay de eficiencia energ\u00e9tica A, que combina el cl\u00e1sico acero con un toque moderno y din\u00e1mico, a\u00f1adiendo estilo a tu cocina<\/span><\/li>\n<li class=\"a-spacing-mini\"><span class=\"a-list-item\">Con cinco funciones disponibles, este horno multifunci\u00f3n te permite preparar tus platos favoritos siempre con resultados \u00f3ptimos: Ya sea que est\u00e9s horneando, utilizando el grill o el aire caliente 3D Profesional, cada funci\u00f3n te ofrece un flujo de aire caliente independiente, sin mezclar los olores de los distintos alimentos<\/span><\/li>\n<li class=\"a-spacing-mini\"><span class=\"a-list-item\">Gracias al avisador de paro de cocci\u00f3n, el horno Balay te avisa cuando tus platos est\u00e1n listos: Para que puedas dedicar tu tiempo a lo que de verdad importa<\/span><\/li>\n<li class=\"a-spacing-mini\"><span class=\"a-list-item\">El control mec\u00e1nico del horno de 60 cm es pr\u00e1ctico e intuitivo, facilitando tu experiencia de cocci\u00f3n; y el precalentamiento r\u00e1pido te permite tener el horno listo en poco m\u00e1s de 5 minutos, para que puedas empezar a cocinar sin demoras<\/span><\/li>\n<li class=\"a-spacing-mini\"><span class=\"a-list-item\">Las dimensiones del horno multifunci\u00f3n son de 59.5 x 59.4 x 54.8 cent\u00edmetros (alto x ancho x fondo); En cuanto a su cavidad, sus dimensiones son de 32.9 x 47.9 x 42 cent\u00edmetros (alto x ancho x fondo)<\/span><\/li>\n<\/ul>\n<table class=\"a-normal a-spacing-micro\">\n<tbody>\n<tr class=\"a-spacing-small po-size\">\n<td class=\"a-span3\"><span class=\"a-size-base a-text-bold\">Tama\u00f1o<\/span><\/td>\n<td class=\"a-span9\"><span class=\"a-size-base po-break-word\">66 l<\/span><\/td>\n<\/tr>\n<tr class=\"a-spacing-small po-brand\">\n<td class=\"a-span3\"><span class=\"a-size-base a-text-bold\">Marca<\/span><\/td>\n<td class=\"a-span9\"><span class=\"a-size-base po-break-word\">Balay<\/span><\/td>\n<\/tr>\n<tr class=\"a-spacing-small po-color\">\n<td class=\"a-span3\"><span class=\"a-size-base a-text-bold\">Color<\/span><\/td>\n<td class=\"a-span9\"><span class=\"a-size-base po-break-word\">Acero<\/span><\/td>\n<\/tr>\n<tr class=\"a-spacing-small po-heating_method\">\n<td class=\"a-span3\"><span class=\"a-size-base a-text-bold\">M\u00e9todo de calentamiento<\/span><\/td>\n<td class=\"a-span9\"><span class=\"a-size-base po-break-word\">Conducci\u00f3n<\/span><\/td>\n<\/tr>\n<tr class=\"a-spacing-small po-fuel_type\">\n<td class=\"a-span3\"><span class=\"a-size-base a-text-bold\">Tipo de combustible<\/span><\/td>\n<td class=\"a-span9\"><span class=\"a-size-base po-break-word\">El\u00e9ctrico<\/span><\/td>\n<\/tr>\n<tr class=\"a-spacing-small po-wattage\">\n<td class=\"a-span3\"><span class=\"a-size-base a-text-bold\">Vataje<\/span><\/td>\n<td class=\"a-span9\"><span class=\"a-size-base po-break-word\">3300 vatios<\/span><\/td>\n<\/tr>\n<tr class=\"a-spacing-small po-item_depth_width_height\">\n<td class=\"a-span3\"><span class=\"a-size-base a-text-bold\">Dimensiones del producto<\/span><\/td>\n<td class=\"a-span9\"><span class=\"a-size-base po-break-word\">54,8f. x 59,4an. x 59,5al. cent\u00edmetros<\/span><\/td>\n<\/tr>\n<tr class=\"a-spacing-small po-item_weight\">\n<td class=\"a-span3\"><span class=\"a-size-base a-text-bold\">Peso del producto<\/span><\/td>\n<td class=\"a-span9\"><span class=\"a-size-base po-break-word\">30300 Gramos<\/span><\/td>\n<\/tr>\n<tr class=\"a-spacing-small po-special_feature\">\n<td class=\"a-span3\"><span class=\"a-size-base a-text-bold\">Funci\u00f3n especial<\/span><\/td>\n<td class=\"a-span9\"><span class=\"a-size-base po-break-word\">Automatico, Bandejas, Control de temperatura, Luces interiores<\/span><\/td>\n<\/tr>\n<tr class=\"a-spacing-small po-voltage\">\n<td class=\"a-span3\"><span class=\"a-size-base a-text-bold\">Tensi\u00f3n<\/span><\/td>\n<td class=\"a-span9\"><span class=\"a-size-base po-break-word\">220<\/span><\/td>\n<\/tr>\n<\/tbody>\n<\/table>","protected":false},"excerpt":{"rendered":"<p>Acerca de este producto Disfruta cocinando con este horno Balay de eficiencia energ\u00e9tica A, que combina el cl\u00e1sico acero con<\/p>","protected":false},"featured_media":18479,"template":"","meta":[],"product_brand":[],"product_cat":[74],"product_tag":[75],"product_country":[1505],"class_list":{"0":"post-7027","1":"product","2":"type-product","3":"status-publish","4":"has-post-thumbnail","6":"product_cat-kitchen-appliances","7":"product_tag-kitchen-appliances","8":"product_country-spain","10":"first","11":"instock","12":"sale","13":"taxable","14":"shipping-taxable","15":"purchasable","16":"product-type-simple"},"_links":{"self":[{"href":"https:\/\/routinesfashione.com\/es\/wp-json\/wp\/v2\/product\/7027","targetHints":{"allow":["GET"]}}],"collection":[{"href":"https:\/\/routinesfashione.com\/es\/wp-json\/wp\/v2\/product"}],"about":[{"href":"https:\/\/routinesfashione.com\/es\/wp-json\/wp\/v2\/types\/product"}],"wp:featuredmedia":[{"embeddable":true,"href":"https:\/\/routinesfashione.com\/es\/wp-json\/wp\/v2\/media\/18479"}],"wp:attachment":[{"href":"https:\/\/routinesfashione.com\/es\/wp-json\/wp\/v2\/media?parent=7027"}],"wp:term":[{"taxonomy":"product_brand","embeddable":true,"href":"https:\/\/routinesfashione.com\/es\/wp-json\/wp\/v2\/product_brand?post=7027"},{"taxonomy":"product_cat","embeddable":true,"href":"https:\/\/routinesfashione.com\/es\/wp-json\/wp\/v2\/product_cat?post=7027"},{"taxonomy":"product_tag","embeddable":true,"href":"https:\/\/routinesfashione.com\/es\/wp-json\/wp\/v2\/product_tag?post=7027"},{"taxonomy":"product_country","embeddable":true,"href":"https:\/\/routinesfashione.com\/es\/wp-json\/wp\/v2\/product_country?post=7027"}],"curies":[{"name":"wp","href":"https:\/\/api.w.org\/{rel}","templated":true}]}}