{"id":7090,"date":"2025-08-08T23:41:54","date_gmt":"2025-08-08T23:41:54","guid":{"rendered":"https:\/\/lightgray-crow-170497.hostingersite.com\/?post_type=product&#038;p=7090"},"modified":"2025-09-30T21:17:15","modified_gmt":"2025-09-30T21:17:15","slug":"placa-induccion-bosch-pvj631hc1e","status":"publish","type":"product","link":"https:\/\/routinesfashione.com\/es\/produit\/placa-induccion-bosch-pvj631hc1e\/","title":{"rendered":"Placa inducci\u00f3n Bosch PVJ631HC1E"},"content":{"rendered":"<h1 class=\"a-size-base-plus a-text-bold\">Acerca de este producto<\/h1>\n<ul class=\"a-unordered-list a-vertical a-spacing-mini\">\n<li class=\"a-spacing-mini\"><span class=\"a-list-item\">La Placa de Inducci\u00f3n es f\u00e1cil de utilizar. Tiene una zona de 28 cm de di\u00e1metro, y otra de CombiInducci\u00f3n. Esta \u00faltima permite unir ambas zonas rectangulares de 19&#215;21 cm y utilizarlas de forma conjunta, dando la opci\u00f3n de cocinar con recipientes de gran tama\u00f1o.<\/span><\/li>\n<li class=\"a-spacing-mini\"><span class=\"a-list-item\">Si te gusta comer saludable, la Placa de Inducci\u00f3n Bosch es para ti. Su Tecnolog\u00eda PerfectFry Plu smantiene la temperatura del aceite en todo el proceso de cocci\u00f3n y te lo indica en su Display. Evitar\u00e1s que los alimentos se quemen.<\/span><\/li>\n<li class=\"a-spacing-mini\"><span class=\"a-list-item\">Podr\u00e1s controlar la Placa de Inducci\u00f3n desde tu m\u00f3vil gracias a Home Connect, la App que tambi\u00e9n te ofrece control de la placa-campana, diagn\u00f3stico remoto, actualizaci\u00f3n de software y m\u00faltiples funciones adicionales.<\/span><\/li>\n<li class=\"a-spacing-mini\"><span class=\"a-list-item\">Dispone de Limitaci\u00f3n de Potencia M\u00e1xima a 7,4 kW, evitando que salte el diferencial en aquellos hogares con potencia limitada contratada.<\/span><\/li>\n<li class=\"a-spacing-mini\"><span class=\"a-list-item\">La Placa de Inducci\u00f3n Bosch tiene unas dimensiones de 5,1 x 59,2 x 52,2 cent\u00edmetros (alto x ancho x fondo).<\/span><\/li>\n<\/ul>\n<table class=\"a-normal a-spacing-micro\">\n<tbody>\n<tr class=\"a-spacing-small po-brand\">\n<td class=\"a-span3\"><span class=\"a-size-base a-text-bold\">Marca<\/span><\/td>\n<td class=\"a-span9\"><span class=\"a-size-base po-break-word\">Bosch<\/span><\/td>\n<\/tr>\n<tr class=\"a-spacing-small po-number_of_heating_elements\">\n<td class=\"a-span3\"><span class=\"a-size-base a-text-bold\">Resistencias calentadoras<\/span><\/td>\n<td class=\"a-span9\"><span class=\"a-size-base po-break-word\">2<\/span><\/td>\n<\/tr>\n<tr class=\"a-spacing-small po-color\">\n<td class=\"a-span3\"><span class=\"a-size-base a-text-bold\">Color<\/span><\/td>\n<td class=\"a-span9\"><span class=\"a-size-base po-break-word\">Negro<\/span><\/td>\n<\/tr>\n<tr class=\"a-spacing-small po-power_source_type\">\n<td class=\"a-span3\"><span class=\"a-size-base a-text-bold\">Fuente de alimentaci\u00f3n<\/span><\/td>\n<td class=\"a-span9\"><span class=\"a-size-base po-break-word\">Cable el\u00e9ctrico<\/span><\/td>\n<\/tr>\n<tr class=\"a-spacing-small po-fuel_type\">\n<td class=\"a-span3\"><span class=\"a-size-base a-text-bold\">Tipo de combustible<\/span><\/td>\n<td class=\"a-span9\"><span class=\"a-size-base po-break-word\">El\u00e9ctrico<\/span><\/td>\n<\/tr>\n<tr class=\"a-spacing-small po-special_feature\">\n<td class=\"a-span3\"><span class=\"a-size-base a-text-bold\">Funci\u00f3n especial<\/span><\/td>\n<td class=\"a-span9\"><span class=\"a-size-base po-break-word\">Borde biselado, Cierre de seguridad, Programable, Temperatura ajustable<\/span><\/td>\n<\/tr>\n<tr class=\"a-spacing-small po-heater_surface.material\">\n<td class=\"a-span3\"><span class=\"a-size-base a-text-bold\">Material de la superficie del calentador<\/span><\/td>\n<td class=\"a-span9\"><span class=\"a-size-base po-break-word\">Vidrio<\/span><\/td>\n<\/tr>\n<tr class=\"a-spacing-small po-material\">\n<td class=\"a-span3\"><span class=\"a-size-base a-text-bold\">Material<\/span><\/td>\n<td class=\"a-span9\"><span class=\"a-size-base po-break-word\">Vidrio<\/span><\/td>\n<\/tr>\n<tr class=\"a-spacing-small po-item_depth_width_height\">\n<td class=\"a-span3\"><span class=\"a-size-base a-text-bold\">Dimensiones del producto<\/span><\/td>\n<td class=\"a-span9\"><span class=\"a-size-base po-break-word\">52,2f. x 59,2an. x 5,7al. cent\u00edmetros<\/span><\/td>\n<\/tr>\n<tr class=\"a-spacing-small po-heating_element_type\">\n<td class=\"a-span3\"><span class=\"a-size-base a-text-bold\">Tipo de quemador<\/span><\/td>\n<td class=\"a-span9\"><span class=\"a-size-base po-break-word\">Inducci\u00f3n<\/span><\/td>\n<\/tr>\n<\/tbody>\n<\/table>","protected":false},"excerpt":{"rendered":"<p>Acerca de este producto La Placa de Inducci\u00f3n es f\u00e1cil de utilizar. Tiene una zona de 28 cm de di\u00e1metro,<\/p>","protected":false},"featured_media":18521,"template":"","meta":[],"product_brand":[],"product_cat":[74],"product_tag":[75],"product_country":[1505],"class_list":{"0":"post-7090","1":"product","2":"type-product","3":"status-publish","4":"has-post-thumbnail","6":"product_cat-kitchen-appliances","7":"product_tag-kitchen-appliances","8":"product_country-spain","10":"first","11":"instock","12":"sale","13":"taxable","14":"shipping-taxable","15":"purchasable","16":"product-type-simple"},"_links":{"self":[{"href":"https:\/\/routinesfashione.com\/es\/wp-json\/wp\/v2\/product\/7090","targetHints":{"allow":["GET"]}}],"collection":[{"href":"https:\/\/routinesfashione.com\/es\/wp-json\/wp\/v2\/product"}],"about":[{"href":"https:\/\/routinesfashione.com\/es\/wp-json\/wp\/v2\/types\/product"}],"wp:featuredmedia":[{"embeddable":true,"href":"https:\/\/routinesfashione.com\/es\/wp-json\/wp\/v2\/media\/18521"}],"wp:attachment":[{"href":"https:\/\/routinesfashione.com\/es\/wp-json\/wp\/v2\/media?parent=7090"}],"wp:term":[{"taxonomy":"product_brand","embeddable":true,"href":"https:\/\/routinesfashione.com\/es\/wp-json\/wp\/v2\/product_brand?post=7090"},{"taxonomy":"product_cat","embeddable":true,"href":"https:\/\/routinesfashione.com\/es\/wp-json\/wp\/v2\/product_cat?post=7090"},{"taxonomy":"product_tag","embeddable":true,"href":"https:\/\/routinesfashione.com\/es\/wp-json\/wp\/v2\/product_tag?post=7090"},{"taxonomy":"product_country","embeddable":true,"href":"https:\/\/routinesfashione.com\/es\/wp-json\/wp\/v2\/product_country?post=7090"}],"curies":[{"name":"wp","href":"https:\/\/api.w.org\/{rel}","templated":true}]}}