{"id":7101,"date":"2025-08-08T23:46:55","date_gmt":"2025-08-08T23:46:55","guid":{"rendered":"https:\/\/lightgray-crow-170497.hostingersite.com\/?post_type=product&#038;p=7101"},"modified":"2025-09-30T21:17:16","modified_gmt":"2025-09-30T21:17:16","slug":"conjunto-de-horno-y-placa-vitroceramica-beko-bbse12122xd","status":"publish","type":"product","link":"https:\/\/routinesfashione.com\/es\/produit\/conjunto-de-horno-y-placa-vitroceramica-beko-bbse12122xd\/","title":{"rendered":"Conjunto de horno y placa Vitrocer\u00e1mica Beko BBSE12122XD"},"content":{"rendered":"<p>Completo Conjunto Horno y Placa Vitrocer\u00e1mica Beko A 59.4 CM Bbse12122Xd acero inoxidable para completar tu cocina, con eficiencia energ\u00e9tica de tipo A. Esta placa de inducci\u00f3n con tres zonas de cocci\u00f3n, incorpora un temporizador para no pasarte del tiempo de cocci\u00f3n o echar a perder alimentos. El Horno ofrece 6 funciones para escoger la opci\u00f3n que m\u00e1s te convenga, como precalentamiento r\u00e1pido, grill el\u00e9ctrico o cocci\u00f3n asistida con ventilador. Adem\u00e1s, para mantenerlo higi\u00e9nico cuenta con SteamShine y su tecnolog\u00eda Booster permite recalentar el horno dej\u00e1ndolo en la temperatura ideal para cocinar.<\/p>\n<h2>Tecnolog\u00edas del horno<\/h2>\n<ul>\n<li><b>AeroPerfect:<\/b>\u00a0Perfecta distribuci\u00f3n del aire caliente, platos cocinados a la perfecci\u00f3n.<\/li>\n<li><b>SteamShine:<\/b>\u00a0Gracias al poder del vapor consigue una limpieza f\u00e1cil de tu horno sin necesidad de frotar ni usar productos qu\u00edmicos.<\/li>\n<li><b>Booster:<\/b>\u00a0Precalienta r\u00e1pidamente tu horno para obtener los mejores resultados de cocci\u00f3n.<\/li>\n<\/ul>\n<h2>Tecnolog\u00edas de la placa<\/h2>\n<ul>\n<li><b>Temporizador<\/b>: Programa el tiempo de cocci\u00f3n para que no se queme nada.<\/li>\n<\/ul>","protected":false},"excerpt":{"rendered":"<p>Completo Conjunto Horno y Placa Vitrocer\u00e1mica Beko A 59.4 CM Bbse12122Xd acero inoxidable para completar tu cocina, con eficiencia energ\u00e9tica<\/p>","protected":false},"featured_media":18527,"template":"","meta":[],"product_brand":[],"product_cat":[74],"product_tag":[75],"product_country":[1505],"class_list":{"0":"post-7101","1":"product","2":"type-product","3":"status-publish","4":"has-post-thumbnail","6":"product_cat-kitchen-appliances","7":"product_tag-kitchen-appliances","8":"product_country-spain","10":"first","11":"instock","12":"sale","13":"taxable","14":"shipping-taxable","15":"purchasable","16":"product-type-simple"},"_links":{"self":[{"href":"https:\/\/routinesfashione.com\/es\/wp-json\/wp\/v2\/product\/7101","targetHints":{"allow":["GET"]}}],"collection":[{"href":"https:\/\/routinesfashione.com\/es\/wp-json\/wp\/v2\/product"}],"about":[{"href":"https:\/\/routinesfashione.com\/es\/wp-json\/wp\/v2\/types\/product"}],"wp:featuredmedia":[{"embeddable":true,"href":"https:\/\/routinesfashione.com\/es\/wp-json\/wp\/v2\/media\/18527"}],"wp:attachment":[{"href":"https:\/\/routinesfashione.com\/es\/wp-json\/wp\/v2\/media?parent=7101"}],"wp:term":[{"taxonomy":"product_brand","embeddable":true,"href":"https:\/\/routinesfashione.com\/es\/wp-json\/wp\/v2\/product_brand?post=7101"},{"taxonomy":"product_cat","embeddable":true,"href":"https:\/\/routinesfashione.com\/es\/wp-json\/wp\/v2\/product_cat?post=7101"},{"taxonomy":"product_tag","embeddable":true,"href":"https:\/\/routinesfashione.com\/es\/wp-json\/wp\/v2\/product_tag?post=7101"},{"taxonomy":"product_country","embeddable":true,"href":"https:\/\/routinesfashione.com\/es\/wp-json\/wp\/v2\/product_country?post=7101"}],"curies":[{"name":"wp","href":"https:\/\/api.w.org\/{rel}","templated":true}]}}