{"id":7253,"date":"2025-08-09T08:33:32","date_gmt":"2025-08-09T08:33:32","guid":{"rendered":"https:\/\/lightgray-crow-170497.hostingersite.com\/?post_type=product&#038;p=7253"},"modified":"2025-09-30T21:17:26","modified_gmt":"2025-09-30T21:17:26","slug":"moulinex-robot-de-cocina-multifuncional-3l-1550w-plata-hf807e10","status":"publish","type":"product","link":"https:\/\/routinesfashione.com\/es\/produit\/moulinex-robot-de-cocina-multifuncional-3l-1550w-plata-hf807e10\/","title":{"rendered":"Moulinex Robot De Cocina Multifuncional 3l 1550w Plata &#8211; Hf807e10"},"content":{"rendered":"<p><span dir=\"auto\">Procesador de alimentos multifunci\u00f3n Moulinex 3L 1550W plateado: \u00a1Cocina m\u00e1s sin hacer m\u00e1s con Companion XL y su recipiente de acero inoxidable! Olv\u00eddate de pasar horas en la cocina: \u00a1Companion XL se encarga de todo! En tan solo unos clics, el procesador de alimentos multifunci\u00f3n hf807e10 prepara una gran variedad de recetas para deleitar a toda la familia gracias a sus 12 programas y subprogramas autom\u00e1ticos, sus 6 accesorios espec\u00edficos y un recipiente de 3L (capacidad \u00fatil). Corta, prepara, cocina e incluso mantiene la receta caliente hasta la hora de la cena. Con Companion XL y su recipiente de acero inoxidable, disfruta de m\u00e1s sabor sin hacer m\u00e1s. \u00a1M\u00e1s sabor, menos esfuerzo! \u00a1Pasa menos tiempo en la cocina y disfruta de tu tiempo libre! Con Companion XL y su recipiente grande con una capacidad XL de 3L, descubre el robot de cocina multifunci\u00f3n todo en 1 que cocina, cuece a fuego lento, cocina al vapor, dora, sella, dora, mezcla, amasa y bate para toda la familia&#8230; Para hacer de todo, desde entrantes hasta postres \u2022 1 programa de salsa, \u00a1para que tus recetas sean a\u00fan m\u00e1s deliciosas! \u2022 2 programas de sopa para sopas mezcladas o aterciopeladas, \u00a1seg\u00fan tus deseos! \u2022 3 programas de cocci\u00f3n lenta para platos cocinados a la perfecci\u00f3n \u2022 2 programas de vapor para men\u00fas saludables y sabrosos \u2022 3 programas de reposter\u00eda, para hacer todo tipo de masas (pan, pizza, pasteles) \u2022 1 programa de postres para satisfacer a los gourmets m\u00e1s exigentes \u00a1Tambi\u00e9n puedes crear tus propias recetas gracias al modo manual! Cuenco XL: Ideal para tratar a toda la familia, el cuenco con una capacidad \u00fatil de 3 L (capacidad total: 4,5 L) te permite hacer deliciosos platos para hasta 10 personas. Amplia selecci\u00f3n de temperatura: Prepara una amplia variedad de recetas gracias a un aumento de temperatura de 30 \u00b0C para una cocci\u00f3n suave a 150 \u00b0C para sellar perfectamente tus carnes o dorar tus cebollas. Dorado \u00f3ptimo: Gracias al accesorio de fondo plano y a la cocci\u00f3n con la tapa abierta, disfruta de un dorado \u00f3ptimo de tus ingredientes, \u00a1para recetas a\u00fan m\u00e1s sabrosas! Aprovecha toda la superficie del recipiente para cocinar grandes piezas de carne y pescado (escalope de pavo, filete de pollo, filetes de salm\u00f3n, medallones de rape, etc.). 6 accesorios espec\u00edficos para obtener resultados perfectos en todo tipo de preparaciones: Cuchillo picador, Cuchillo amasador\/triturador, Batidor, Mezclador, Cesta vaporera, Accesorio de fondo plano. Descubre tambi\u00e9n la gama de accesorios compatibles opcionales: Accesorio cortador de verduras, Vaporera, Mini bol de cocina y Mini bol para beb\u00e9s. 1 mill\u00f3n de men\u00fas: \u00a1Nunca te quedes sin ideas! El recetario incluido, 1 mill\u00f3n de men\u00fas, te ofrece toda la inspiraci\u00f3n diaria para comidas perfectas. Gracias a sus 300 recetas (100 entrantes, 100 platos principales y 100 postres), \u00a1disfruta de una amplia variedad de men\u00fas para cualquier ocasi\u00f3n! Acabados de calidad: La tapa de cristal y metal.Las asas remachadas y las inserciones de metal en el cuenco le dan a Companion XL un aspecto a\u00fan m\u00e1s robusto.<\/span><br \/>\n<span dir=\"auto\">&#8211; N\u00famero de recetas: 300 (100 entrantes, 100 platos principales y 100 postres)Potencia: 1550 WVelocidad m\u00e1xima de rotaci\u00f3n del motor: 16.000 rpmN\u00famero de velocidades: 12Rango de tiempo: 5 s a 2 hProgramas autom\u00e1ticosN\u00famero de funciones: 6Tipo de funciones: Salsa, sopa, cocci\u00f3n a fuego lento, vapor, reposter\u00eda, postreModo manualPar\u00e1metros ajustables: Temperatura, tiempo, velocidadFunci\u00f3n PulseFunci\u00f3n TurboCapacidad total del recipiente: 4,5 LCapacidad \u00fatil del recipiente: 3 LMaterial del recipiente: Acero inoxidable pulidoAccesorios incluidos:- Accesorio para picar- Cuchilla de acero inoxidable- Accesorio para mezclar- Accesorio para emulsionar- Batidor Accesorio para amasar- Accesorio para amasar: Cuchilla de amasar y triturar de acero inoxidable- Vaporera, cesta interior de vapor de acero inoxidable- Esp\u00e1tulaAlmacenamiento de accesorios: Caja de almacenamientoAlmacenamiento del cableApto para lavavajillas: Recipiente, tapa, tap\u00f3n y accesoriosDimensiones del producto: 37,7 x 32,3 x 33,3 cmPeso del producto solo: 8,68 kgColor: PlataPa\u00eds de<\/span><\/p>\n<h2><strong class=\"idf-collapse__toggler-label\" data-v-0e4bac09=\"\"><span dir=\"auto\">Caracter\u00edsticas<\/span><\/strong><\/h2>\n<div class=\"idf-collapse__content\" data-v-0e4bac09=\"\">\n<div class=\"ds-ens-product-sheet-description-table__item\" data-v-5af040a4=\"\"><span dir=\"auto\"><strong>Marketing de marca\u00a0 \u00a0 \u00a0 \u00a0<\/strong> \u00a0<\/span><span dir=\"auto\">Moulinex<\/span><\/div>\n<div class=\"ds-ens-product-sheet-description-table__item\" data-v-5af040a4=\"\"><span dir=\"auto\"><strong>Peso del producto sin envasar\u00a0 \u00a0 \u00a0 \u00a0<\/strong> \u00a0 <\/span><span dir=\"auto\">11,2 kilogramos<\/span><\/div>\n<div class=\"ds-ens-product-sheet-description-table__item\" data-v-5af040a4=\"\"><span dir=\"auto\"><strong>Garant\u00eda del fabricante\u00a0 \u00a0<\/strong> \u00a0 \u00a0 \u00a0 <\/span><span dir=\"auto\">2 a\u00f1os<\/span><\/div>\n<\/div>","protected":false},"excerpt":{"rendered":"<p>Procesador de alimentos multifunci\u00f3n Moulinex 3L 1550W plateado: \u00a1Cocina m\u00e1s sin hacer m\u00e1s con Companion XL y su recipiente de<\/p>","protected":false},"featured_media":18642,"template":"","meta":[],"product_brand":[],"product_cat":[74],"product_tag":[75],"product_country":[1505],"class_list":{"0":"post-7253","1":"product","2":"type-product","3":"status-publish","4":"has-post-thumbnail","6":"product_cat-kitchen-appliances","7":"product_tag-kitchen-appliances","8":"product_country-spain","10":"first","11":"instock","12":"sale","13":"taxable","14":"shipping-taxable","15":"purchasable","16":"product-type-simple"},"_links":{"self":[{"href":"https:\/\/routinesfashione.com\/es\/wp-json\/wp\/v2\/product\/7253","targetHints":{"allow":["GET"]}}],"collection":[{"href":"https:\/\/routinesfashione.com\/es\/wp-json\/wp\/v2\/product"}],"about":[{"href":"https:\/\/routinesfashione.com\/es\/wp-json\/wp\/v2\/types\/product"}],"wp:featuredmedia":[{"embeddable":true,"href":"https:\/\/routinesfashione.com\/es\/wp-json\/wp\/v2\/media\/18642"}],"wp:attachment":[{"href":"https:\/\/routinesfashione.com\/es\/wp-json\/wp\/v2\/media?parent=7253"}],"wp:term":[{"taxonomy":"product_brand","embeddable":true,"href":"https:\/\/routinesfashione.com\/es\/wp-json\/wp\/v2\/product_brand?post=7253"},{"taxonomy":"product_cat","embeddable":true,"href":"https:\/\/routinesfashione.com\/es\/wp-json\/wp\/v2\/product_cat?post=7253"},{"taxonomy":"product_tag","embeddable":true,"href":"https:\/\/routinesfashione.com\/es\/wp-json\/wp\/v2\/product_tag?post=7253"},{"taxonomy":"product_country","embeddable":true,"href":"https:\/\/routinesfashione.com\/es\/wp-json\/wp\/v2\/product_country?post=7253"}],"curies":[{"name":"wp","href":"https:\/\/api.w.org\/{rel}","templated":true}]}}