{"id":7300,"date":"2025-08-09T10:22:45","date_gmt":"2025-08-09T10:22:45","guid":{"rendered":"https:\/\/lightgray-crow-170497.hostingersite.com\/?post_type=product&#038;p=7300"},"modified":"2025-09-30T21:17:29","modified_gmt":"2025-09-30T21:17:29","slug":"procesador-de-alimentos-magimix-3200xl","status":"publish","type":"product","link":"https:\/\/routinesfashione.com\/es\/produit\/procesador-de-alimentos-magimix-3200xl\/","title":{"rendered":"Procesador de alimentos Magimix 3200XL"},"content":{"rendered":"<p>Este procesador de cocina con la alta calidad de Magimix, pica, corta, ralla, rebana, bate, emulsiona y amasa con un simple bot\u00f3n. 650W. Peso: 9,3 kg. Medidas: 395 x 190 x 225mm.<\/p>\n<p>Capacidad para 3-4 personas<br \/>\nGarant\u00eda del motor: 30 a\u00f1os<br \/>\nGarant\u00eda de las piezas: 3 a\u00f1os<br \/>\nFabricado en Francia<br \/>\nCalidad profesional Magimix<\/p>\n<p>Un ayudante de potente motor y varias piezas<\/p>\n<p>Magimix es la marca francesa que form\u00f3 parte del boom de los peque\u00f1os electrodom\u00e9sticos que revolucionaron la cocina en los a\u00f1os 60. Su robot de cocina fue pionero, y en el siglo XXI, actualizado y perfeccionado, es una de las marcas de m\u00e1s alta calidad y excelentes resultados.<\/p>\n<p>El procesador de cocina 3200XL es tu ayudante en la cocina. Es un potente electrodom\u00e9stico para hacer todo tipo de mezclas, batidos, pur\u00e9s. Para picar, cortar, rallar, rebanar, batir, emulsionar y amasar en menos tiempo y de forma homog\u00e9nea.<\/p>\n<p>Con el Magimix vas a poder picar hierbas y moler especias, conseguir texturas en harina, cremas y pur\u00e9s \u00a1hasta hacer mahonesa! Tambi\u00e9n, picar fruta congelada o hielo y mezclar alimentos. O batir claras a punto de nieve. Rallar y laminar forman parte tambi\u00e9n de sus funciones: util\u00edzalo para cortes en juliana, cubos o bastones. Puedes hacer con \u00e9l pan o queso rallado, harinas, helados a partir de fruta congelada, carpaccios, pastas y humus&#8230; \u00a1Deja que haga todo esto por ti!<\/p>","protected":false},"excerpt":{"rendered":"<p>Este procesador de cocina con la alta calidad de Magimix, pica, corta, ralla, rebana, bate, emulsiona y amasa con un<\/p>","protected":false},"featured_media":27228,"template":"","meta":[],"product_brand":[],"product_cat":[74],"product_tag":[75],"product_country":[1505],"class_list":{"0":"post-7300","1":"product","2":"type-product","3":"status-publish","4":"has-post-thumbnail","6":"product_cat-kitchen-appliances","7":"product_tag-kitchen-appliances","8":"product_country-spain","10":"first","11":"instock","12":"sale","13":"taxable","14":"shipping-taxable","15":"purchasable","16":"product-type-simple"},"_links":{"self":[{"href":"https:\/\/routinesfashione.com\/es\/wp-json\/wp\/v2\/product\/7300","targetHints":{"allow":["GET"]}}],"collection":[{"href":"https:\/\/routinesfashione.com\/es\/wp-json\/wp\/v2\/product"}],"about":[{"href":"https:\/\/routinesfashione.com\/es\/wp-json\/wp\/v2\/types\/product"}],"wp:featuredmedia":[{"embeddable":true,"href":"https:\/\/routinesfashione.com\/es\/wp-json\/wp\/v2\/media\/27228"}],"wp:attachment":[{"href":"https:\/\/routinesfashione.com\/es\/wp-json\/wp\/v2\/media?parent=7300"}],"wp:term":[{"taxonomy":"product_brand","embeddable":true,"href":"https:\/\/routinesfashione.com\/es\/wp-json\/wp\/v2\/product_brand?post=7300"},{"taxonomy":"product_cat","embeddable":true,"href":"https:\/\/routinesfashione.com\/es\/wp-json\/wp\/v2\/product_cat?post=7300"},{"taxonomy":"product_tag","embeddable":true,"href":"https:\/\/routinesfashione.com\/es\/wp-json\/wp\/v2\/product_tag?post=7300"},{"taxonomy":"product_country","embeddable":true,"href":"https:\/\/routinesfashione.com\/es\/wp-json\/wp\/v2\/product_country?post=7300"}],"curies":[{"name":"wp","href":"https:\/\/api.w.org\/{rel}","templated":true}]}}