{"id":7321,"date":"2025-08-09T11:35:37","date_gmt":"2025-08-09T11:35:37","guid":{"rendered":"https:\/\/lightgray-crow-170497.hostingersite.com\/?post_type=product&#038;p=7321"},"modified":"2025-09-30T21:06:23","modified_gmt":"2025-09-30T21:06:23","slug":"horno-balay-3hb4131x3","status":"publish","type":"product","link":"https:\/\/routinesfashione.com\/es\/produit\/horno-balay-3hb4131x3\/","title":{"rendered":"Horno Balay 3HB4131X3"},"content":{"rendered":"<div id=\"featurebullets_feature_div\" class=\"celwidget\" data-feature-name=\"featurebullets\" data-csa-c-type=\"widget\" data-csa-c-content-id=\"featurebullets\" data-csa-c-slot-id=\"featurebullets_feature_div\" data-csa-c-asin=\"B0DK7HL7HQ\" data-csa-c-is-in-initial-active-row=\"false\" data-csa-c-id=\"d4vf0u-gqboze-cgkqrl-qgmly9\" data-cel-widget=\"featurebullets_feature_div\">\n<div id=\"feature-bullets\" class=\"a-section a-spacing-medium a-spacing-top-small\">\n<h1 class=\"a-size-base-plus a-text-bold\">Acerca de este producto<\/h1>\n<ul class=\"a-unordered-list a-vertical a-spacing-mini\">\n<li class=\"a-spacing-mini\"><span class=\"a-list-item\">Cocina f\u00e1cilmente con el horno Balay gracias a su Control Comfort de f\u00e1cil uso y mandos ocultables; cocinar nunca ha sido tan sencillo<\/span><\/li>\n<li class=\"a-spacing-mini\"><span class=\"a-list-item\">Ahorra energ\u00eda y dinero con el horno Balay, que cuenta con una clasificaci\u00f3n de eficiencia energ\u00e9tica A+; disfruta de un rendimiento \u00f3ptimo sin comprometer el consumo de energ\u00eda<\/span><\/li>\n<li class=\"a-spacing-mini\"><span class=\"a-list-item\">El asistente de limpieza Aqualisis y el esmalte antiadherente Titan hacen que la limpieza de este horno sea r\u00e1pida y f\u00e1cil; disfruta de m\u00e1s tiempo para ti y menos tiempo limpiando<\/span><\/li>\n<li class=\"a-spacing-mini\"><span class=\"a-list-item\">Disfruta de la versatilidad de este horno con 7 funciones diferentes, como el aire caliente 3D Profesional, el horno de le\u00f1a y el turbo grill, para que puedas cocinar cualquier receta con facilidad<\/span><\/li>\n<li class=\"a-spacing-mini\"><span class=\"a-list-item\">Con un dise\u00f1o elegante y funcional, se adapta a cualquier cocina; Sus dimensiones de 59,5 x 59,4 x 54,8 cm te permiten aprovechar al m\u00e1ximo el espacio disponible (Encastre: 58.5-59.5 x 56-56.8 x 55 cm); Disfruta de un horno de calidad que se ve tan bien como funciona<\/span><\/li>\n<\/ul>\n<\/div>\n<\/div>\n<div id=\"brandSnapshot_feature_div\" class=\"celwidget\" data-feature-name=\"brandSnapshot_desktop\" data-csa-c-type=\"widget\" data-csa-c-content-id=\"brandSnapshot_desktop\" data-csa-c-slot-id=\"brandSnapshot_feature_div\" data-csa-c-asin=\"B0DK7HL7HQ\" data-csa-c-is-in-initial-active-row=\"false\" data-csa-c-id=\"atpmbr-rhiekw-n12q7j-cr6urf\" data-cel-widget=\"brandSnapshot_feature_div\">\n<div class=\"a-cardui-deck\" data-a-remove-top-gutter=\"\" data-a-remove-bottom-gutter=\"\">\n<div class=\"a-cardui brand-snapshot-card-container\" data-a-card-type=\"basic\">\n<div class=\"a-cardui-body brand-snapshot-card-container brand-snapshot-card-content\">\n<div class=\"a-section a-text-center brand-snapshot-title-container\"><\/div>\n<\/div>\n<\/div>\n<\/div>\n<\/div>","protected":false},"excerpt":{"rendered":"<p>Acerca de este producto Cocina f\u00e1cilmente con el horno Balay gracias a su Control Comfort de f\u00e1cil uso y mandos<\/p>","protected":false},"featured_media":18697,"template":"","meta":[],"product_brand":[],"product_cat":[74],"product_tag":[75],"product_country":[1505],"class_list":{"0":"post-7321","1":"product","2":"type-product","3":"status-publish","4":"has-post-thumbnail","6":"product_cat-kitchen-appliances","7":"product_tag-kitchen-appliances","8":"product_country-spain","10":"first","11":"instock","12":"sale","13":"taxable","14":"shipping-taxable","15":"purchasable","16":"product-type-simple"},"_links":{"self":[{"href":"https:\/\/routinesfashione.com\/es\/wp-json\/wp\/v2\/product\/7321","targetHints":{"allow":["GET"]}}],"collection":[{"href":"https:\/\/routinesfashione.com\/es\/wp-json\/wp\/v2\/product"}],"about":[{"href":"https:\/\/routinesfashione.com\/es\/wp-json\/wp\/v2\/types\/product"}],"wp:featuredmedia":[{"embeddable":true,"href":"https:\/\/routinesfashione.com\/es\/wp-json\/wp\/v2\/media\/18697"}],"wp:attachment":[{"href":"https:\/\/routinesfashione.com\/es\/wp-json\/wp\/v2\/media?parent=7321"}],"wp:term":[{"taxonomy":"product_brand","embeddable":true,"href":"https:\/\/routinesfashione.com\/es\/wp-json\/wp\/v2\/product_brand?post=7321"},{"taxonomy":"product_cat","embeddable":true,"href":"https:\/\/routinesfashione.com\/es\/wp-json\/wp\/v2\/product_cat?post=7321"},{"taxonomy":"product_tag","embeddable":true,"href":"https:\/\/routinesfashione.com\/es\/wp-json\/wp\/v2\/product_tag?post=7321"},{"taxonomy":"product_country","embeddable":true,"href":"https:\/\/routinesfashione.com\/es\/wp-json\/wp\/v2\/product_country?post=7321"}],"curies":[{"name":"wp","href":"https:\/\/api.w.org\/{rel}","templated":true}]}}