{"id":7367,"date":"2025-08-09T15:03:30","date_gmt":"2025-08-09T15:03:30","guid":{"rendered":"https:\/\/lightgray-crow-170497.hostingersite.com\/?post_type=product&#038;p=7367"},"modified":"2025-09-30T21:06:27","modified_gmt":"2025-09-30T21:06:27","slug":"caseta-de-exterior-darwin-6x8-190x244x221-cm-y-45m2-marron","status":"publish","type":"product","link":"https:\/\/routinesfashione.com\/es\/produit\/caseta-de-exterior-darwin-6x8-190x244x221-cm-y-45m2-marron\/","title":{"rendered":"Caseta de exterior Darwin 6&#215;8. 190x244x221 cm y 4,5m2 &#8211; Marr\u00f3n"},"content":{"rendered":"<p>Fabricada con nuestro exclusivo material EvotechTM, la caseta de resina para jard\u00edn Darwin 6&#215;8 tiene un elegante aspecto imitaci\u00f3n a madera. El material es de gran resistencia y durabilidad. Fabricada con paneles de doble pared para mayor resistencia, rejillas de ventilaci\u00f3n para facilitar el flujo de aire en el interior, un tragaluz para la iluminaci\u00f3n interior y puertas dobles para un f\u00e1cil acceso con ventanas para gran entrada de luz natural. Todo en una caseta que mantiene tus herramientas y todo los art\u00edculos de tu jard\u00edn seguros y protegidos. La caseta Darwin 6&#215;8, tiene un elegante aspecto imitaci\u00f3n a madera con todas las ventajas de la resina, sin necesidad de mantenimiento y resistente a cualquier climatolog\u00eda. No se pudre, ni se agrieta ni se desgasta<\/p>\n<ul class=\"a-unordered-list a-vertical a-spacing-mini\">\n<li class=\"a-spacing-mini\"><span class=\"a-list-item\"><span dir=\"auto\">MATERIAL EXCLUSIVO: Fabricado con EvotechTM, un material de resina de alta resistencia que imita la apariencia de la madera y no requiere mantenimiento.<\/span><\/span><\/li>\n<li class=\"a-spacing-mini\"><span class=\"a-list-item\"><span dir=\"auto\">DISE\u00d1O ROBUSTO: Los paneles de doble pared brindan mayor resistencia y durabilidad, ideales para almacenamiento al aire libre.<\/span><\/span><\/li>\n<li class=\"a-spacing-mini\"><span class=\"a-list-item\"><span dir=\"auto\">VENTILACI\u00d3N E ILUMINACI\u00d3N: Incluye respiraderos de flujo de aire, tragaluz superior y ventanas en las puertas para iluminaci\u00f3n natural.<\/span><\/span><\/li>\n<li class=\"a-spacing-mini\"><span class=\"a-list-item\"><span dir=\"auto\">ACCESO PR\u00c1CTICO: Equipado con puertas dobles que facilitan la entrada y salida de objetos de gran tama\u00f1o y herramientas de jard\u00edn.<\/span><\/span><\/li>\n<li class=\"a-spacing-mini\"><span class=\"a-list-item\"><span dir=\"auto\">RESISTENCIA CLIM\u00c1TICA: Material resistente a los rayos UV y a la intemperie, no se pudre, agrieta ni desgasta con el tiempo.<\/span><\/span><\/li>\n<\/ul>\n<table class=\"a-normal a-spacing-micro\" role=\"list\">\n<tbody>\n<tr class=\"a-spacing-small po-brand\" role=\"listitem\">\n<td class=\"a-span3\" role=\"presentation\"><strong><span class=\"a-size-base a-text-bold\"><span dir=\"auto\">Nombre de marca<\/span><\/span><\/strong><\/td>\n<td class=\"a-span9\" role=\"presentation\"><span class=\"a-size-base po-break-word\"><span dir=\"auto\">Keter<\/span><\/span><\/td>\n<\/tr>\n<tr class=\"a-spacing-small po-color\" role=\"listitem\">\n<td class=\"a-span3\" role=\"presentation\"><strong><span class=\"a-size-base a-text-bold\"><span dir=\"auto\">Color<\/span><\/span><\/strong><\/td>\n<td class=\"a-span9\" role=\"presentation\"><span class=\"a-size-base po-break-word\"><span dir=\"auto\">marr\u00f3n<\/span><\/span><\/td>\n<\/tr>\n<tr class=\"a-spacing-small po-material\" role=\"listitem\">\n<td class=\"a-span3\" role=\"presentation\"><strong><span class=\"a-size-base a-text-bold\"><span dir=\"auto\">Material<\/span><\/span><\/strong><\/td>\n<td class=\"a-span9\" role=\"presentation\"><span class=\"a-size-base po-break-word\"><span dir=\"auto\">Resina<\/span><\/span><\/td>\n<\/tr>\n<tr class=\"a-spacing-small po-item_depth_width_height\" role=\"listitem\">\n<td class=\"a-span3\" role=\"presentation\"><strong><span class=\"a-size-base a-text-bold\"><span dir=\"auto\">Dimensiones del art\u00edculo Pr x An x Al<\/span><\/span><\/strong><\/td>\n<td class=\"a-span9\" role=\"presentation\"><span class=\"a-size-base po-break-word\"><span dir=\"auto\">2D x 2W x 2H metros<\/span><\/span><\/td>\n<\/tr>\n<tr class=\"a-spacing-small po-item_weight\" role=\"listitem\">\n<td class=\"a-span3\" role=\"presentation\"><strong><span class=\"a-size-base a-text-bold\"><span dir=\"auto\">Peso del art\u00edculo<\/span><\/span><\/strong><\/td>\n<td class=\"a-span9\" role=\"presentation\"><span class=\"a-size-base po-break-word\"><span dir=\"auto\">94 kilogramos<\/span><\/span><\/td>\n<\/tr>\n<tr class=\"a-spacing-small po-style\" role=\"listitem\">\n<td class=\"a-span3\" role=\"presentation\"><strong><span class=\"a-size-base a-text-bold\"><span dir=\"auto\">Estilo<\/span><\/span><\/strong><\/td>\n<td class=\"a-span9\" role=\"presentation\"><span class=\"a-size-base po-break-word\"><span dir=\"auto\">Cobertizo de jard\u00edn moderno con aspecto de madera<\/span><\/span><\/td>\n<\/tr>\n<tr class=\"a-spacing-small po-base.material\" role=\"listitem\">\n<td class=\"a-span3\" role=\"presentation\"><strong><span class=\"a-size-base a-text-bold\"><span dir=\"auto\">Material base<\/span><\/span><\/strong><\/td>\n<td class=\"a-span9\" role=\"presentation\"><span class=\"a-size-base po-break-word\"><span dir=\"auto\">Resina<\/span><\/span><\/td>\n<\/tr>\n<tr class=\"a-spacing-small po-top.material\" role=\"listitem\">\n<td class=\"a-span3\" role=\"presentation\"><strong><span class=\"a-size-base a-text-bold\"><span dir=\"auto\">Tipo de material superior<\/span><\/span><\/strong><\/td>\n<td class=\"a-span9\" role=\"presentation\"><span class=\"a-size-base po-break-word\"><span dir=\"auto\">Policarbonato<\/span><\/span><\/td>\n<\/tr>\n<tr class=\"a-spacing-small po-water_resistance_level\" role=\"listitem\">\n<td class=\"a-span3\" role=\"presentation\"><strong><span class=\"a-size-base a-text-bold\"><span dir=\"auto\">Nivel de resistencia al agua<\/span><\/span><\/strong><\/td>\n<td class=\"a-span9\" role=\"presentation\"><span class=\"a-size-base po-break-word\"><span dir=\"auto\">Impermeable<\/span><\/span><\/td>\n<\/tr>\n<tr class=\"a-spacing-small po-frame.material\" role=\"listitem\">\n<td class=\"a-span3\" role=\"presentation\"><strong><span class=\"a-size-base a-text-bold\"><span dir=\"auto\">Material del marco<\/span><\/span><\/strong><\/td>\n<td class=\"a-span9\" role=\"presentation\"><span class=\"a-size-base po-break-word\"><span dir=\"auto\">Madera<\/span><\/span><\/td>\n<\/tr>\n<\/tbody>\n<\/table>","protected":false},"excerpt":{"rendered":"<p>Fabricada con nuestro exclusivo material EvotechTM, la caseta de resina para jard\u00edn Darwin 6&#215;8 tiene un elegante aspecto imitaci\u00f3n a<\/p>","protected":false},"featured_media":18730,"template":"","meta":[],"product_brand":[],"product_cat":[76],"product_tag":[77],"product_country":[1505],"class_list":{"0":"post-7367","1":"product","2":"type-product","3":"status-publish","4":"has-post-thumbnail","6":"product_cat-shed","7":"product_tag-shed","8":"product_country-spain","10":"first","11":"instock","12":"sale","13":"taxable","14":"shipping-taxable","15":"purchasable","16":"product-type-simple"},"_links":{"self":[{"href":"https:\/\/routinesfashione.com\/es\/wp-json\/wp\/v2\/product\/7367","targetHints":{"allow":["GET"]}}],"collection":[{"href":"https:\/\/routinesfashione.com\/es\/wp-json\/wp\/v2\/product"}],"about":[{"href":"https:\/\/routinesfashione.com\/es\/wp-json\/wp\/v2\/types\/product"}],"wp:featuredmedia":[{"embeddable":true,"href":"https:\/\/routinesfashione.com\/es\/wp-json\/wp\/v2\/media\/18730"}],"wp:attachment":[{"href":"https:\/\/routinesfashione.com\/es\/wp-json\/wp\/v2\/media?parent=7367"}],"wp:term":[{"taxonomy":"product_brand","embeddable":true,"href":"https:\/\/routinesfashione.com\/es\/wp-json\/wp\/v2\/product_brand?post=7367"},{"taxonomy":"product_cat","embeddable":true,"href":"https:\/\/routinesfashione.com\/es\/wp-json\/wp\/v2\/product_cat?post=7367"},{"taxonomy":"product_tag","embeddable":true,"href":"https:\/\/routinesfashione.com\/es\/wp-json\/wp\/v2\/product_tag?post=7367"},{"taxonomy":"product_country","embeddable":true,"href":"https:\/\/routinesfashione.com\/es\/wp-json\/wp\/v2\/product_country?post=7367"}],"curies":[{"name":"wp","href":"https:\/\/api.w.org\/{rel}","templated":true}]}}