{"id":7469,"date":"2025-09-30T20:11:35","date_gmt":"2025-09-30T20:11:35","guid":{"rendered":"https:\/\/lightgray-crow-170497.hostingersite.com\/?post_type=product&#038;p=7469"},"modified":"2025-09-30T21:06:35","modified_gmt":"2025-09-30T21:06:35","slug":"holzpellets-olimp-480-kgpremium-qualitaet","status":"publish","type":"product","link":"https:\/\/routinesfashione.com\/es\/produit\/holzpellets-olimp-480-kgpremium-qualitaet\/","title":{"rendered":"Holzpellets OLIMP 480 kgPremium-Qualit\u00e4t"},"content":{"rendered":"<div class=\"std\">\n<div class=\"std\">\n<div class=\"std\">\n<div class=\"std\">\n<div class=\"std\">\n<div class=\"std\">\n<div class=\"std\">\n<div class=\"std\">\n<div class=\"std\">\n<div class=\"std\">\n<div class=\"std\">\n<div class=\"tabs-group product-collateral\">\n<div class=\"row\">\n<div class=\"col-lg-12 col-md-9 col-sm-12 col-xs-12\">\n<div id=\"tab-description\" class=\"tab-content box-description\">\n<div class=\"std\">\n<p>Holzpellets OLIMP 480 kg\u00a0Premium-Qualit\u00e4t.<\/p>\n<p>Holzpellets in bester Qualit\u00e4t (EN PLUS A1 Zertifikat), verpackt auf Palette \u00e0 ca. 480 kg.<\/p>\n<p>Die Pellets der Marke OLIMP bieten das beste Preis-Leistungs-Verh\u00e4ltnis auf dem Markt.<\/p>\n<p>Die helle Farbe von Granulat ist das Ergebnis der Verwendung f\u00fcr die Herstellung von Material ausschlie\u00dflich aus den Nadelb\u00e4umen (Kiefer, Fichte).<\/p>\n<p>Keine Zusatzstoffe und Bindemittel, 100% umweltfreundliches Naturprodukt, CO2 neutral.<\/p>\n<p><strong>Rohstoff: Nadelh\u00f6lzer (Kiefer u. Fichte);<\/strong><\/p>\n<p><strong>Brennwert: min. 5,5 kWh\/kg;<\/strong><\/p>\n<p><strong>Aschegehalt: max 0,5%;<\/strong><\/p>\n<p><strong>Restfeuchte: max. 7,5%;<\/strong><\/p>\n<p>Verpackt: 32 Sack a 15 kg = 480 kg;<\/p>\n<p>Bitte beachten Sie unsere\u00a0<a title=\"Lieferbedingungen\" href=\"https:\/\/anreut.de\/lieferbedingungen\/\" target=\"_blank\" rel=\"noopener\">Lieferbedingungen<\/a>.<br \/> Bitte beachten Sie, dass wir gegen eine geringe\u00a0<a title=\"Lieferkosten\" href=\"https:\/\/anreut.de\/lieferunghttps:\/\/anreut.de\/lieferung\" target=\"_blank\" rel=\"noopener\">Pauschale<\/a> liefern k\u00f6nnen.<\/p>\n<\/p>\n<\/div>\n<\/div>\n<\/div>\n<\/div>\n<\/div>\n<\/div>\n<\/div>\n<\/div>\n<\/div>\n<\/div>\n<\/div>\n<\/div>\n<\/div>\n<\/div>\n<\/div>\n<\/div>","protected":false},"excerpt":{"rendered":"<table style=\"height: 148px\" width=\"304\">\n<tbody>\n<tr>\n<td><img loading=\"lazy\" decoding=\"async\" class=\"alignnone wp-image-1203\" src=\"https:\/\/anreut.de\/wp-content\/uploads\/gewicht.svg\" alt=\"\" width=\"20\" height=\"20\" \/><\/td>\n<td>Nettogewicht: 480 kg<\/td>\n<\/tr>\n<tr>\n<td><img loading=\"lazy\" decoding=\"async\" class=\"alignnone wp-image-1359\" src=\"https:\/\/anreut.de\/wp-content\/uploads\/quality.png\" alt=\"\" width=\"20\" height=\"20\" \/><\/td>\n<td>Qualit\u00e4t: EN-PlusA1<\/td>\n<\/tr>\n<tr>\n<td><img loading=\"lazy\" decoding=\"async\" class=\"alignnone wp-image-1202\" src=\"https:\/\/anreut.de\/wp-content\/uploads\/ruler.svg\" alt=\"\" width=\"20\" height=\"20\" \/><\/td>\n<td>Abmessung: 6mm, Sackware je 15kg<\/td>\n<\/tr>\n<tr>\n<td><a href=\"https:\/\/anreut.de\/wp-content\/uploads\/euro.svg\"><img loading=\"lazy\" decoding=\"async\" class=\"alignnone wp-image-1337\" src=\"https:\/\/anreut.de\/wp-content\/uploads\/euro.svg\" alt=\"\" width=\"20\" height=\"20\" \/><\/a><\/td>\n<td>Preis pro kg 0,396\u20ac<\/td>\n<\/tr>\n<\/tbody>\n<\/table>\n<p>\u00a0<\/p>","protected":false},"featured_media":7470,"template":"","meta":[],"product_brand":[],"product_cat":[41],"product_tag":[],"product_country":[1501],"class_list":{"0":"post-7469","1":"product","2":"type-product","3":"status-publish","4":"has-post-thumbnail","6":"product_cat-holzpellets","7":"product_country-germany","9":"first","10":"instock","11":"sale","12":"taxable","13":"shipping-taxable","14":"purchasable","15":"product-type-simple"},"_links":{"self":[{"href":"https:\/\/routinesfashione.com\/es\/wp-json\/wp\/v2\/product\/7469","targetHints":{"allow":["GET"]}}],"collection":[{"href":"https:\/\/routinesfashione.com\/es\/wp-json\/wp\/v2\/product"}],"about":[{"href":"https:\/\/routinesfashione.com\/es\/wp-json\/wp\/v2\/types\/product"}],"wp:featuredmedia":[{"embeddable":true,"href":"https:\/\/routinesfashione.com\/es\/wp-json\/wp\/v2\/media\/7470"}],"wp:attachment":[{"href":"https:\/\/routinesfashione.com\/es\/wp-json\/wp\/v2\/media?parent=7469"}],"wp:term":[{"taxonomy":"product_brand","embeddable":true,"href":"https:\/\/routinesfashione.com\/es\/wp-json\/wp\/v2\/product_brand?post=7469"},{"taxonomy":"product_cat","embeddable":true,"href":"https:\/\/routinesfashione.com\/es\/wp-json\/wp\/v2\/product_cat?post=7469"},{"taxonomy":"product_tag","embeddable":true,"href":"https:\/\/routinesfashione.com\/es\/wp-json\/wp\/v2\/product_tag?post=7469"},{"taxonomy":"product_country","embeddable":true,"href":"https:\/\/routinesfashione.com\/es\/wp-json\/wp\/v2\/product_country?post=7469"}],"curies":[{"name":"wp","href":"https:\/\/api.w.org\/{rel}","templated":true}]}}