{"id":7558,"date":"2025-08-09T17:22:13","date_gmt":"2025-08-09T17:22:13","guid":{"rendered":"https:\/\/lightgray-crow-170497.hostingersite.com\/?post_type=product&#038;p=7558"},"modified":"2025-09-30T21:06:43","modified_gmt":"2025-09-30T21:06:43","slug":"cobertizo-de-jardin-acero-galvanizado-gris-257x990x181-cm-vidaxl","status":"publish","type":"product","link":"https:\/\/routinesfashione.com\/es\/produit\/cobertizo-de-jardin-acero-galvanizado-gris-257x990x181-cm-vidaxl\/","title":{"rendered":"Cobertizo de jard\u00edn acero galvanizado gris 257x990x181 cm Vidaxl"},"content":{"rendered":"<div class=\"description\">\n<div class=\"value content text-base\">\n<p>Este cobertizo de jard\u00edn de acero galvanizado ser\u00e1 perfecto para almacenar una amplia variedad de herramientas, muebles de jard\u00edn y equipos de jardiner\u00eda. La caseta de jard\u00edn no solo ofrece protecci\u00f3n contra la suciedad y el polvo, sino tambi\u00e9n contra el viento y el mal tiempo.<\/p>\n<p>Esta caseta de almacenamiento posee conductos de ventilaci\u00f3n, lo que garantiza una ventilaci\u00f3n excelente. Las puertas correderas dobles de la parte delantera permiten entrar y salir f\u00e1cilmente. Gracias a la construcci\u00f3n de acero galvanizado, el cobertizo para guardar herramientas es duradera y fuerte, y no se corroe o se ve afectado por condiciones meteorol\u00f3gicas adversas.<\/p>\n<\/div>\n<\/div>\n<div class=\"product-specifications details\">\n<h2 class=\"title text-md font-weight-bold\">Especificaciones<\/h2>\n<div class=\"value content text-base\">\n<ul>\n<li>Color: Gris<\/li>\n<li>Material: Acero galvanizado<\/li>\n<li>Dimensiones totales: 257 x 990 x 181 cm (ancho x profundo x alto)<\/li>\n<li>Tama\u00f1o puerta corredera: 80 x 154 cm (ancho x alto)<\/li>\n<li>Superficie del suelo: 245 x 976 cm (ancho x profundo)<\/li>\n<li>Dimensiones ventilaci\u00f3n (cada una): 23 x 10 cm<\/li>\n<li>Con 4 ventilaciones<\/li>\n<li>Requiere montaje: S\u00ed<\/li>\n<li>EAN:8719883756790<\/li>\n<li>SKU:47037<\/li>\n<li>Marca: vidaXL<\/li>\n<\/ul>\n<\/div>\n<\/div>","protected":false},"excerpt":{"rendered":"<p>Este cobertizo de jard\u00edn de acero galvanizado ser\u00e1 perfecto para almacenar una amplia variedad de herramientas, muebles de jard\u00edn y<\/p>","protected":false},"featured_media":18879,"template":"","meta":[],"product_brand":[],"product_cat":[76],"product_tag":[77],"product_country":[1505],"class_list":{"0":"post-7558","1":"product","2":"type-product","3":"status-publish","4":"has-post-thumbnail","6":"product_cat-shed","7":"product_tag-shed","8":"product_country-spain","10":"first","11":"instock","12":"sale","13":"taxable","14":"shipping-taxable","15":"purchasable","16":"product-type-simple"},"_links":{"self":[{"href":"https:\/\/routinesfashione.com\/es\/wp-json\/wp\/v2\/product\/7558","targetHints":{"allow":["GET"]}}],"collection":[{"href":"https:\/\/routinesfashione.com\/es\/wp-json\/wp\/v2\/product"}],"about":[{"href":"https:\/\/routinesfashione.com\/es\/wp-json\/wp\/v2\/types\/product"}],"wp:featuredmedia":[{"embeddable":true,"href":"https:\/\/routinesfashione.com\/es\/wp-json\/wp\/v2\/media\/18879"}],"wp:attachment":[{"href":"https:\/\/routinesfashione.com\/es\/wp-json\/wp\/v2\/media?parent=7558"}],"wp:term":[{"taxonomy":"product_brand","embeddable":true,"href":"https:\/\/routinesfashione.com\/es\/wp-json\/wp\/v2\/product_brand?post=7558"},{"taxonomy":"product_cat","embeddable":true,"href":"https:\/\/routinesfashione.com\/es\/wp-json\/wp\/v2\/product_cat?post=7558"},{"taxonomy":"product_tag","embeddable":true,"href":"https:\/\/routinesfashione.com\/es\/wp-json\/wp\/v2\/product_tag?post=7558"},{"taxonomy":"product_country","embeddable":true,"href":"https:\/\/routinesfashione.com\/es\/wp-json\/wp\/v2\/product_country?post=7558"}],"curies":[{"name":"wp","href":"https:\/\/api.w.org\/{rel}","templated":true}]}}