{"id":7702,"date":"2025-09-30T20:11:34","date_gmt":"2025-09-30T20:11:34","guid":{"rendered":"https:\/\/lightgray-crow-170497.hostingersite.com\/?post_type=product&#038;p=7702"},"modified":"2025-09-30T21:14:05","modified_gmt":"2025-09-30T21:14:05","slug":"husqvarna-epos-plug-in-nera-305e-310e-405xe-410xe-virtuelles-begrenzungskabel","status":"publish","type":"product","link":"https:\/\/routinesfashione.com\/es\/produit\/husqvarna-epos-plug-in-nera-305e-310e-405xe-410xe-virtuelles-begrenzungskabel\/","title":{"rendered":"Husqvarna EPOS Plug-in NERA 305E \/ 310E \/ 405XE \/ 410XE \u2013 Virtuelles Begrenzungskabel"},"content":{"rendered":"<ul class=\"list_list__Wwwc3\">\n<li class=\"list_listItemBullet___5nbU list_listItem__jBNlu\"><strong>Kabellose Begrenzung f\u00fcr Deinen Automower:\u00a0<\/strong>Vergiss aufwendiges Verlegen von Begrenzungskabeln, mit dem EPOS\u00ae Plug-in bestimmst Du M\u00e4hbereiche ganz flexibel. Virtuelle Zonen lassen sich einfach einrichten und jederzeit anpassen.<\/li>\n<li class=\"list_listItemBullet___5nbU list_listItem__jBNlu\"><strong>Pr\u00e4zise Navigation mit EPOS\u00ae Technologie:\u00a0<\/strong>Dank satellitengest\u00fctzter Steuerung arbeitet Dein Automower mit h\u00f6chster Genauigkeit. Virtuelle Begrenzungen sorgen daf\u00fcr, dass er exakt dort m\u00e4ht, wo es n\u00f6tig ist, und gesch\u00fctzte Bereiche ausl\u00e4sst.<\/li>\n<li class=\"list_listItemBullet___5nbU list_listItem__jBNlu\"><strong>Passend f\u00fcr Dein NERA-Modell:\u00a0<\/strong>Das Plug-In ist kompatibel mit den NERA-Modellen 305E, 310E, 405XE und 410XE und erm\u00f6glicht Dir in Kombination mit der EPOS\u00ae Referenzstation den Einstieg in eine kabellose M\u00e4htechnologie. Via Husqvarna Cloud ist die Nutzung ohne zus\u00e4tzliche Referenzstation m\u00f6glich. Voraussetzung daf\u00fcr ist aber, dass Du in Deinem M\u00e4hbereich Wi-Fi-Empfang hast.<\/li>\n<\/ul>","protected":false},"excerpt":{"rendered":"<p>Kabellose Begrenzung f\u00fcr Deinen Automower:\u00a0Vergiss aufwendiges Verlegen von Begrenzungskabeln, mit dem EPOS\u00ae Plug-in bestimmst Du M\u00e4hbereiche ganz flexibel. Virtuelle Zonen<\/p>","protected":false},"featured_media":7703,"template":"","meta":[],"product_brand":[],"product_cat":[32],"product_tag":[],"product_country":[1501],"class_list":{"0":"post-7702","1":"product","2":"type-product","3":"status-publish","4":"has-post-thumbnail","6":"product_cat-electronic","7":"product_country-germany","9":"first","10":"instock","11":"sale","12":"taxable","13":"shipping-taxable","14":"purchasable","15":"product-type-simple"},"_links":{"self":[{"href":"https:\/\/routinesfashione.com\/es\/wp-json\/wp\/v2\/product\/7702","targetHints":{"allow":["GET"]}}],"collection":[{"href":"https:\/\/routinesfashione.com\/es\/wp-json\/wp\/v2\/product"}],"about":[{"href":"https:\/\/routinesfashione.com\/es\/wp-json\/wp\/v2\/types\/product"}],"wp:featuredmedia":[{"embeddable":true,"href":"https:\/\/routinesfashione.com\/es\/wp-json\/wp\/v2\/media\/7703"}],"wp:attachment":[{"href":"https:\/\/routinesfashione.com\/es\/wp-json\/wp\/v2\/media?parent=7702"}],"wp:term":[{"taxonomy":"product_brand","embeddable":true,"href":"https:\/\/routinesfashione.com\/es\/wp-json\/wp\/v2\/product_brand?post=7702"},{"taxonomy":"product_cat","embeddable":true,"href":"https:\/\/routinesfashione.com\/es\/wp-json\/wp\/v2\/product_cat?post=7702"},{"taxonomy":"product_tag","embeddable":true,"href":"https:\/\/routinesfashione.com\/es\/wp-json\/wp\/v2\/product_tag?post=7702"},{"taxonomy":"product_country","embeddable":true,"href":"https:\/\/routinesfashione.com\/es\/wp-json\/wp\/v2\/product_country?post=7702"}],"curies":[{"name":"wp","href":"https:\/\/api.w.org\/{rel}","templated":true}]}}