{"id":7839,"date":"2025-09-30T20:11:33","date_gmt":"2025-09-30T20:11:33","guid":{"rendered":"https:\/\/lightgray-crow-170497.hostingersite.com\/?post_type=product&#038;p=7839"},"modified":"2025-09-30T21:14:14","modified_gmt":"2025-09-30T21:14:14","slug":"worx-landroid-vision-s250-garage","status":"publish","type":"product","link":"https:\/\/routinesfashione.com\/es\/produit\/worx-landroid-vision-s250-garage\/","title":{"rendered":"WORX Landroid Vision S250 + Garage"},"content":{"rendered":"<ul class=\"list_list__Wwwc3\">\n<li class=\"list_listItemBullet___5nbU list_listItem__jBNlu\"><strong>M\u00e4hroboter ohne Begrenzungskabel:\u00a0<\/strong>Der WORX Landroid Vision S250 kommt ganz ohne Begrenzungskabel aus. Dank seiner KI-gest\u00fctzten Full-HD-Kamera erkennt er automatisch die Grenzen Deiner Rasenfl\u00e4che und navigiert pr\u00e4zise um Hindernisse. Das vereinfacht die Installation erheblich und spart Zeit f\u00fcr einen perfekt gepflegten Rasen ohne Aufwand.<\/li>\n<li class=\"list_listItemBullet___5nbU list_listItem__jBNlu\"><strong>Sichere Navigation dank KI-Technologie &#038; Full-HD-Weitwinkelkamera:\u00a0<\/strong>Der WORX Landroid Vision erkennt Hindernisse in Echtzeit mit seiner Full-HD-Weitwinkelkamera mit HDR. Dank trainierter KI-Technologie unterbricht er das M\u00e4hen bei Hindernissen sofort und umf\u00e4hrt Objekte wie Gartenm\u00f6bel, Spielzeug oder Tiere. So m\u00e4ht er sicher, ohne, dass Du eingreifen musst.<\/li>\n<li class=\"list_listItemBullet___5nbU list_listItem__jBNlu\"><strong>Intelligente Anpassung an das Rasenwachstum:\u00a0<\/strong>Der M\u00e4hroboter passt seine M\u00e4hfrequenz automatisch an die Wachstumsrate Deines Rasens an. T\u00e4glich erstellt er einen neuen M\u00e4hplan: W\u00e4chst das Gras schneller, m\u00e4ht er h\u00e4ufiger \u2013 bei langsamem Wachstum reduziert er die Eins\u00e4tze. Dank der pr\u00e4zisen Cut-To-Edge-Funktion schneidet er besonders nah an der Kante und sorgt f\u00fcr ein gleichm\u00e4\u00dfiges Ergebnis, wodurch Dein manueller Schnittaufwand deutlich reduziert wird.<\/li>\n<li class=\"list_listItemBullet___5nbU list_listItem__jBNlu\"><strong>Lange Lebensdauer der Klingen:\u00a0<\/strong>Der WORX Landroid Vision S250 schont seine Klingen durch eine automatische Vorw\u00e4rts- und R\u00fcckw\u00e4rtsrotation. Das bedeutet, dass die Klingen abwechselnd in beide Richtungen drehen. Dadurch nutzen sie sich gleichm\u00e4\u00dfiger ab, bleiben l\u00e4nger scharf und Du musst sie seltener austauschen.<\/li>\n<li class=\"list_listItemBullet___5nbU list_listItem__jBNlu\"><strong>Komfortable Steuerung per App:\u00a0<\/strong>Mit der WORX Landroid App hast Du die volle Kontrolle \u00fcber Deinen Landroid Vision. Erstelle individuelle M\u00e4hpl\u00e4ne, passe Einstellungen an und erhalte Benachrichtigungen direkt auf Deinem Smartphone.<\/li>\n<li class=\"list_listItemBullet___5nbU list_listItem__jBNlu\"><strong>Leistungsstarker PowerShare\u2122 Akku f\u00fcr effizientes M\u00e4hen:\u00a0<\/strong>Der leistungsstarke PowerShare\u2122 Akku des WORX Landroid Vision sorgt f\u00fcr effizientes M\u00e4hen. Bei niedrigem Ladestand kehrt der M\u00e4hroboter automatisch zur Ladestation zur\u00fcck und setzt den M\u00e4hvorgang fort, sobald er aufgeladen ist. Der Akku ist au\u00dferdem mit anderen WORX-Werkzeugen kompatibel und austauschbar, sodass Du noch flexibler bist und Deine WORX-Produkte vielseitig nutzt.<\/li>\n<li class=\"list_listItemBullet___5nbU list_listItem__jBNlu\"><strong>Sch\u00fctze Deinen M\u00e4hroboter vor Regen, Sonne und Schmutz:\u00a0<\/strong>Die WORX Landroid Vision Garage sch\u00fctzt Deinen M\u00e4hroboter oder Ladestation vor Regen, Sonne und Schmutz. Verl\u00e4ngere somit die Lebensdauer Deines Gartenhelfers, sodass er selbst bei wechselnden Wetterbedingungen im einwandfreien Zustand bleibt und jederzeit einsatzbereit ist.<\/li>\n<\/ul>","protected":false},"excerpt":{"rendered":"<p>M\u00e4hroboter ohne Begrenzungskabel:\u00a0Der WORX Landroid Vision S250 kommt ganz ohne Begrenzungskabel aus. Dank seiner KI-gest\u00fctzten Full-HD-Kamera erkennt er automatisch die<\/p>","protected":false},"featured_media":7840,"template":"","meta":[],"product_brand":[],"product_cat":[32],"product_tag":[],"product_country":[1501],"class_list":{"0":"post-7839","1":"product","2":"type-product","3":"status-publish","4":"has-post-thumbnail","6":"product_cat-electronic","7":"product_country-germany","9":"first","10":"instock","11":"sale","12":"taxable","13":"shipping-taxable","14":"purchasable","15":"product-type-simple"},"_links":{"self":[{"href":"https:\/\/routinesfashione.com\/es\/wp-json\/wp\/v2\/product\/7839","targetHints":{"allow":["GET"]}}],"collection":[{"href":"https:\/\/routinesfashione.com\/es\/wp-json\/wp\/v2\/product"}],"about":[{"href":"https:\/\/routinesfashione.com\/es\/wp-json\/wp\/v2\/types\/product"}],"wp:featuredmedia":[{"embeddable":true,"href":"https:\/\/routinesfashione.com\/es\/wp-json\/wp\/v2\/media\/7840"}],"wp:attachment":[{"href":"https:\/\/routinesfashione.com\/es\/wp-json\/wp\/v2\/media?parent=7839"}],"wp:term":[{"taxonomy":"product_brand","embeddable":true,"href":"https:\/\/routinesfashione.com\/es\/wp-json\/wp\/v2\/product_brand?post=7839"},{"taxonomy":"product_cat","embeddable":true,"href":"https:\/\/routinesfashione.com\/es\/wp-json\/wp\/v2\/product_cat?post=7839"},{"taxonomy":"product_tag","embeddable":true,"href":"https:\/\/routinesfashione.com\/es\/wp-json\/wp\/v2\/product_tag?post=7839"},{"taxonomy":"product_country","embeddable":true,"href":"https:\/\/routinesfashione.com\/es\/wp-json\/wp\/v2\/product_country?post=7839"}],"curies":[{"name":"wp","href":"https:\/\/api.w.org\/{rel}","templated":true}]}}