{"id":7883,"date":"2025-09-30T20:11:33","date_gmt":"2025-09-30T20:11:33","guid":{"rendered":"https:\/\/lightgray-crow-170497.hostingersite.com\/?post_type=product&#038;p=7883"},"modified":"2025-09-30T21:14:17","modified_gmt":"2025-09-30T21:14:17","slug":"worx-landroid-vision-m550-maehroboter-wr205e-fuer-gaerten-bis-550m%c2%b2-ai-rasenmaeher-roboter-ohne-begrenzungskabel-wlan-bluetooth-aktive-hindernisvermeidung-mit-ki-technologie-igelschutz","status":"publish","type":"product","link":"https:\/\/routinesfashione.com\/es\/produit\/worx-landroid-vision-m550-maehroboter-wr205e-fuer-gaerten-bis-550m%c2%b2-ai-rasenmaeher-roboter-ohne-begrenzungskabel-wlan-bluetooth-aktive-hindernisvermeidung-mit-ki-technologie-igelschutz\/","title":{"rendered":"WORX Landroid Vision M550 M\u00e4hroboter WR205E f\u00fcr G\u00e4rten bis 550m\u00b2, AI Rasenm\u00e4her Roboter ohne Begrenzungskabel (WLAN &#038; Bluetooth, aktive Hindernisvermeidung mit KI-Technologie, Igelschutz)"},"content":{"rendered":"<table class=\"a-normal a-spacing-micro\">\n<tbody>\n<tr class=\"a-spacing-small po-power_source_type\">\n<td class=\"a-span3\"><span class=\"a-size-base a-text-bold\">Stromquelle<\/span><\/td>\n<td class=\"a-span9\"><span class=\"a-size-base po-break-word\">Batteriebetrieben<\/span><\/td>\n<\/tr>\n<tr class=\"a-spacing-small po-material\">\n<td class=\"a-span3\"><span class=\"a-size-base a-text-bold\">Material<\/span><\/td>\n<td class=\"a-span9\"><span class=\"a-size-base po-break-word\">Kunststoff, Metall<\/span><\/td>\n<\/tr>\n<tr class=\"a-spacing-small po-color\">\n<td class=\"a-span3\"><span class=\"a-size-base a-text-bold\">Farbe<\/span><\/td>\n<td class=\"a-span9\"><span class=\"a-size-base po-break-word\">schwarz\/orange<\/span><\/td>\n<\/tr>\n<tr class=\"a-spacing-small po-style\">\n<td class=\"a-span3\"><span class=\"a-size-base a-text-bold\">Stil<\/span><\/td>\n<td class=\"a-span9\"><span class=\"a-size-base po-break-word\">Landroid Vision<\/span><\/td>\n<\/tr>\n<tr class=\"a-spacing-small po-item_weight\">\n<td class=\"a-span3\"><span class=\"a-size-base a-text-bold\">Artikelgewicht<\/span><\/td>\n<td class=\"a-span9\"><span class=\"a-size-base po-break-word\">13,5 Kilogramm<\/span><\/td>\n<\/tr>\n<tr class=\"a-spacing-small po-number_of_positions\">\n<td class=\"a-span3\"><span class=\"a-size-base a-text-bold\">Anzahl der Positionen<\/span><\/td>\n<td class=\"a-span9\"><span class=\"a-size-base po-break-word\">57<\/span><\/td>\n<\/tr>\n<tr class=\"a-spacing-small po-operation_mode\">\n<td class=\"a-span3\"><span class=\"a-size-base a-text-bold\">Betriebsmodus<\/span><\/td>\n<td class=\"a-span9\"><span class=\"a-size-base po-break-word\">Automatisch<\/span><\/td>\n<\/tr>\n<tr class=\"a-spacing-small po-item_depth_width_height\">\n<td class=\"a-span3\"><span class=\"a-size-base a-text-bold\">Produktabmessungen<\/span><\/td>\n<td class=\"a-span9\"><span class=\"a-size-base po-break-word\">62,6T x 26,5B x 46H cm<\/span><\/td>\n<\/tr>\n<tr class=\"a-spacing-small po-adjustable_cutting_height_maximum\">\n<td class=\"a-span3\"><span class=\"a-size-base a-text-bold\">Maximale einstellbare Schnitth\u00f6he<\/span><\/td>\n<\/tr>\n<\/tbody>\n<\/table>","protected":false},"excerpt":{"rendered":"<p>Stromquelle Batteriebetrieben Material Kunststoff, Metall Farbe schwarz\/orange Stil Landroid Vision Artikelgewicht 13,5 Kilogramm Anzahl der Positionen 57 Betriebsmodus Automatisch Produktabmessungen<\/p>","protected":false},"featured_media":7884,"template":"","meta":[],"product_brand":[],"product_cat":[32],"product_tag":[],"product_country":[1501],"class_list":{"0":"post-7883","1":"product","2":"type-product","3":"status-publish","4":"has-post-thumbnail","6":"product_cat-electronic","7":"product_country-germany","9":"first","10":"instock","11":"sale","12":"taxable","13":"shipping-taxable","14":"purchasable","15":"product-type-simple"},"_links":{"self":[{"href":"https:\/\/routinesfashione.com\/es\/wp-json\/wp\/v2\/product\/7883","targetHints":{"allow":["GET"]}}],"collection":[{"href":"https:\/\/routinesfashione.com\/es\/wp-json\/wp\/v2\/product"}],"about":[{"href":"https:\/\/routinesfashione.com\/es\/wp-json\/wp\/v2\/types\/product"}],"wp:featuredmedia":[{"embeddable":true,"href":"https:\/\/routinesfashione.com\/es\/wp-json\/wp\/v2\/media\/7884"}],"wp:attachment":[{"href":"https:\/\/routinesfashione.com\/es\/wp-json\/wp\/v2\/media?parent=7883"}],"wp:term":[{"taxonomy":"product_brand","embeddable":true,"href":"https:\/\/routinesfashione.com\/es\/wp-json\/wp\/v2\/product_brand?post=7883"},{"taxonomy":"product_cat","embeddable":true,"href":"https:\/\/routinesfashione.com\/es\/wp-json\/wp\/v2\/product_cat?post=7883"},{"taxonomy":"product_tag","embeddable":true,"href":"https:\/\/routinesfashione.com\/es\/wp-json\/wp\/v2\/product_tag?post=7883"},{"taxonomy":"product_country","embeddable":true,"href":"https:\/\/routinesfashione.com\/es\/wp-json\/wp\/v2\/product_country?post=7883"}],"curies":[{"name":"wp","href":"https:\/\/api.w.org\/{rel}","templated":true}]}}