{"id":8052,"date":"2025-08-09T21:17:50","date_gmt":"2025-08-09T21:17:50","guid":{"rendered":"https:\/\/lightgray-crow-170497.hostingersite.com\/?post_type=product&#038;p=8052"},"modified":"2025-09-30T21:14:28","modified_gmt":"2025-09-30T21:14:28","slug":"outsunny-pergola-de-jardin-298x213x221-cm","status":"publish","type":"product","link":"https:\/\/routinesfashione.com\/es\/produit\/outsunny-pergola-de-jardin-298x213x221-cm\/","title":{"rendered":"Outsunny P\u00e9rgola de jard\u00edn 298x213x221 cm"},"content":{"rendered":"<p>\u00bfPensando en el buen tiempo? \u00bfEn las comidas en la terraza? Si buscas una soluci\u00f3n fija para protegerte del sol en verano, o del viento y la lluvia ligera de algunos d\u00edas, est\u00e1s en el sitio adecuado. Esta p\u00e9rgola de Outsunny es perfecta. Gracias a su estructura abierta, se puede utilizar como pabell\u00f3n de jard\u00edn, techo de terraza o marquesina y ofrece una gran protecci\u00f3n. La cubierta tiene un revestimiento repelente al agua y se puede manejar c\u00f3modamente mediante el sistema de rieles.<\/p>\n<p><b>Caracter\u00edsticas:<\/b><\/p>\n<p>&#8211; Estructura de metal macizo con recubrimiento en polvo<\/p>\n<p>&#8211; Techo de poli\u00e9ster impermeable, capaz de filtrar los rayos UV<\/p>\n<p>&#8211; El techo retr\u00e1ctil se puede ajustar f\u00e1cilmente tirando de la banda correspondiente<\/p>\n<p>&#8211; Esta p\u00e9rgola es ideal para espacios abiertos, como jardines, terrazas, etc.<\/p>\n<p>&#8211; La p\u00e9rgola incluye todos los accesorios necesarios para su instalaci\u00f3n<\/p>\n<p>&#8211; Requiere montaje<\/p>\n<p><b>Especificaciones:<\/b><\/p>\n<p>&#8211; Color: gris y negro<\/p>\n<p>&#8211; Material: metal y poli\u00e9ster<\/p>\n<p>&#8211; Medidas totales: 298x213x221 cm (LxANxAL)(externas)<\/p>\n<p>&#8211; Distancia entre postes: 285&#215;200 cm (LxAN)(\u00e1rea transitable)<\/p>\n<p>&#8211; Medidas del toldo: 281&#215;193 cm (LxAN)<\/p>\n<p>&#8211; Referencia: 84C-175<\/p>","protected":false},"excerpt":{"rendered":"<p>\u00bfPensando en el buen tiempo? \u00bfEn las comidas en la terraza? Si buscas una soluci\u00f3n fija para protegerte del sol<\/p>","protected":false},"featured_media":19237,"template":"","meta":[],"product_brand":[],"product_cat":[78],"product_tag":[79],"product_country":[1505],"class_list":{"0":"post-8052","1":"product","2":"type-product","3":"status-publish","4":"has-post-thumbnail","6":"product_cat-gazebos-pergolas","7":"product_tag-gazebos-pergolas","8":"product_country-spain","10":"first","11":"instock","12":"sale","13":"taxable","14":"shipping-taxable","15":"purchasable","16":"product-type-simple"},"_links":{"self":[{"href":"https:\/\/routinesfashione.com\/es\/wp-json\/wp\/v2\/product\/8052","targetHints":{"allow":["GET"]}}],"collection":[{"href":"https:\/\/routinesfashione.com\/es\/wp-json\/wp\/v2\/product"}],"about":[{"href":"https:\/\/routinesfashione.com\/es\/wp-json\/wp\/v2\/types\/product"}],"wp:featuredmedia":[{"embeddable":true,"href":"https:\/\/routinesfashione.com\/es\/wp-json\/wp\/v2\/media\/19237"}],"wp:attachment":[{"href":"https:\/\/routinesfashione.com\/es\/wp-json\/wp\/v2\/media?parent=8052"}],"wp:term":[{"taxonomy":"product_brand","embeddable":true,"href":"https:\/\/routinesfashione.com\/es\/wp-json\/wp\/v2\/product_brand?post=8052"},{"taxonomy":"product_cat","embeddable":true,"href":"https:\/\/routinesfashione.com\/es\/wp-json\/wp\/v2\/product_cat?post=8052"},{"taxonomy":"product_tag","embeddable":true,"href":"https:\/\/routinesfashione.com\/es\/wp-json\/wp\/v2\/product_tag?post=8052"},{"taxonomy":"product_country","embeddable":true,"href":"https:\/\/routinesfashione.com\/es\/wp-json\/wp\/v2\/product_country?post=8052"}],"curies":[{"name":"wp","href":"https:\/\/api.w.org\/{rel}","templated":true}]}}