{"id":8059,"date":"2025-08-09T21:19:56","date_gmt":"2025-08-09T21:19:56","guid":{"rendered":"https:\/\/lightgray-crow-170497.hostingersite.com\/?post_type=product&#038;p=8059"},"modified":"2025-09-30T21:14:29","modified_gmt":"2025-09-30T21:14:29","slug":"cenador-con-techo-de-lamas-3x4-m-tejido-topo-y-aluminio","status":"publish","type":"product","link":"https:\/\/routinesfashione.com\/es\/produit\/cenador-con-techo-de-lamas-3x4-m-tejido-topo-y-aluminio\/","title":{"rendered":"Cenador con techo de lamas 3&#215;4 m Tejido topo y aluminio"},"content":{"rendered":"<div class=\"description\">\n<div class=\"value content text-base\">\n<p>Este cenador moderno y elegante se ve incre\u00edble en tu jard\u00edn, patio, piscina, etc. Puedes disfrutar de cualquier reuni\u00f3n social con este producto.<\/p>\n<p>Este cenador est\u00e1 hecho de tela recubierta de PA, repelente al agua y a la suciedad. La fuerte estructura de aluminio hace que la carpa sea robusta y muy duradera. Este cenador est\u00e1 equipado con un techo de lamas ajustable. Puedes girar y ajustar f\u00e1cilmente las persianas a la posici\u00f3n ideal simplemente agitando el bast\u00f3n de mano. \u00c1brelas cuando quieras disfrutar del sol y ci\u00e9rralos de nuevo para tener sombra o protegerte de un poco de lluvia. Este cenador es una opci\u00f3n perfecta para tus actividades al aire libre.<\/p>\n<p><strong>NOTA:<\/strong>\u00a0Este producto NUNCA deber\u00eda usarse en condiciones meteorol\u00f3gicas adversas, como vientos fuertes, lluvias fuertes, nieve, tormenta, etc.<\/p>\n<\/div>\n<\/div>\n<div class=\"product-specifications details\">\n<h2 class=\"title text-md font-weight-bold\">Especificaciones<\/h2>\n<div class=\"value content text-base\">\n<ul>\n<li>Color: Gris topo<\/li>\n<li>Material: Tela (100% poli\u00e9ster recubierto de PA), aluminio<\/li>\n<li>Dimensiones: 3 x 4 x 2,05\/2,25 m (largo x ancho x alto)<\/li>\n<li>Dimensiones del poste: 80 x 80 mm (largo x ancho)<\/li>\n<li>Grosor del poste: 1 mm<\/li>\n<li>Repele el agua y la suciedad<\/li>\n<li>Cuenta con un techo de lamas ajustable<\/li>\n<li>Requiere montaje: S\u00ed<\/li>\n<li>EAN:8720286153420<\/li>\n<li>SKU:313928<\/li>\n<li>Marca: vidaXL<\/li>\n<\/ul>\n<\/div>\n<\/div>","protected":false},"excerpt":{"rendered":"<p>Este cenador moderno y elegante se ve incre\u00edble en tu jard\u00edn, patio, piscina, etc. Puedes disfrutar de cualquier reuni\u00f3n social<\/p>","protected":false},"featured_media":19242,"template":"","meta":[],"product_brand":[],"product_cat":[78],"product_tag":[79],"product_country":[1505],"class_list":{"0":"post-8059","1":"product","2":"type-product","3":"status-publish","4":"has-post-thumbnail","6":"product_cat-gazebos-pergolas","7":"product_tag-gazebos-pergolas","8":"product_country-spain","10":"first","11":"instock","12":"sale","13":"taxable","14":"shipping-taxable","15":"purchasable","16":"product-type-simple"},"_links":{"self":[{"href":"https:\/\/routinesfashione.com\/es\/wp-json\/wp\/v2\/product\/8059","targetHints":{"allow":["GET"]}}],"collection":[{"href":"https:\/\/routinesfashione.com\/es\/wp-json\/wp\/v2\/product"}],"about":[{"href":"https:\/\/routinesfashione.com\/es\/wp-json\/wp\/v2\/types\/product"}],"wp:featuredmedia":[{"embeddable":true,"href":"https:\/\/routinesfashione.com\/es\/wp-json\/wp\/v2\/media\/19242"}],"wp:attachment":[{"href":"https:\/\/routinesfashione.com\/es\/wp-json\/wp\/v2\/media?parent=8059"}],"wp:term":[{"taxonomy":"product_brand","embeddable":true,"href":"https:\/\/routinesfashione.com\/es\/wp-json\/wp\/v2\/product_brand?post=8059"},{"taxonomy":"product_cat","embeddable":true,"href":"https:\/\/routinesfashione.com\/es\/wp-json\/wp\/v2\/product_cat?post=8059"},{"taxonomy":"product_tag","embeddable":true,"href":"https:\/\/routinesfashione.com\/es\/wp-json\/wp\/v2\/product_tag?post=8059"},{"taxonomy":"product_country","embeddable":true,"href":"https:\/\/routinesfashione.com\/es\/wp-json\/wp\/v2\/product_country?post=8059"}],"curies":[{"name":"wp","href":"https:\/\/api.w.org\/{rel}","templated":true}]}}