{"id":8081,"date":"2025-08-09T21:24:09","date_gmt":"2025-08-09T21:24:09","guid":{"rendered":"https:\/\/lightgray-crow-170497.hostingersite.com\/?post_type=product&#038;p=8081"},"modified":"2025-09-30T21:06:52","modified_gmt":"2025-09-30T21:06:52","slug":"pergola-luxe-con-lamas-orientables-cefalu-3x3-my-4-toldos-gris-antracita","status":"publish","type":"product","link":"https:\/\/routinesfashione.com\/es\/produit\/pergola-luxe-con-lamas-orientables-cefalu-3x3-my-4-toldos-gris-antracita\/","title":{"rendered":"P\u00e9rgola luxe con lamas orientables cefalu 3&#215;3 my 4 toldos gris antracita"},"content":{"rendered":"<h3>Descripci\u00f3n del producto<\/h3>\n<p>\u00bfQu\u00e9 es mejor para protegerse que la p\u00e9rgola hojas orientables LUXE y sus persianas laterales incluidas? Moderno y muy moderno, la p\u00e9rgola gris antracita te protege de los rayos del sol seg\u00fan tus necesidades. El cenador se adapta tanto a tu terraza como a los movimientos del sol y permite una tasa de sombra personalizada. Perfecta alternativa a las terrazas, esta p\u00e9rgola de acero deja circular el aire libremente mientras te protege del sol y del calor fuerte. Elige el \u00e1ngulo de orientaci\u00f3n de las cuchillas de tejido 100% poli\u00e9ster y haz que el techo se adapte a tus necesidades. Para una protecci\u00f3n perfecta, desenrolla las 4 persianas laterales a tu gusto y disfruta de tus exteriores con total tranquilidad. Dise\u00f1o y moderno, la p\u00e9rgola te ofrece hermosas dimensiones con sus 4 m de longitud y 3 m de ancho. Su est\u00e9tica aporta un toque de encanto a tu exterior y combina a la perfecci\u00f3n con tus muebles al aire libre. Las 4 persianas de la p\u00e9rgola LUXE te ofrecen la posibilidad de tamizar los rayos del sol en funci\u00f3n de su evoluci\u00f3n diaria. Con dos persianas de 120 cm de ancho y otras dos de 170 cm puedes cubrir f\u00e1cilmente una de las dos anchuras y una de las dos longitudes de la p\u00e9rgola. Crea un espacio de tranquilidad y descanso en tu terraza. Ajustable a voluntad y seg\u00fan su conveniencia, la p\u00e9rgola con cuchillas orientables se puede cerrar, manteniendo un ligero espacio entre las cuchillas, para ocultar los rayos del sol y as\u00ed ofrecer un ambiente m\u00e1s relajado. Simplemente ajuste las cuchillas de tela gracias a la manivela y ori\u00e9ntelas seg\u00fan sus deseos. Tu p\u00e9rgola tambi\u00e9n te proteger\u00e1 de las finas lluvias de verano. El tejido de las cuchillas de tu p\u00e9rgola se desliza f\u00e1cilmente en su estructura. Cada pieza tiene una cremallera a lo largo de la longitud, apreciar\u00e1 la ergonom\u00eda y el montaje de la tela de poli\u00e9ster en su estructura. Te aconsejamos en caso de clima (lluvia)<\/p>\n<h1 class=\"a-size-base-plus a-text-bold\">Acerca de este producto<\/h1>\n<ul class=\"a-unordered-list a-vertical a-spacing-mini\">\n<li class=\"a-spacing-mini\"><span class=\"a-list-item\">Su espacio sombreado gracias a la p\u00e9rgola LUXE cuchillas orientables 3&#215;4 M y sus 4 persianas<\/span><\/li>\n<li class=\"a-spacing-mini\"><span class=\"a-list-item\">10 hojas orientables a 160\u00b0 para moverse seg\u00fan sus necesidades. Tejido gris antracita 100% poli\u00e9ster<\/span><\/li>\n<li class=\"a-spacing-mini\"><span class=\"a-list-item\">4 persianas laterales para cubrir 2 lados de tu p\u00e9rgola, para desenrollar a tu gusto<\/span><\/li>\n<li class=\"a-spacing-mini\"><span class=\"a-list-item\">Estructura robusta y duradera de acero para estabilidad y durabilidad de la p\u00e9rgola<\/span><\/li>\n<li class=\"a-spacing-mini\"><span class=\"a-list-item\">Dimensiones de la p\u00e9rgola: longitud 400 x anchura 300 x altura 220 cm, 10 hojas &#8211; 4 persianas<\/span><\/li>\n<\/ul>\n<table class=\"a-normal a-spacing-micro\">\n<tbody>\n<tr class=\"a-spacing-small po-brand\">\n<td class=\"a-span3\"><span class=\"a-size-base a-text-bold\">Marca<\/span><\/td>\n<td class=\"a-span9\"><span class=\"a-size-base po-break-word\">IDMarket<\/span><\/td>\n<\/tr>\n<tr class=\"a-spacing-small po-material\">\n<td class=\"a-span3\"><span class=\"a-size-base a-text-bold\">Material<\/span><\/td>\n<td class=\"a-span9\"><span class=\"a-size-base po-break-word\">Acero aleado<\/span><\/td>\n<\/tr>\n<tr class=\"a-spacing-small po-style\">\n<td class=\"a-span3\"><span class=\"a-size-base a-text-bold\">Estilo<\/span><\/td>\n<td class=\"a-span9\"><span class=\"a-size-base po-break-word\">Moderno<\/span><\/td>\n<\/tr>\n<tr class=\"a-spacing-small po-item_weight\">\n<td class=\"a-span3\"><span class=\"a-size-base a-text-bold\">Peso del producto<\/span><\/td>\n<td class=\"a-span9\"><span class=\"a-size-base po-break-word\">67,2 Kilogramos<\/span><\/td>\n<\/tr>\n<tr class=\"a-spacing-small po-frame.material\">\n<td class=\"a-span3\"><span class=\"a-size-base a-text-bold\">Material del marco<\/span><\/td>\n<td class=\"a-span9\"><span class=\"a-size-base po-break-word\">Acero aleado<\/span><\/td>\n<\/tr>\n<tr class=\"a-spacing-small po-water_resistance_level\">\n<td class=\"a-span3\"><span class=\"a-size-base a-text-bold\">Nivel de resistencia al agua<\/span><\/td>\n<td class=\"a-span9\"><span class=\"a-size-base po-break-word\">Resistente al agua<\/span><\/td>\n<\/tr>\n<tr class=\"a-spacing-small po-item_shape\">\n<td class=\"a-span3\"><span class=\"a-size-base a-text-bold\">Forma<\/span><\/td>\n<td class=\"a-span9\"><span class=\"a-size-base po-break-word\">Rectangular<\/span><\/td>\n<\/tr>\n<tr class=\"a-spacing-small po-ultraviolet_light_protection\">\n<td class=\"a-span3\"><span class=\"a-size-base a-text-bold\">Protecci\u00f3n frente a la luz ultravioleta<\/span><\/td>\n<td class=\"a-span9\"><span class=\"a-size-base po-break-word\">S\u00ed<\/span><\/td>\n<\/tr>\n<tr class=\"a-spacing-small po-is_assembly_required\">\n<td class=\"a-span3\"><span class=\"a-size-base a-text-bold\">Requiere montaje<\/span><\/td>\n<td class=\"a-span9\"><span class=\"a-size-base po-break-word\">S\u00ed<\/span><\/td>\n<\/tr>\n<tr class=\"a-spacing-small po-color\">\n<td class=\"a-span3\"><span class=\"a-size-base a-text-bold\">Color<\/span><\/td>\n<td class=\"a-span9\"><span class=\"a-size-base po-break-word\">gris<\/span><\/td>\n<\/tr>\n<\/tbody>\n<\/table>","protected":false},"excerpt":{"rendered":"<p>Descripci\u00f3n del producto \u00bfQu\u00e9 es mejor para protegerse que la p\u00e9rgola hojas orientables LUXE y sus persianas laterales incluidas? Moderno<\/p>","protected":false},"featured_media":19259,"template":"","meta":[],"product_brand":[],"product_cat":[78],"product_tag":[79],"product_country":[1505],"class_list":{"0":"post-8081","1":"product","2":"type-product","3":"status-publish","4":"has-post-thumbnail","6":"product_cat-gazebos-pergolas","7":"product_tag-gazebos-pergolas","8":"product_country-spain","10":"first","11":"instock","12":"sale","13":"taxable","14":"shipping-taxable","15":"purchasable","16":"product-type-simple"},"_links":{"self":[{"href":"https:\/\/routinesfashione.com\/es\/wp-json\/wp\/v2\/product\/8081","targetHints":{"allow":["GET"]}}],"collection":[{"href":"https:\/\/routinesfashione.com\/es\/wp-json\/wp\/v2\/product"}],"about":[{"href":"https:\/\/routinesfashione.com\/es\/wp-json\/wp\/v2\/types\/product"}],"wp:featuredmedia":[{"embeddable":true,"href":"https:\/\/routinesfashione.com\/es\/wp-json\/wp\/v2\/media\/19259"}],"wp:attachment":[{"href":"https:\/\/routinesfashione.com\/es\/wp-json\/wp\/v2\/media?parent=8081"}],"wp:term":[{"taxonomy":"product_brand","embeddable":true,"href":"https:\/\/routinesfashione.com\/es\/wp-json\/wp\/v2\/product_brand?post=8081"},{"taxonomy":"product_cat","embeddable":true,"href":"https:\/\/routinesfashione.com\/es\/wp-json\/wp\/v2\/product_cat?post=8081"},{"taxonomy":"product_tag","embeddable":true,"href":"https:\/\/routinesfashione.com\/es\/wp-json\/wp\/v2\/product_tag?post=8081"},{"taxonomy":"product_country","embeddable":true,"href":"https:\/\/routinesfashione.com\/es\/wp-json\/wp\/v2\/product_country?post=8081"}],"curies":[{"name":"wp","href":"https:\/\/api.w.org\/{rel}","templated":true}]}}