{"id":8084,"date":"2025-08-09T21:40:06","date_gmt":"2025-08-09T21:40:06","guid":{"rendered":"https:\/\/lightgray-crow-170497.hostingersite.com\/?post_type=product&#038;p=8084"},"modified":"2025-09-30T21:06:53","modified_gmt":"2025-09-30T21:06:53","slug":"outsunny-pergola-3x4-m-bioclimatica-cenador-con-lamas-orientables","status":"publish","type":"product","link":"https:\/\/routinesfashione.com\/es\/produit\/outsunny-pergola-3x4-m-bioclimatica-cenador-con-lamas-orientables\/","title":{"rendered":"Outsunny P\u00e9rgola 3&#215;4 m bioclim\u00e1tica cenador con lamas orientables"},"content":{"rendered":"<h1 class=\"a-size-base-plus a-text-bold\">Acerca de este producto<\/h1>\n<ul class=\"a-unordered-list a-vertical a-spacing-mini\">\n<li class=\"a-spacing-mini\"><span class=\"a-list-item\">ESTRUCTURA DE ALUMINIO EFECTO MADERA: Fabricado con tecnolog\u00eda avanzada de transferencia t\u00e9rmica para un acabado de madera realista, esta p\u00e9rgola ofrece el encanto de la madera sin mantenimiento. Resistente al \u00f3xido, a los rayos UV y a la intemperie, no se deformar\u00e1 ni se pudrir\u00e1.<\/span><\/li>\n<li class=\"a-spacing-mini\"><span class=\"a-list-item\">Techo con cuchillas orientables: el toldo se puede abrir y cerrar gracias a los listones orientables por manivela para dejar pasar la luz o protegerse del sol. Ajustando la orientaci\u00f3n de sus cuchillas podr\u00e1s jugar con el sol y modular la temperatura a la piedra arenisca de tus deseos<\/span><\/li>\n<li class=\"a-spacing-mini\"><span class=\"a-list-item\">S\u00f3lido y duradero: p\u00e9rgola dise\u00f1ada a partir de aluminio tratado con epoxi, estable y duradero para uso en exteriores. La p\u00e9rgola de jard\u00edn exterior es impermeable, lo que le da una gran durabilidad para uso en exteriores<\/span><\/li>\n<li class=\"a-spacing-mini\"><span class=\"a-list-item\">ESTABILIDAD \u00d3PTIMA: Se suministra con estacas de tierra y tornillos de expansi\u00f3n, este kit refuerza la glorieta del patio insert\u00e1ndolas en las patas<\/span><\/li>\n<li class=\"a-spacing-mini\"><span class=\"a-list-item\">ESPECIFICACIONES: Dim. Totales: 395 x 300 x 228 cm. Se requiere montaje. Aseg\u00farese de fijar la p\u00e9rgola al suelo para garantizar una buena estabilidad<\/span><\/li>\n<\/ul>","protected":false},"excerpt":{"rendered":"<p>Acerca de este producto ESTRUCTURA DE ALUMINIO EFECTO MADERA: Fabricado con tecnolog\u00eda avanzada de transferencia t\u00e9rmica para un acabado de<\/p>","protected":false},"featured_media":19268,"template":"","meta":[],"product_brand":[],"product_cat":[78],"product_tag":[79],"product_country":[1505],"class_list":{"0":"post-8084","1":"product","2":"type-product","3":"status-publish","4":"has-post-thumbnail","6":"product_cat-gazebos-pergolas","7":"product_tag-gazebos-pergolas","8":"product_country-spain","10":"first","11":"instock","12":"sale","13":"taxable","14":"shipping-taxable","15":"purchasable","16":"product-type-simple"},"_links":{"self":[{"href":"https:\/\/routinesfashione.com\/es\/wp-json\/wp\/v2\/product\/8084","targetHints":{"allow":["GET"]}}],"collection":[{"href":"https:\/\/routinesfashione.com\/es\/wp-json\/wp\/v2\/product"}],"about":[{"href":"https:\/\/routinesfashione.com\/es\/wp-json\/wp\/v2\/types\/product"}],"wp:featuredmedia":[{"embeddable":true,"href":"https:\/\/routinesfashione.com\/es\/wp-json\/wp\/v2\/media\/19268"}],"wp:attachment":[{"href":"https:\/\/routinesfashione.com\/es\/wp-json\/wp\/v2\/media?parent=8084"}],"wp:term":[{"taxonomy":"product_brand","embeddable":true,"href":"https:\/\/routinesfashione.com\/es\/wp-json\/wp\/v2\/product_brand?post=8084"},{"taxonomy":"product_cat","embeddable":true,"href":"https:\/\/routinesfashione.com\/es\/wp-json\/wp\/v2\/product_cat?post=8084"},{"taxonomy":"product_tag","embeddable":true,"href":"https:\/\/routinesfashione.com\/es\/wp-json\/wp\/v2\/product_tag?post=8084"},{"taxonomy":"product_country","embeddable":true,"href":"https:\/\/routinesfashione.com\/es\/wp-json\/wp\/v2\/product_country?post=8084"}],"curies":[{"name":"wp","href":"https:\/\/api.w.org\/{rel}","templated":true}]}}