{"id":814,"date":"2025-09-30T20:53:41","date_gmt":"2025-09-30T20:53:41","guid":{"rendered":"https:\/\/lightgray-crow-170497.hostingersite.com\/?post_type=product&#038;p=814"},"modified":"2025-09-30T20:53:41","modified_gmt":"2025-09-30T20:53:41","slug":"tondeuse-thermique-sterwins-149-cm%c2%b3","status":"publish","type":"product","link":"https:\/\/routinesfashione.com\/es\/produit\/tondeuse-thermique-sterwins-149-cm%c2%b3\/","title":{"rendered":"Tondeuse thermique STERWINS 149 cm\u00b3"},"content":{"rendered":"<div class=\"o-product-detail-informations__description\">\n<ul class=\"w-main-characteristics__ul\">\n<li class=\"w-main-characteristics__li\"><span class=\"w-main-characteristics__text\">Largeur de coupe (en cm) : 46<\/span><\/li>\n<li class=\"w-main-characteristics__li\"><span class=\"w-main-characteristics__text\">Fonction mulching : Non<\/span><\/li>\n<li class=\"w-main-characteristics__li\"><span class=\"w-main-characteristics__text\">Surface conseill\u00e9e (en m\u00b2) : 800<\/span><\/li>\n<\/ul>\n<p>La tondeuse thermique 46 cm STERWINS est id\u00e9ale pour l&#8217;entretien des jardins allant jusqu&#8217;\u00e0 1000 m\u00b2. Sa largeur de coupe de 46 cm et l&#8217;ajustement centralis\u00e9 de la hauteur de coupe en 7 positions (de 2.5 cm \u00e0 7.5 cm) vous permettent une tonte performante qui s&#8217;adapte \u00e0 tous les gazons. La tondeuse est \u00e9quip\u00e9e de la fonction traction pour vous assurer un travail sans effort m\u00eame dans les pentes. Grand \u200bconfort de prise en main avec le guidon ergonomique, ajustable en hauteur et recouvert d&#8217;une mousse protectrice. Tr\u00e8s grande contenance du bac de ramassage (60 L). Elle se range facilement et est peu encombrante, gr\u00e2ce \u00e0 son guidon repliable et son bac semi-rigide. Sterwins des produits de qualit\u00e9 : Garantie 5 ans, dur\u00e9e de vie test\u00e9e et de nombreuses pi\u00e8ces d\u00e9tach\u00e9es disponibles.<\/p>\n<\/div>","protected":false},"excerpt":{"rendered":"<p>Largeur de coupe (en cm) : 46 Fonction mulching : Non Surface conseill\u00e9e (en m\u00b2) : 800 La tondeuse thermique<\/p>","protected":false},"featured_media":13387,"template":"","meta":[],"product_brand":[],"product_cat":[61],"product_tag":[],"product_country":[1503],"class_list":{"0":"post-814","1":"product","2":"type-product","3":"status-publish","4":"has-post-thumbnail","6":"product_cat-sale-france","7":"product_country-france","9":"first","10":"instock","11":"sale","12":"taxable","13":"shipping-taxable","14":"purchasable","15":"product-type-simple"},"_links":{"self":[{"href":"https:\/\/routinesfashione.com\/es\/wp-json\/wp\/v2\/product\/814","targetHints":{"allow":["GET"]}}],"collection":[{"href":"https:\/\/routinesfashione.com\/es\/wp-json\/wp\/v2\/product"}],"about":[{"href":"https:\/\/routinesfashione.com\/es\/wp-json\/wp\/v2\/types\/product"}],"wp:featuredmedia":[{"embeddable":true,"href":"https:\/\/routinesfashione.com\/es\/wp-json\/wp\/v2\/media\/13387"}],"wp:attachment":[{"href":"https:\/\/routinesfashione.com\/es\/wp-json\/wp\/v2\/media?parent=814"}],"wp:term":[{"taxonomy":"product_brand","embeddable":true,"href":"https:\/\/routinesfashione.com\/es\/wp-json\/wp\/v2\/product_brand?post=814"},{"taxonomy":"product_cat","embeddable":true,"href":"https:\/\/routinesfashione.com\/es\/wp-json\/wp\/v2\/product_cat?post=814"},{"taxonomy":"product_tag","embeddable":true,"href":"https:\/\/routinesfashione.com\/es\/wp-json\/wp\/v2\/product_tag?post=814"},{"taxonomy":"product_country","embeddable":true,"href":"https:\/\/routinesfashione.com\/es\/wp-json\/wp\/v2\/product_country?post=814"}],"curies":[{"name":"wp","href":"https:\/\/api.w.org\/{rel}","templated":true}]}}