{"id":8174,"date":"2025-08-09T21:49:56","date_gmt":"2025-08-09T21:49:56","guid":{"rendered":"https:\/\/lightgray-crow-170497.hostingersite.com\/?post_type=product&#038;p=8174"},"modified":"2025-09-30T21:06:58","modified_gmt":"2025-09-30T21:06:58","slug":"outsunny-cenador-de-jardin-techo","status":"publish","type":"product","link":"https:\/\/routinesfashione.com\/es\/produit\/outsunny-cenador-de-jardin-techo\/","title":{"rendered":"Outsunny Cenador de Jard\u00edn Techo"},"content":{"rendered":"<ul class=\"a-unordered-list a-vertical a-spacing-mini\">\n<li class=\"a-spacing-mini\"><span class=\"a-list-item\">Gazebo de metal para patio: manteni\u00e9ndote fresco, seco y fuera de los rayos UV, nuestro cenador de metal con tapa dura ofrece una estructura para que tu familia se re\u00fana por varias razones y estaciones. Cuenta con un techo r\u00edgido de acero galvanizado y un marco de aluminio recubierto de polvo hecho para soportar el viento, la lluvia y (algo) nieve; m\u00e1s all\u00e1 de la resistencia en comparaci\u00f3n con un toldo de tela.<\/span><\/li>\n<li class=\"a-spacing-mini\"><span class=\"a-list-item\">Salidas al aire libre que no muerdan: use las paredes laterales de malla de nuestro patio para disfrutar de la brisa sin intrusos alados. \u00bfEl resplandor es demasiado para soportar o el viento demasiado duro? Utiliza las cortinas de privacidad de poli\u00e9ster para aliviar tus ojos y mantenerte c\u00f3modo.<\/span><\/li>\n<li class=\"a-spacing-mini\"><span class=\"a-list-item\">Materiales que est\u00e1n construidos para durar: el marco de aluminio con recubrimiento en polvo es seguro para el agua y f\u00e1cil de llevar. El techo de acero resiste la exposici\u00f3n repetida al clima. Esta es una glorieta con dosel para exteriores en la que puedes confiar.<\/span><\/li>\n<li class=\"a-spacing-mini\"><span class=\"a-list-item\">Cenador vers\u00e1til: prep\u00e1rate para fiestas junto a la piscina y picnics en el patio, sirve cenas y bebidas; nuestro cenador de metal duro se adapta a una multitud sin hacerlos sentir abarrotados. Con estacas y tornillos de expansi\u00f3n, puedes montarlo en cualquier superficie exterior, suave o dura.<\/span><\/li>\n<li class=\"a-spacing-mini\"><span class=\"a-list-item\">Informaci\u00f3n de la glorieta del toldo del patio al aire libre: Dimensiones totales: 12&#8242; L x 9.8&#8242; W.<\/span><br \/>\n<table class=\"a-normal a-spacing-micro\">\n<tbody>\n<tr class=\"a-spacing-small po-brand\">\n<td class=\"a-span3\"><span class=\"a-size-base a-text-bold\">Marca<\/span><\/td>\n<td class=\"a-span9\"><span class=\"a-size-base po-break-word\">Outsunny<\/span><\/td>\n<\/tr>\n<tr class=\"a-spacing-small po-material\">\n<td class=\"a-span3\"><span class=\"a-size-base a-text-bold\">Material<\/span><\/td>\n<td class=\"a-span9\"><span class=\"a-size-base po-break-word\">Aluminio Acero de aleaci\u00f3n<\/span><\/td>\n<\/tr>\n<tr class=\"a-spacing-small po-style\">\n<td class=\"a-span3\"><span class=\"a-size-base a-text-bold\">Estilo<\/span><\/td>\n<td class=\"a-span9\"><span class=\"a-size-base po-break-word\">Moderno<\/span><\/td>\n<\/tr>\n<tr class=\"a-spacing-small po-item_length_width_height\">\n<td class=\"a-span3\"><span class=\"a-size-base a-text-bold\">Dimensiones del producto<\/span><\/td>\n<td class=\"a-span9\"><span class=\"a-size-base po-break-word\">143,7&#8243;l. x 118,1&#8243;an. x 106,3&#8243;al. pulgadas<\/span><\/td>\n<\/tr>\n<tr class=\"a-spacing-small po-item_weight\">\n<td class=\"a-span3\"><span class=\"a-size-base a-text-bold\">Peso del art\u00edculo<\/span><\/td>\n<td class=\"a-span9\"><span class=\"a-size-base po-break-word\">240,3 libras<\/span><\/td>\n<\/tr>\n<tr class=\"a-spacing-small po-frame.material\">\n<td class=\"a-span3\"><span class=\"a-size-base a-text-bold\">Material del armaz\u00f3n<\/span><\/td>\n<td class=\"a-span9\"><span class=\"a-size-base po-break-word\">Aluminio<\/span><\/td>\n<\/tr>\n<tr class=\"a-spacing-small po-water_resistance_level\">\n<td class=\"a-span3\"><span class=\"a-size-base a-text-bold\">Nivel de resistencia al agua<\/span><\/td>\n<td class=\"a-span9\"><span class=\"a-size-base po-break-word\">Resistente al agua<\/span><\/td>\n<\/tr>\n<tr class=\"a-spacing-small po-item_shape\">\n<td class=\"a-span3\"><span class=\"a-size-base a-text-bold\">Forma<\/span><\/td>\n<td class=\"a-span9\"><span class=\"a-size-base po-break-word\">Rectangular<\/span><\/td>\n<\/tr>\n<tr class=\"a-spacing-small po-ultraviolet_light_protection\">\n<td class=\"a-span3\"><span class=\"a-size-base a-text-bold\">Protecci\u00f3n de la luz ultravioleta<\/span><\/td>\n<td class=\"a-span9\"><span class=\"a-size-base po-break-word\">S\u00ed<\/span><\/td>\n<\/tr>\n<tr class=\"a-spacing-small po-is_assembly_required\">\n<td class=\"a-span3\"><span class=\"a-size-base a-text-bold\">Se requiere ensamblado<\/span><\/td>\n<td class=\"a-span9\"><span class=\"a-size-base po-break-word\">S\u00ed<\/span><\/td>\n<\/tr>\n<\/tbody>\n<\/table>\n<\/li>\n<\/ul>","protected":false},"excerpt":{"rendered":"<p>Gazebo de metal para patio: manteni\u00e9ndote fresco, seco y fuera de los rayos UV, nuestro cenador de metal con tapa<\/p>","protected":false},"featured_media":19331,"template":"","meta":[],"product_brand":[],"product_cat":[78],"product_tag":[79],"product_country":[1505],"class_list":{"0":"post-8174","1":"product","2":"type-product","3":"status-publish","4":"has-post-thumbnail","6":"product_cat-gazebos-pergolas","7":"product_tag-gazebos-pergolas","8":"product_country-spain","10":"first","11":"instock","12":"sale","13":"taxable","14":"shipping-taxable","15":"purchasable","16":"product-type-simple"},"_links":{"self":[{"href":"https:\/\/routinesfashione.com\/es\/wp-json\/wp\/v2\/product\/8174","targetHints":{"allow":["GET"]}}],"collection":[{"href":"https:\/\/routinesfashione.com\/es\/wp-json\/wp\/v2\/product"}],"about":[{"href":"https:\/\/routinesfashione.com\/es\/wp-json\/wp\/v2\/types\/product"}],"wp:featuredmedia":[{"embeddable":true,"href":"https:\/\/routinesfashione.com\/es\/wp-json\/wp\/v2\/media\/19331"}],"wp:attachment":[{"href":"https:\/\/routinesfashione.com\/es\/wp-json\/wp\/v2\/media?parent=8174"}],"wp:term":[{"taxonomy":"product_brand","embeddable":true,"href":"https:\/\/routinesfashione.com\/es\/wp-json\/wp\/v2\/product_brand?post=8174"},{"taxonomy":"product_cat","embeddable":true,"href":"https:\/\/routinesfashione.com\/es\/wp-json\/wp\/v2\/product_cat?post=8174"},{"taxonomy":"product_tag","embeddable":true,"href":"https:\/\/routinesfashione.com\/es\/wp-json\/wp\/v2\/product_tag?post=8174"},{"taxonomy":"product_country","embeddable":true,"href":"https:\/\/routinesfashione.com\/es\/wp-json\/wp\/v2\/product_country?post=8174"}],"curies":[{"name":"wp","href":"https:\/\/api.w.org\/{rel}","templated":true}]}}