{"id":917,"date":"2025-09-30T20:53:40","date_gmt":"2025-09-30T20:53:40","guid":{"rendered":"https:\/\/lightgray-crow-170497.hostingersite.com\/?post_type=product&#038;p=917"},"modified":"2025-09-30T20:53:40","modified_gmt":"2025-09-30T20:53:40","slug":"tondeuse-a-batterie-stihl-rma-248-3t","status":"publish","type":"product","link":"https:\/\/routinesfashione.com\/es\/produit\/tondeuse-a-batterie-stihl-rma-248-3t\/","title":{"rendered":"Tondeuse \u00e0 batterie Stihl RMA 248.3T"},"content":{"rendered":"<p>Puissante, silencieuse et maniable, la tondeuse \u00e0 batterie RMA 248 T\u00a0est id\u00e9ale pour les petits jardins dans les zones r\u00e9sidentielles.<\/p>\n<ul>\n<li><strong>Largeur de coupe<\/strong>\u00a0: 46 cm.<\/li>\n<li><strong>Tondeuse 4-en-1<\/strong>\u00a0via les 4 modes de tonte disponibles : ramassage, \u00e9jection arri\u00e8re, \u00e9jection lat\u00e9rale ou mulching (obturateur et d\u00e9flecteur fournis et installables facilement).<\/li>\n<li><strong>Entra\u00eenement des roues \u00e0 1 vitesse\u00a0pour un plus grand confort de tonte<\/strong>\u00a0: il facilite la tonte, en particulier dans les pentes.<\/li>\n<li><strong>R\u00e9glage centralis\u00e9 de la hauteur de coupe<\/strong>\u00a0: permet de r\u00e9gler facilement la hauteur de coupe selon 7 niveaux, entre 20 et 100 mm.<\/li>\n<li><strong>Guidon EasyBac pratique<\/strong>\u00a0: ce guidon ergonomique \u00e0 un bras se r\u00e8gle rapidement \u00e0 la taille de l\u2019utilisateur. Rabattable, il facilite l\u2019acc\u00e8s au bac de ramassage et le rangement.<\/li>\n<li><strong>Lame multifonction<\/strong>\u00a0: quel que soit le mode de tonte s\u00e9lectionn\u00e9, elle garantit une tonte efficace, pr\u00e9cise et uniforme de la pelouse ainsi qu\u2019un remplissage optimal du bac de ramassage.<\/li>\n<li><strong>Bac de ramassage brevet\u00e9 avec t\u00e9moin de remplissage\u00a0<\/strong>: d\u2019une contenance de 52 litres. Le t\u00e9moin du niveau de remplissage vous indique quand il est temps de le vider.<\/li>\n<li><strong>Roues arri\u00e8res crant\u00e9es<\/strong>\u00a0: pour une meilleure adh\u00e9rence dans les pentes, tout en conservant l&#8217;entra\u00eenement.<\/li>\n<li>Carter en acier robuste et durable.<\/li>\n<\/ul>\n<p><strong>Livr\u00e9e avec batterie AK 30 S et chargeur standard AL 101.\u00a0<\/strong>Les batteries et chargeurs compatibles peuvent servir pour les autres produits \u00e0 batterie AK SYSTEM STIHL.<\/p>\n<table data-test-id=\"pdp-spec-tech-table\">\n<tbody>\n<tr>\n<td>Puissance nominale<\/td>\n<td>1200 W<\/td>\n<\/tr>\n<tr>\n<td>Gamme Lithium-Ion<\/td>\n<td>AK<\/td>\n<\/tr>\n<tr>\n<td>Entra\u00eenement<\/td>\n<td>3,5 km\/h<\/td>\n<\/tr>\n<tr>\n<td>Type de pile<\/td>\n<td>Lithium-Ion<\/td>\n<\/tr>\n<tr>\n<td>Poids de l\u2019appareil sans batterie<\/td>\n<td>29 kg<\/td>\n<\/tr>\n<\/tbody>\n<\/table>","protected":false},"excerpt":{"rendered":"<p>Puissante, silencieuse et maniable, la tondeuse \u00e0 batterie RMA 248 T\u00a0est id\u00e9ale pour les petits jardins dans les zones r\u00e9sidentielles.<\/p>","protected":false},"featured_media":13469,"template":"","meta":[],"product_brand":[],"product_cat":[61],"product_tag":[],"product_country":[1503],"class_list":{"0":"post-917","1":"product","2":"type-product","3":"status-publish","4":"has-post-thumbnail","6":"product_cat-sale-france","7":"product_country-france","9":"first","10":"instock","11":"sale","12":"taxable","13":"shipping-taxable","14":"purchasable","15":"product-type-simple"},"_links":{"self":[{"href":"https:\/\/routinesfashione.com\/es\/wp-json\/wp\/v2\/product\/917","targetHints":{"allow":["GET"]}}],"collection":[{"href":"https:\/\/routinesfashione.com\/es\/wp-json\/wp\/v2\/product"}],"about":[{"href":"https:\/\/routinesfashione.com\/es\/wp-json\/wp\/v2\/types\/product"}],"wp:featuredmedia":[{"embeddable":true,"href":"https:\/\/routinesfashione.com\/es\/wp-json\/wp\/v2\/media\/13469"}],"wp:attachment":[{"href":"https:\/\/routinesfashione.com\/es\/wp-json\/wp\/v2\/media?parent=917"}],"wp:term":[{"taxonomy":"product_brand","embeddable":true,"href":"https:\/\/routinesfashione.com\/es\/wp-json\/wp\/v2\/product_brand?post=917"},{"taxonomy":"product_cat","embeddable":true,"href":"https:\/\/routinesfashione.com\/es\/wp-json\/wp\/v2\/product_cat?post=917"},{"taxonomy":"product_tag","embeddable":true,"href":"https:\/\/routinesfashione.com\/es\/wp-json\/wp\/v2\/product_tag?post=917"},{"taxonomy":"product_country","embeddable":true,"href":"https:\/\/routinesfashione.com\/es\/wp-json\/wp\/v2\/product_country?post=917"}],"curies":[{"name":"wp","href":"https:\/\/api.w.org\/{rel}","templated":true}]}}